{"id":6834,"date":"2024-06-19T05:45:27","date_gmt":"2024-06-19T03:45:27","guid":{"rendered":"https:\/\/welterbe-grumsin.de\/swimming-in-the-region\/"},"modified":"2026-02-12T10:50:37","modified_gmt":"2026-02-12T09:50:37","slug":"swimming-in-the-region","status":"publish","type":"page","link":"https:\/\/welterbe-grumsin.de\/en\/swimming-in-the-region\/","title":{"rendered":"Swimming in the region"},"content":{"rendered":"\t\t<div data-elementor-type=\"wp-page\" data-elementor-id=\"6834\" class=\"elementor elementor-6834 elementor-179\" data-elementor-post-type=\"page\">\n\t\t\t\t<div class=\"elementor-element elementor-element-8433eb2 e-flex e-con-boxed e-con e-parent\" data-id=\"8433eb2\" data-element_type=\"container\" data-e-type=\"container\">\n\t\t\t\t\t<div class=\"e-con-inner\">\n\t\t<div class=\"elementor-element elementor-element-23fc317 e-con-full e-flex e-con e-child\" data-id=\"23fc317\" data-element_type=\"container\" data-e-type=\"container\">\n\t\t\t\t<div class=\"elementor-element elementor-element-8e545d3 elementor-widget elementor-widget-heading\" data-id=\"8e545d3\" data-element_type=\"widget\" data-e-type=\"widget\" data-widget_type=\"heading.default\">\n\t\t\t\t<div class=\"elementor-widget-container\">\n\t\t\t\t\t<h1 class=\"elementor-heading-title elementor-size-default\">Swimming in the region<\/h1>\t\t\t\t<\/div>\n\t\t\t\t<\/div>\n\t\t\t\t<\/div>\n\t\t<div class=\"elementor-element elementor-element-2617810 e-con-full e-flex e-con e-child\" data-id=\"2617810\" data-element_type=\"container\" data-e-type=\"container\">\n\t\t\t\t<div class=\"elementor-element elementor-element-cf0b776 elementor-widget elementor-widget-text-editor\" data-id=\"cf0b776\" data-element_type=\"widget\" data-e-type=\"widget\" data-widget_type=\"text-editor.default\">\n\t\t\t\t<div class=\"elementor-widget-container\">\n\t\t\t\t\t\t\t\t\t<p>It&#8217;s not just the trees that need water in summer. Especially on hot days, people also love a dip in cool water, also during a hike in the Grumsin Beech Forest. While the forest is home to five beautiful lakes, perfect for gazing at, please note that <strong>swimming is strictly prohibited within the World Heritage site<\/strong>.  <\/p><p>The <a href=\"https:\/\/welterbe-grumsin.de\/en\/excursion-destinations\/\">lido at Wolletzsee<\/a> is more suitable for this. It is about an hour&#8217;s walk from the <a href=\"https:\/\/louisenhof2.de\" target=\"_blank\" rel=\"noopener\">Louisenhof gallery and studio<\/a>, or seven minutes by bus (from Altk\u00fcnkendorf Mitte with the 452 to Angerm\u00fcnde, Gehegem\u00fchle), and nine minutes by car from the information point in Altk\u00fcnkendorf. Here you can stock up on chilled drinks and food.  <\/p>\t\t\t\t\t\t\t\t<\/div>\n\t\t\t\t<\/div>\n\t\t\t\t<\/div>\n\t\t<div class=\"elementor-element elementor-element-d3dddda e-con-full e-flex e-con e-child\" data-id=\"d3dddda\" data-element_type=\"container\" data-e-type=\"container\">\n\t\t\t\t<div class=\"elementor-element elementor-element-d420073 elementor-widget elementor-widget-image\" data-id=\"d420073\" data-element_type=\"widget\" data-e-type=\"widget\" data-widget_type=\"image.default\">\n\t\t\t\t<div class=\"elementor-widget-container\">\n\t\t\t\t\t\t\t\t\t\t\t\t\t\t\t<img fetchpriority=\"high\" decoding=\"async\" width=\"800\" height=\"534\" src=\"https:\/\/welterbe-grumsin.de\/wp-content\/uploads\/2024\/09\/IMG_4426-1024x683.jpg\" class=\"attachment-large size-large wp-image-5969\" alt=\"\" srcset=\"https:\/\/welterbe-grumsin.de\/wp-content\/uploads\/2024\/09\/IMG_4426-1024x683.jpg 1024w, https:\/\/welterbe-grumsin.de\/wp-content\/uploads\/2024\/09\/IMG_4426-300x200.jpg 300w, https:\/\/welterbe-grumsin.de\/wp-content\/uploads\/2024\/09\/IMG_4426-768x512.jpg 768w, https:\/\/welterbe-grumsin.de\/wp-content\/uploads\/2024\/09\/IMG_4426-1536x1024.jpg 1536w, https:\/\/welterbe-grumsin.de\/wp-content\/uploads\/2024\/09\/IMG_4426-2048x1365.jpg 2048w\" sizes=\"(max-width: 800px) 100vw, 800px\" \/>\t\t\t\t\t\t\t\t\t\t\t\t\t\t\t<\/div>\n\t\t\t\t<\/div>\n\t\t\t\t<\/div>\n\t\t\t\t\t<\/div>\n\t\t\t\t<\/div>\n\t\t\t\t<\/div>\n\t\t","protected":false},"excerpt":{"rendered":"<p>Swimming in the region It&#8217;s not just the trees that need water in summer. Especially on hot days, people also love a dip in cool water, also during a hike in the Grumsin Beech Forest. While the forest is home to five beautiful lakes, perfect for gazing at, please note that swimming is strictly prohibited [&hellip;]<\/p>\n","protected":false},"author":1,"featured_media":6007,"parent":0,"menu_order":0,"comment_status":"closed","ping_status":"closed","template":"","meta":{"_acf_changed":false,"inline_featured_image":false,"footnotes":""},"class_list":["post-6834","page","type-page","status-publish","has-post-thumbnail","hentry"],"acf":[],"yoast_head":"<!-- This site is optimized with the Yoast SEO plugin v27.4 - https:\/\/yoast.com\/product\/yoast-seo-wordpress\/ -->\n<title>Swimming in the region - Infopunkt Weltnaturerbe Brandenburgs UNESCO<\/title>\n<meta name=\"description\" content=\"Hike in the Grumsin Beech Forest, swimming prohibited. Cool off near the circular hiking trail Orange Beech Leaf at Wolletzsee beach.\" \/>\n<meta name=\"robots\" content=\"index, follow, max-snippet:-1, max-image-preview:large, max-video-preview:-1\" \/>\n<link rel=\"canonical\" href=\"https:\/\/welterbe-grumsin.de\/en\/swimming-in-the-region\/\" \/>\n<meta property=\"og:locale\" content=\"en_US\" \/>\n<meta property=\"og:type\" content=\"article\" \/>\n<meta property=\"og:title\" content=\"Swimming in the region - Infopunkt Weltnaturerbe Brandenburgs UNESCO\" \/>\n<meta property=\"og:description\" content=\"Hike in the Grumsin Beech Forest, swimming prohibited. Cool off near the circular hiking trail Orange Beech Leaf at Wolletzsee beach.\" \/>\n<meta property=\"og:url\" content=\"https:\/\/welterbe-grumsin.de\/en\/swimming-in-the-region\/\" \/>\n<meta property=\"og:site_name\" content=\"Infopunkt Weltnaturerbe Brandenburgs UNESCO\" \/>\n<meta property=\"article:modified_time\" content=\"2026-02-12T09:50:37+00:00\" \/>\n<meta property=\"og:image\" content=\"https:\/\/welterbe-grumsin.de\/wp-content\/uploads\/2024\/09\/baden-nicht-gestattet-beitragsbild.jpg\" \/>\n\t<meta property=\"og:image:width\" content=\"1024\" \/>\n\t<meta property=\"og:image:height\" content=\"683\" \/>\n\t<meta property=\"og:image:type\" content=\"image\/jpeg\" \/>\n<meta name=\"twitter:card\" content=\"summary_large_image\" \/>\n<meta name=\"twitter:label1\" content=\"Est. reading time\" \/>\n\t<meta name=\"twitter:data1\" content=\"1 minute\" \/>\n<script type=\"application\/ld+json\" class=\"yoast-schema-graph\">{\"@context\":\"https:\\\/\\\/schema.org\",\"@graph\":[{\"@type\":\"WebPage\",\"@id\":\"https:\\\/\\\/welterbe-grumsin.de\\\/en\\\/swimming-in-the-region\\\/\",\"url\":\"https:\\\/\\\/welterbe-grumsin.de\\\/en\\\/swimming-in-the-region\\\/\",\"name\":\"Swimming in the region - Infopunkt Weltnaturerbe Brandenburgs UNESCO\",\"isPartOf\":{\"@id\":\"https:\\\/\\\/welterbe-grumsin.de\\\/en\\\/#website\"},\"primaryImageOfPage\":{\"@id\":\"https:\\\/\\\/welterbe-grumsin.de\\\/en\\\/swimming-in-the-region\\\/#primaryimage\"},\"image\":{\"@id\":\"https:\\\/\\\/welterbe-grumsin.de\\\/en\\\/swimming-in-the-region\\\/#primaryimage\"},\"thumbnailUrl\":\"https:\\\/\\\/welterbe-grumsin.de\\\/wp-content\\\/uploads\\\/2024\\\/09\\\/baden-nicht-gestattet-beitragsbild.jpg\",\"datePublished\":\"2024-06-19T03:45:27+00:00\",\"dateModified\":\"2026-02-12T09:50:37+00:00\",\"description\":\"Hike in the Grumsin Beech Forest, swimming prohibited. Cool off near the circular hiking trail Orange Beech Leaf at Wolletzsee beach.\",\"breadcrumb\":{\"@id\":\"https:\\\/\\\/welterbe-grumsin.de\\\/en\\\/swimming-in-the-region\\\/#breadcrumb\"},\"inLanguage\":\"en-US\",\"potentialAction\":[{\"@type\":\"ReadAction\",\"target\":[\"https:\\\/\\\/welterbe-grumsin.de\\\/en\\\/swimming-in-the-region\\\/\"]}]},{\"@type\":\"ImageObject\",\"inLanguage\":\"en-US\",\"@id\":\"https:\\\/\\\/welterbe-grumsin.de\\\/en\\\/swimming-in-the-region\\\/#primaryimage\",\"url\":\"https:\\\/\\\/welterbe-grumsin.de\\\/wp-content\\\/uploads\\\/2024\\\/09\\\/baden-nicht-gestattet-beitragsbild.jpg\",\"contentUrl\":\"https:\\\/\\\/welterbe-grumsin.de\\\/wp-content\\\/uploads\\\/2024\\\/09\\\/baden-nicht-gestattet-beitragsbild.jpg\",\"width\":1024,\"height\":683,\"caption\":\"Quelle: Flade\"},{\"@type\":\"BreadcrumbList\",\"@id\":\"https:\\\/\\\/welterbe-grumsin.de\\\/en\\\/swimming-in-the-region\\\/#breadcrumb\",\"itemListElement\":[{\"@type\":\"ListItem\",\"position\":1,\"name\":\"Startseite\",\"item\":\"https:\\\/\\\/welterbe-grumsin.de\\\/en\\\/homesite\\\/\"},{\"@type\":\"ListItem\",\"position\":2,\"name\":\"Swimming in the region\"}]},{\"@type\":\"WebSite\",\"@id\":\"https:\\\/\\\/welterbe-grumsin.de\\\/en\\\/#website\",\"url\":\"https:\\\/\\\/welterbe-grumsin.de\\\/en\\\/\",\"name\":\"welterbe-grumsin\",\"description\":\"Buchenwald Grumsin - Brandenburgs einziges UNESCO-Weltnaturerbe\",\"publisher\":{\"@id\":\"https:\\\/\\\/welterbe-grumsin.de\\\/en\\\/#organization\"},\"potentialAction\":[{\"@type\":\"SearchAction\",\"target\":{\"@type\":\"EntryPoint\",\"urlTemplate\":\"https:\\\/\\\/welterbe-grumsin.de\\\/en\\\/?s={search_term_string}\"},\"query-input\":{\"@type\":\"PropertyValueSpecification\",\"valueRequired\":true,\"valueName\":\"search_term_string\"}}],\"inLanguage\":\"en-US\"},{\"@type\":\"Organization\",\"@id\":\"https:\\\/\\\/welterbe-grumsin.de\\\/en\\\/#organization\",\"name\":\"Infopunkt Weltnaturerbe Brandenburgs UNESCO\",\"url\":\"https:\\\/\\\/welterbe-grumsin.de\\\/en\\\/\",\"logo\":{\"@type\":\"ImageObject\",\"inLanguage\":\"en-US\",\"@id\":\"https:\\\/\\\/welterbe-grumsin.de\\\/en\\\/#\\\/schema\\\/logo\\\/image\\\/\",\"url\":\"https:\\\/\\\/welterbe-grumsin.de\\\/wp-content\\\/uploads\\\/2024\\\/06\\\/weltnaturerbe_logo.svg\",\"contentUrl\":\"https:\\\/\\\/welterbe-grumsin.de\\\/wp-content\\\/uploads\\\/2024\\\/06\\\/weltnaturerbe_logo.svg\",\"width\":204,\"height\":273,\"caption\":\"Infopunkt Weltnaturerbe Brandenburgs UNESCO\"},\"image\":{\"@id\":\"https:\\\/\\\/welterbe-grumsin.de\\\/en\\\/#\\\/schema\\\/logo\\\/image\\\/\"}}]}<\/script>\n<!-- \/ Yoast SEO plugin. -->","yoast_head_json":{"title":"Swimming in the region - Infopunkt Weltnaturerbe Brandenburgs UNESCO","description":"Hike in the Grumsin Beech Forest, swimming prohibited. Cool off near the circular hiking trail Orange Beech Leaf at Wolletzsee beach.","robots":{"index":"index","follow":"follow","max-snippet":"max-snippet:-1","max-image-preview":"max-image-preview:large","max-video-preview":"max-video-preview:-1"},"canonical":"https:\/\/welterbe-grumsin.de\/en\/swimming-in-the-region\/","og_locale":"en_US","og_type":"article","og_title":"Swimming in the region - Infopunkt Weltnaturerbe Brandenburgs UNESCO","og_description":"Hike in the Grumsin Beech Forest, swimming prohibited. Cool off near the circular hiking trail Orange Beech Leaf at Wolletzsee beach.","og_url":"https:\/\/welterbe-grumsin.de\/en\/swimming-in-the-region\/","og_site_name":"Infopunkt Weltnaturerbe Brandenburgs UNESCO","article_modified_time":"2026-02-12T09:50:37+00:00","og_image":[{"width":1024,"height":683,"url":"https:\/\/welterbe-grumsin.de\/wp-content\/uploads\/2024\/09\/baden-nicht-gestattet-beitragsbild.jpg","type":"image\/jpeg"}],"twitter_card":"summary_large_image","twitter_misc":{"Est. reading time":"1 minute"},"schema":{"@context":"https:\/\/schema.org","@graph":[{"@type":"WebPage","@id":"https:\/\/welterbe-grumsin.de\/en\/swimming-in-the-region\/","url":"https:\/\/welterbe-grumsin.de\/en\/swimming-in-the-region\/","name":"Swimming in the region - Infopunkt Weltnaturerbe Brandenburgs UNESCO","isPartOf":{"@id":"https:\/\/welterbe-grumsin.de\/en\/#website"},"primaryImageOfPage":{"@id":"https:\/\/welterbe-grumsin.de\/en\/swimming-in-the-region\/#primaryimage"},"image":{"@id":"https:\/\/welterbe-grumsin.de\/en\/swimming-in-the-region\/#primaryimage"},"thumbnailUrl":"https:\/\/welterbe-grumsin.de\/wp-content\/uploads\/2024\/09\/baden-nicht-gestattet-beitragsbild.jpg","datePublished":"2024-06-19T03:45:27+00:00","dateModified":"2026-02-12T09:50:37+00:00","description":"Hike in the Grumsin Beech Forest, swimming prohibited. Cool off near the circular hiking trail Orange Beech Leaf at Wolletzsee beach.","breadcrumb":{"@id":"https:\/\/welterbe-grumsin.de\/en\/swimming-in-the-region\/#breadcrumb"},"inLanguage":"en-US","potentialAction":[{"@type":"ReadAction","target":["https:\/\/welterbe-grumsin.de\/en\/swimming-in-the-region\/"]}]},{"@type":"ImageObject","inLanguage":"en-US","@id":"https:\/\/welterbe-grumsin.de\/en\/swimming-in-the-region\/#primaryimage","url":"https:\/\/welterbe-grumsin.de\/wp-content\/uploads\/2024\/09\/baden-nicht-gestattet-beitragsbild.jpg","contentUrl":"https:\/\/welterbe-grumsin.de\/wp-content\/uploads\/2024\/09\/baden-nicht-gestattet-beitragsbild.jpg","width":1024,"height":683,"caption":"Quelle: Flade"},{"@type":"BreadcrumbList","@id":"https:\/\/welterbe-grumsin.de\/en\/swimming-in-the-region\/#breadcrumb","itemListElement":[{"@type":"ListItem","position":1,"name":"Startseite","item":"https:\/\/welterbe-grumsin.de\/en\/homesite\/"},{"@type":"ListItem","position":2,"name":"Swimming in the region"}]},{"@type":"WebSite","@id":"https:\/\/welterbe-grumsin.de\/en\/#website","url":"https:\/\/welterbe-grumsin.de\/en\/","name":"welterbe-grumsin","description":"Buchenwald Grumsin - Brandenburgs einziges UNESCO-Weltnaturerbe","publisher":{"@id":"https:\/\/welterbe-grumsin.de\/en\/#organization"},"potentialAction":[{"@type":"SearchAction","target":{"@type":"EntryPoint","urlTemplate":"https:\/\/welterbe-grumsin.de\/en\/?s={search_term_string}"},"query-input":{"@type":"PropertyValueSpecification","valueRequired":true,"valueName":"search_term_string"}}],"inLanguage":"en-US"},{"@type":"Organization","@id":"https:\/\/welterbe-grumsin.de\/en\/#organization","name":"Infopunkt Weltnaturerbe Brandenburgs UNESCO","url":"https:\/\/welterbe-grumsin.de\/en\/","logo":{"@type":"ImageObject","inLanguage":"en-US","@id":"https:\/\/welterbe-grumsin.de\/en\/#\/schema\/logo\/image\/","url":"https:\/\/welterbe-grumsin.de\/wp-content\/uploads\/2024\/06\/weltnaturerbe_logo.svg","contentUrl":"https:\/\/welterbe-grumsin.de\/wp-content\/uploads\/2024\/06\/weltnaturerbe_logo.svg","width":204,"height":273,"caption":"Infopunkt Weltnaturerbe Brandenburgs UNESCO"},"image":{"@id":"https:\/\/welterbe-grumsin.de\/en\/#\/schema\/logo\/image\/"}}]}},"_links":{"self":[{"href":"https:\/\/welterbe-grumsin.de\/en\/wp-json\/wp\/v2\/pages\/6834","targetHints":{"allow":["GET"]}}],"collection":[{"href":"https:\/\/welterbe-grumsin.de\/en\/wp-json\/wp\/v2\/pages"}],"about":[{"href":"https:\/\/welterbe-grumsin.de\/en\/wp-json\/wp\/v2\/types\/page"}],"author":[{"embeddable":true,"href":"https:\/\/welterbe-grumsin.de\/en\/wp-json\/wp\/v2\/users\/1"}],"replies":[{"embeddable":true,"href":"https:\/\/welterbe-grumsin.de\/en\/wp-json\/wp\/v2\/comments?post=6834"}],"version-history":[{"count":8,"href":"https:\/\/welterbe-grumsin.de\/en\/wp-json\/wp\/v2\/pages\/6834\/revisions"}],"predecessor-version":[{"id":8371,"href":"https:\/\/welterbe-grumsin.de\/en\/wp-json\/wp\/v2\/pages\/6834\/revisions\/8371"}],"wp:featuredmedia":[{"embeddable":true,"href":"https:\/\/welterbe-grumsin.de\/en\/wp-json\/wp\/v2\/media\/6007"}],"wp:attachment":[{"href":"https:\/\/welterbe-grumsin.de\/en\/wp-json\/wp\/v2\/media?parent=6834"}],"curies":[{"name":"wp","href":"https:\/\/api.w.org\/{rel}","templated":true}]}}