{"id":6856,"date":"2024-06-19T05:54:59","date_gmt":"2024-06-19T03:54:59","guid":{"rendered":"https:\/\/welterbe-grumsin.de\/support-the-info-point\/"},"modified":"2025-03-04T09:03:37","modified_gmt":"2025-03-04T08:03:37","slug":"support-the-info-point","status":"publish","type":"page","link":"https:\/\/welterbe-grumsin.de\/en\/support-the-info-point\/","title":{"rendered":"Support the Info Point"},"content":{"rendered":"\t\t<div data-elementor-type=\"wp-page\" data-elementor-id=\"6856\" class=\"elementor elementor-6856 elementor-232\" data-elementor-post-type=\"page\">\n\t\t\t\t<div class=\"elementor-element elementor-element-db1325f e-flex e-con-boxed e-con e-parent\" data-id=\"db1325f\" data-element_type=\"container\" data-e-type=\"container\">\n\t\t\t\t\t<div class=\"e-con-inner\">\n\t\t\t\t<div class=\"elementor-element elementor-element-5b5d8c1 elementor-widget elementor-widget-heading\" data-id=\"5b5d8c1\" data-element_type=\"widget\" data-e-type=\"widget\" data-widget_type=\"heading.default\">\n\t\t\t\t<div class=\"elementor-widget-container\">\n\t\t\t\t\t<h1 class=\"elementor-heading-title elementor-size-default\">Support the Altk\u00fcnkendorf Info Point<\/h1>\t\t\t\t<\/div>\n\t\t\t\t<\/div>\n\t\t\t\t\t<\/div>\n\t\t\t\t<\/div>\n\t\t<div class=\"elementor-element elementor-element-921ce62 e-flex e-con-boxed e-con e-parent\" data-id=\"921ce62\" data-element_type=\"container\" data-e-type=\"container\">\n\t\t\t\t\t<div class=\"e-con-inner\">\n\t\t<div class=\"elementor-element elementor-element-5fdbaf0 e-con-full e-flex e-con e-child\" data-id=\"5fdbaf0\" data-element_type=\"container\" data-e-type=\"container\">\n\t\t\t\t<div class=\"elementor-element elementor-element-f0cd7d0 elementor-widget elementor-widget-text-editor\" data-id=\"f0cd7d0\" data-element_type=\"widget\" data-e-type=\"widget\" data-widget_type=\"text-editor.default\">\n\t\t\t\t<div class=\"elementor-widget-container\">\n\t\t\t\t\t\t\t\t\t<div class=\"elementor-element elementor-element-70b1ecd e-flex e-con-boxed e-con e-parent e-lazyloaded\" data-id=\"70b1ecd\" data-element_type=\"container\">\n<div class=\"e-con-inner\">\n<div class=\"elementor-element elementor-element-4f85c71 elementor-widget elementor-widget-heading\" data-id=\"4f85c71\" data-element_type=\"widget\" data-widget_type=\"heading.default\">\n<div class=\"elementor-widget-container\">\n<h2 class=\"elementor-heading-title elementor-size-default\">Become a member.<\/h2>\n<\/div>\n<\/div>\n<\/div>\n<\/div>\n<div class=\"elementor-element elementor-element-e3c8fd0 e-flex e-con-boxed e-con e-parent e-lazyloaded\" data-id=\"e3c8fd0\" data-element_type=\"container\">\n<div class=\"e-con-inner\">\n<div class=\"elementor-element elementor-element-46f7eab e-con-full e-flex e-con e-child\" data-id=\"46f7eab\" data-element_type=\"container\">\n<div class=\"elementor-element elementor-element-a3502ef elementor-widget elementor-widget-text-editor\" data-id=\"a3502ef\" data-element_type=\"widget\" data-widget_type=\"text-editor.default\">\n<div class=\"elementor-widget-container\">\n<p>The Kultur- und Heimatverein Altk\u00fcnkendorf e.V., as a strategic partner together with the city of Angerm\u00fcnde, is responsible for operating the Altk\u00fcnkendorf Info Point and addressing all matters related to the Beech Forest Grumsin that concern the village of Altk\u00fcnkendorf. Thanks to years of dedicated volunteer efforts, it is possible to keep the Info Point open with its exhibition and to guide visitors to the Altk\u00fcnkendorf church tower. <\/p>\n<\/div>\n<p>In addition to running the info point, the association pursues the following goals:<\/p>\n<ul>\n<li>\n<p>promoting the village community and researching the history of the village; <\/p>\n<\/li>\n<li>\n<p>Activities and measures to preserve the environment, nature conservation, environmental education and cultural heritage in the Altk\u00fcnkendorf district; <\/p>\n<\/li>\n<li>\n<p>cultural and sporting activities for senior citizens, children and young people in the district; <\/p>\n<\/li>\n<li>\n<p>organizing festivals and celebrations as part of local customs; <\/p>\n<\/li>\n<li>\n<p>the support of the Altk\u00fcnkendorf fire-fighting group of the volunteer fire department; <\/p>\n<\/li>\n<li>\n<p>Maintaining the traditions of the district. <\/p>\n<\/li>\n<\/ul>\n<div class=\"elementor-widget-container\">\n<p>If you would also like to get actively involved, you can support our info point or our local association on a voluntary basis. <\/p>\n<p>We are happy about every new club member!<\/p>\n<p>If you are interested in membership, please contact us via<a href=\"mailto:info@kuhv-akd.de\" target=\"_blank\" rel=\"noopener\"> Email<\/a>.<\/p>\n<\/div>\n<\/div>\n<\/div>\n<\/div>\n<\/div>\n\t\t\t\t\t\t\t\t<\/div>\n\t\t\t\t<\/div>\n\t\t\t\t<\/div>\n\t\t<div class=\"elementor-element elementor-element-330705f e-con-full e-flex e-con e-child\" data-id=\"330705f\" data-element_type=\"container\" data-e-type=\"container\">\n\t\t\t\t<div class=\"elementor-element elementor-element-07aa88e elementor-widget elementor-widget-image\" data-id=\"07aa88e\" data-element_type=\"widget\" data-e-type=\"widget\" data-widget_type=\"image.default\">\n\t\t\t\t<div class=\"elementor-widget-container\">\n\t\t\t\t\t\t\t\t\t\t\t\t<figure class=\"wp-caption\">\n\t\t\t\t\t\t\t\t\t\t\t<a href=\"https:\/\/welterbe-grumsin.de\/infopunkt\/\">\n\t\t\t\t\t\t\t<img fetchpriority=\"high\" decoding=\"async\" width=\"800\" height=\"534\" src=\"https:\/\/welterbe-grumsin.de\/wp-content\/uploads\/2024\/09\/infopunkt-altkuenkendorf-weltnatuerbe-grumsin.jpg\" class=\"attachment-large size-large wp-image-6117\" alt=\"\" srcset=\"https:\/\/welterbe-grumsin.de\/wp-content\/uploads\/2024\/09\/infopunkt-altkuenkendorf-weltnatuerbe-grumsin.jpg 1024w, https:\/\/welterbe-grumsin.de\/wp-content\/uploads\/2024\/09\/infopunkt-altkuenkendorf-weltnatuerbe-grumsin-300x200.jpg 300w, https:\/\/welterbe-grumsin.de\/wp-content\/uploads\/2024\/09\/infopunkt-altkuenkendorf-weltnatuerbe-grumsin-768x512.jpg 768w\" sizes=\"(max-width: 800px) 100vw, 800px\" \/>\t\t\t\t\t\t\t\t<\/a>\n\t\t\t\t\t\t\t\t\t\t\t<figcaption class=\"widget-image-caption wp-caption-text\">Altk\u00fcnkendorf Info Point<\/figcaption>\n\t\t\t\t\t\t\t\t\t\t<\/figure>\n\t\t\t\t\t\t\t\t\t<\/div>\n\t\t\t\t<\/div>\n\t\t\t\t<\/div>\n\t\t\t\t\t<\/div>\n\t\t\t\t<\/div>\n\t\t<div class=\"elementor-element elementor-element-1857bfa e-flex e-con-boxed e-con e-parent\" data-id=\"1857bfa\" data-element_type=\"container\" data-e-type=\"container\">\n\t\t\t\t\t<div class=\"e-con-inner\">\n\t\t<div class=\"elementor-element elementor-element-f907ae4 e-con-full e-flex e-con e-child\" data-id=\"f907ae4\" data-element_type=\"container\" data-e-type=\"container\">\n\t\t\t\t<div class=\"elementor-element elementor-element-8d5564d elementor-widget elementor-widget-text-editor\" data-id=\"8d5564d\" data-element_type=\"widget\" data-e-type=\"widget\" data-widget_type=\"text-editor.default\">\n\t\t\t\t<div class=\"elementor-widget-container\">\n\t\t\t\t\t\t\t\t\t<div class=\"elementor-element elementor-element-70b1ecd e-flex e-con-boxed e-con e-parent e-lazyloaded\" data-id=\"70b1ecd\" data-element_type=\"container\">\n<div class=\"e-con-inner\">\n<div class=\"elementor-element elementor-element-4f85c71 elementor-widget elementor-widget-heading\" data-id=\"4f85c71\" data-element_type=\"widget\" data-widget_type=\"heading.default\">\n<div class=\"elementor-widget-container\">\n<h3 class=\"elementor-heading-title elementor-size-default\">Contact<\/h3>\n<\/div>\n<\/div>\n<\/div>\n<\/div>\n<div class=\"elementor-element elementor-element-e3c8fd0 e-flex e-con-boxed e-con e-parent e-lazyloaded\" data-id=\"e3c8fd0\" data-element_type=\"container\">\n<div class=\"e-con-inner\">\n<div class=\"elementor-element elementor-element-46f7eab e-con-full e-flex e-con e-child\" data-id=\"46f7eab\" data-element_type=\"container\">\n<div class=\"elementor-element elementor-element-a3502ef elementor-widget elementor-widget-text-editor\" data-id=\"a3502ef\" data-element_type=\"widget\" data-widget_type=\"text-editor.default\">\n<div class=\"elementor-widget-container\">\n<p>Infopunkt Altk\u00fcnkendorf<br \/>UNESCO World Heritage Site Grumsin Beech Forest<br \/>Altk\u00fcnkendorfer Str. 20, 16278 Angerm\u00fcnde<br \/><strong>Info Point phone:<\/strong> 033337 518589<br \/><strong>Management:<\/strong> +49 (0) 1517 0594619<\/p>\n<\/div>\n<\/div>\n<\/div>\n<\/div>\n<\/div>\n\t\t\t\t\t\t\t\t<\/div>\n\t\t\t\t<\/div>\n\t\t\t\t<\/div>\n\t\t<div class=\"elementor-element elementor-element-e9b6913 e-con-full e-flex e-con e-child\" data-id=\"e9b6913\" data-element_type=\"container\" data-e-type=\"container\">\n\t\t\t\t<div class=\"elementor-element elementor-element-01ca7de elementor-widget elementor-widget-image\" data-id=\"01ca7de\" data-element_type=\"widget\" data-e-type=\"widget\" data-widget_type=\"image.default\">\n\t\t\t\t<div class=\"elementor-widget-container\">\n\t\t\t\t\t\t\t\t\t\t\t\t\t\t\t<img decoding=\"async\" width=\"800\" height=\"640\" src=\"https:\/\/welterbe-grumsin.de\/wp-content\/uploads\/2024\/11\/Infopunkt-unterstuetzen-Buchenwald-Grumsin-1024x819.png\" class=\"attachment-large size-large wp-image-6363\" alt=\"\" srcset=\"https:\/\/welterbe-grumsin.de\/wp-content\/uploads\/2024\/11\/Infopunkt-unterstuetzen-Buchenwald-Grumsin-1024x819.png 1024w, https:\/\/welterbe-grumsin.de\/wp-content\/uploads\/2024\/11\/Infopunkt-unterstuetzen-Buchenwald-Grumsin-300x240.png 300w, https:\/\/welterbe-grumsin.de\/wp-content\/uploads\/2024\/11\/Infopunkt-unterstuetzen-Buchenwald-Grumsin-768x614.png 768w, https:\/\/welterbe-grumsin.de\/wp-content\/uploads\/2024\/11\/Infopunkt-unterstuetzen-Buchenwald-Grumsin-1536x1229.png 1536w, https:\/\/welterbe-grumsin.de\/wp-content\/uploads\/2024\/11\/Infopunkt-unterstuetzen-Buchenwald-Grumsin.png 2000w\" sizes=\"(max-width: 800px) 100vw, 800px\" \/>\t\t\t\t\t\t\t\t\t\t\t\t\t\t\t<\/div>\n\t\t\t\t<\/div>\n\t\t\t\t<\/div>\n\t\t\t\t\t<\/div>\n\t\t\t\t<\/div>\n\t\t<div class=\"elementor-element elementor-element-061186e e-flex e-con-boxed e-con e-parent\" data-id=\"061186e\" data-element_type=\"container\" data-e-type=\"container\">\n\t\t\t\t\t<div class=\"e-con-inner\">\n\t\t<div class=\"elementor-element elementor-element-3b0a6a8 e-con-full e-flex e-con e-child\" data-id=\"3b0a6a8\" data-element_type=\"container\" data-e-type=\"container\">\n\t\t\t\t<div class=\"elementor-element elementor-element-8cfced6 elementor-widget elementor-widget-text-editor\" data-id=\"8cfced6\" data-element_type=\"widget\" data-e-type=\"widget\" data-widget_type=\"text-editor.default\">\n\t\t\t\t<div class=\"elementor-widget-container\">\n\t\t\t\t\t\t\t\t\t<div class=\"elementor-element elementor-element-70b1ecd e-flex e-con-boxed e-con e-parent e-lazyloaded\" data-id=\"70b1ecd\" data-element_type=\"container\">\n<div class=\"e-con-inner\">\n<div class=\"elementor-element elementor-element-4f85c71 elementor-widget elementor-widget-heading\" data-id=\"4f85c71\" data-element_type=\"widget\" data-widget_type=\"heading.default\">\n<div class=\"elementor-widget-container\">\n<h2 class=\"elementor-heading-title elementor-size-default\">Support the Info Point and donate<\/h2>\n<\/div>\n<\/div>\n<\/div>\n<\/div>\n<div class=\"elementor-element elementor-element-e3c8fd0 e-flex e-con-boxed e-con e-parent e-lazyloaded\" data-id=\"e3c8fd0\" data-element_type=\"container\">\n<div class=\"e-con-inner\">\n<div class=\"elementor-element elementor-element-46f7eab e-con-full e-flex e-con e-child\" data-id=\"46f7eab\" data-element_type=\"container\">\n<div class=\"elementor-element elementor-element-a3502ef elementor-widget elementor-widget-text-editor\" data-id=\"a3502ef\" data-element_type=\"widget\" data-widget_type=\"text-editor.default\">\n<div class=\"elementor-widget-container\">\n<p>If you would like to financially support the Altk\u00fcnkendorf Info Point and the work for the World Natural Heritage Site Grumsin Beech Forest, you can make a donation to the account of the Kultur- und Heimatverein (Culture and Local Heritage Association):<\/p>\n<p><strong>IBAN:<\/strong>DE52 1705 6060 3624 0182 80<\/p>\n<p> <strong> BIC: <\/strong>WELADED1UMP <br \/><strong>Purpose:<\/strong> Donation for Altk\u00fcnkendorf Info Point<\/p>\n<p>If you require a donation receipt, please send a request by e-mail: <a href=\"mailto:info@kuhv-akd.de\" target=\"_blank\" rel=\"noopener\">info@kuhv-akd.de<\/a><\/p>\n<\/div>\n<\/div>\n<\/div>\n<\/div>\n<\/div>\n\t\t\t\t\t\t\t\t<\/div>\n\t\t\t\t<\/div>\n\t\t\t\t<\/div>\n\t\t<div class=\"elementor-element elementor-element-9787544 e-con-full e-flex e-con e-child\" data-id=\"9787544\" data-element_type=\"container\" data-e-type=\"container\">\n\t\t\t\t<div class=\"elementor-element elementor-element-9d58270 elementor-widget elementor-widget-image\" data-id=\"9d58270\" data-element_type=\"widget\" data-e-type=\"widget\" data-widget_type=\"image.default\">\n\t\t\t\t<div class=\"elementor-widget-container\">\n\t\t\t\t\t\t\t\t\t\t\t\t\t\t\t<img decoding=\"async\" width=\"800\" height=\"534\" src=\"https:\/\/welterbe-grumsin.de\/wp-content\/uploads\/2024\/11\/Spenden-fuer-Buchenwald-Grumsin.jpg\" class=\"attachment-large size-large wp-image-6287\" alt=\"\" srcset=\"https:\/\/welterbe-grumsin.de\/wp-content\/uploads\/2024\/11\/Spenden-fuer-Buchenwald-Grumsin.jpg 1024w, https:\/\/welterbe-grumsin.de\/wp-content\/uploads\/2024\/11\/Spenden-fuer-Buchenwald-Grumsin-300x200.jpg 300w, https:\/\/welterbe-grumsin.de\/wp-content\/uploads\/2024\/11\/Spenden-fuer-Buchenwald-Grumsin-768x512.jpg 768w\" sizes=\"(max-width: 800px) 100vw, 800px\" \/>\t\t\t\t\t\t\t\t\t\t\t\t\t\t\t<\/div>\n\t\t\t\t<\/div>\n\t\t\t\t<\/div>\n\t\t\t\t\t<\/div>\n\t\t\t\t<\/div>\n\t\t\t\t<\/div>\n\t\t","protected":false},"excerpt":{"rendered":"<p>Support the Altk\u00fcnkendorf Info Point Become a member. The Kultur- und Heimatverein Altk\u00fcnkendorf e.V., as a strategic partner together with the city of Angerm\u00fcnde, is responsible for operating the Altk\u00fcnkendorf Info Point and addressing all matters related to the Beech Forest Grumsin that concern the village of Altk\u00fcnkendorf. Thanks to years of dedicated volunteer efforts, [&hellip;]<\/p>\n","protected":false},"author":1,"featured_media":6087,"parent":0,"menu_order":0,"comment_status":"closed","ping_status":"closed","template":"","meta":{"_acf_changed":false,"inline_featured_image":false,"footnotes":""},"class_list":["post-6856","page","type-page","status-publish","has-post-thumbnail","hentry"],"acf":[],"yoast_head":"<!-- This site is optimized with the Yoast SEO plugin v27.1.1 - https:\/\/yoast.com\/product\/yoast-seo-wordpress\/ -->\n<title>Support the Info Point - Infopunkt Weltnaturerbe Brandenburgs UNESCO<\/title>\n<meta name=\"description\" content=\"Support the Info Point in Altk\u00fcnkendorf: Become a member or donate. Help sustain the Info Point in the UNESCO World Natural Heritage Buchenwald Grumsin.\" \/>\n<meta name=\"robots\" content=\"index, follow, max-snippet:-1, max-image-preview:large, max-video-preview:-1\" \/>\n<link rel=\"canonical\" href=\"https:\/\/welterbe-grumsin.de\/en\/support-the-info-point\/\" \/>\n<meta property=\"og:locale\" content=\"en_US\" \/>\n<meta property=\"og:type\" content=\"article\" \/>\n<meta property=\"og:title\" content=\"Support the Info Point - Infopunkt Weltnaturerbe Brandenburgs UNESCO\" \/>\n<meta property=\"og:description\" content=\"Support the Info Point in Altk\u00fcnkendorf: Become a member or donate. Help sustain the Info Point in the UNESCO World Natural Heritage Buchenwald Grumsin.\" \/>\n<meta property=\"og:url\" content=\"https:\/\/welterbe-grumsin.de\/en\/support-the-info-point\/\" \/>\n<meta property=\"og:site_name\" content=\"Infopunkt Weltnaturerbe Brandenburgs UNESCO\" \/>\n<meta property=\"article:modified_time\" content=\"2025-03-04T08:03:37+00:00\" \/>\n<meta property=\"og:image\" content=\"https:\/\/welterbe-grumsin.de\/wp-content\/uploads\/2024\/09\/infopunkt-unterstuetzen-beitragsbild.jpg\" \/>\n\t<meta property=\"og:image:width\" content=\"1024\" \/>\n\t<meta property=\"og:image:height\" content=\"683\" \/>\n\t<meta property=\"og:image:type\" content=\"image\/jpeg\" \/>\n<meta name=\"twitter:card\" content=\"summary_large_image\" \/>\n<meta name=\"twitter:label1\" content=\"Est. reading time\" \/>\n\t<meta name=\"twitter:data1\" content=\"2 minutes\" \/>\n<script type=\"application\/ld+json\" class=\"yoast-schema-graph\">{\"@context\":\"https:\/\/schema.org\",\"@graph\":[{\"@type\":\"WebPage\",\"@id\":\"https:\/\/welterbe-grumsin.de\/en\/support-the-info-point\/\",\"url\":\"https:\/\/welterbe-grumsin.de\/en\/support-the-info-point\/\",\"name\":\"Support the Info Point - Infopunkt Weltnaturerbe Brandenburgs UNESCO\",\"isPartOf\":{\"@id\":\"https:\/\/welterbe-grumsin.de\/en\/#website\"},\"primaryImageOfPage\":{\"@id\":\"https:\/\/welterbe-grumsin.de\/en\/support-the-info-point\/#primaryimage\"},\"image\":{\"@id\":\"https:\/\/welterbe-grumsin.de\/en\/support-the-info-point\/#primaryimage\"},\"thumbnailUrl\":\"https:\/\/welterbe-grumsin.de\/wp-content\/uploads\/2024\/09\/infopunkt-unterstuetzen-beitragsbild.jpg\",\"datePublished\":\"2024-06-19T03:54:59+00:00\",\"dateModified\":\"2025-03-04T08:03:37+00:00\",\"description\":\"Support the Info Point in Altk\u00fcnkendorf: Become a member or donate. Help sustain the Info Point in the UNESCO World Natural Heritage Buchenwald Grumsin.\",\"breadcrumb\":{\"@id\":\"https:\/\/welterbe-grumsin.de\/en\/support-the-info-point\/#breadcrumb\"},\"inLanguage\":\"en-US\",\"potentialAction\":[{\"@type\":\"ReadAction\",\"target\":[\"https:\/\/welterbe-grumsin.de\/en\/support-the-info-point\/\"]}]},{\"@type\":\"ImageObject\",\"inLanguage\":\"en-US\",\"@id\":\"https:\/\/welterbe-grumsin.de\/en\/support-the-info-point\/#primaryimage\",\"url\":\"https:\/\/welterbe-grumsin.de\/wp-content\/uploads\/2024\/09\/infopunkt-unterstuetzen-beitragsbild.jpg\",\"contentUrl\":\"https:\/\/welterbe-grumsin.de\/wp-content\/uploads\/2024\/09\/infopunkt-unterstuetzen-beitragsbild.jpg\",\"width\":1024,\"height\":683},{\"@type\":\"BreadcrumbList\",\"@id\":\"https:\/\/welterbe-grumsin.de\/en\/support-the-info-point\/#breadcrumb\",\"itemListElement\":[{\"@type\":\"ListItem\",\"position\":1,\"name\":\"Startseite\",\"item\":\"https:\/\/welterbe-grumsin.de\/en\/homesite\/\"},{\"@type\":\"ListItem\",\"position\":2,\"name\":\"Support the Info Point\"}]},{\"@type\":\"WebSite\",\"@id\":\"https:\/\/welterbe-grumsin.de\/en\/#website\",\"url\":\"https:\/\/welterbe-grumsin.de\/en\/\",\"name\":\"welterbe-grumsin\",\"description\":\"Buchenwald Grumsin - Brandenburgs einziges UNESCO-Weltnaturerbe\",\"publisher\":{\"@id\":\"https:\/\/welterbe-grumsin.de\/en\/#organization\"},\"potentialAction\":[{\"@type\":\"SearchAction\",\"target\":{\"@type\":\"EntryPoint\",\"urlTemplate\":\"https:\/\/welterbe-grumsin.de\/en\/?s={search_term_string}\"},\"query-input\":{\"@type\":\"PropertyValueSpecification\",\"valueRequired\":true,\"valueName\":\"search_term_string\"}}],\"inLanguage\":\"en-US\"},{\"@type\":\"Organization\",\"@id\":\"https:\/\/welterbe-grumsin.de\/en\/#organization\",\"name\":\"Infopunkt Weltnaturerbe Brandenburgs UNESCO\",\"url\":\"https:\/\/welterbe-grumsin.de\/en\/\",\"logo\":{\"@type\":\"ImageObject\",\"inLanguage\":\"en-US\",\"@id\":\"https:\/\/welterbe-grumsin.de\/en\/#\/schema\/logo\/image\/\",\"url\":\"https:\/\/welterbe-grumsin.de\/wp-content\/uploads\/2024\/06\/weltnaturerbe_logo.svg\",\"contentUrl\":\"https:\/\/welterbe-grumsin.de\/wp-content\/uploads\/2024\/06\/weltnaturerbe_logo.svg\",\"width\":204,\"height\":273,\"caption\":\"Infopunkt Weltnaturerbe Brandenburgs UNESCO\"},\"image\":{\"@id\":\"https:\/\/welterbe-grumsin.de\/en\/#\/schema\/logo\/image\/\"}}]}<\/script>\n<!-- \/ Yoast SEO plugin. -->","yoast_head_json":{"title":"Support the Info Point - Infopunkt Weltnaturerbe Brandenburgs UNESCO","description":"Support the Info Point in Altk\u00fcnkendorf: Become a member or donate. Help sustain the Info Point in the UNESCO World Natural Heritage Buchenwald Grumsin.","robots":{"index":"index","follow":"follow","max-snippet":"max-snippet:-1","max-image-preview":"max-image-preview:large","max-video-preview":"max-video-preview:-1"},"canonical":"https:\/\/welterbe-grumsin.de\/en\/support-the-info-point\/","og_locale":"en_US","og_type":"article","og_title":"Support the Info Point - Infopunkt Weltnaturerbe Brandenburgs UNESCO","og_description":"Support the Info Point in Altk\u00fcnkendorf: Become a member or donate. Help sustain the Info Point in the UNESCO World Natural Heritage Buchenwald Grumsin.","og_url":"https:\/\/welterbe-grumsin.de\/en\/support-the-info-point\/","og_site_name":"Infopunkt Weltnaturerbe Brandenburgs UNESCO","article_modified_time":"2025-03-04T08:03:37+00:00","og_image":[{"width":1024,"height":683,"url":"https:\/\/welterbe-grumsin.de\/wp-content\/uploads\/2024\/09\/infopunkt-unterstuetzen-beitragsbild.jpg","type":"image\/jpeg"}],"twitter_card":"summary_large_image","twitter_misc":{"Est. reading time":"2 minutes"},"schema":{"@context":"https:\/\/schema.org","@graph":[{"@type":"WebPage","@id":"https:\/\/welterbe-grumsin.de\/en\/support-the-info-point\/","url":"https:\/\/welterbe-grumsin.de\/en\/support-the-info-point\/","name":"Support the Info Point - Infopunkt Weltnaturerbe Brandenburgs UNESCO","isPartOf":{"@id":"https:\/\/welterbe-grumsin.de\/en\/#website"},"primaryImageOfPage":{"@id":"https:\/\/welterbe-grumsin.de\/en\/support-the-info-point\/#primaryimage"},"image":{"@id":"https:\/\/welterbe-grumsin.de\/en\/support-the-info-point\/#primaryimage"},"thumbnailUrl":"https:\/\/welterbe-grumsin.de\/wp-content\/uploads\/2024\/09\/infopunkt-unterstuetzen-beitragsbild.jpg","datePublished":"2024-06-19T03:54:59+00:00","dateModified":"2025-03-04T08:03:37+00:00","description":"Support the Info Point in Altk\u00fcnkendorf: Become a member or donate. Help sustain the Info Point in the UNESCO World Natural Heritage Buchenwald Grumsin.","breadcrumb":{"@id":"https:\/\/welterbe-grumsin.de\/en\/support-the-info-point\/#breadcrumb"},"inLanguage":"en-US","potentialAction":[{"@type":"ReadAction","target":["https:\/\/welterbe-grumsin.de\/en\/support-the-info-point\/"]}]},{"@type":"ImageObject","inLanguage":"en-US","@id":"https:\/\/welterbe-grumsin.de\/en\/support-the-info-point\/#primaryimage","url":"https:\/\/welterbe-grumsin.de\/wp-content\/uploads\/2024\/09\/infopunkt-unterstuetzen-beitragsbild.jpg","contentUrl":"https:\/\/welterbe-grumsin.de\/wp-content\/uploads\/2024\/09\/infopunkt-unterstuetzen-beitragsbild.jpg","width":1024,"height":683},{"@type":"BreadcrumbList","@id":"https:\/\/welterbe-grumsin.de\/en\/support-the-info-point\/#breadcrumb","itemListElement":[{"@type":"ListItem","position":1,"name":"Startseite","item":"https:\/\/welterbe-grumsin.de\/en\/homesite\/"},{"@type":"ListItem","position":2,"name":"Support the Info Point"}]},{"@type":"WebSite","@id":"https:\/\/welterbe-grumsin.de\/en\/#website","url":"https:\/\/welterbe-grumsin.de\/en\/","name":"welterbe-grumsin","description":"Buchenwald Grumsin - Brandenburgs einziges UNESCO-Weltnaturerbe","publisher":{"@id":"https:\/\/welterbe-grumsin.de\/en\/#organization"},"potentialAction":[{"@type":"SearchAction","target":{"@type":"EntryPoint","urlTemplate":"https:\/\/welterbe-grumsin.de\/en\/?s={search_term_string}"},"query-input":{"@type":"PropertyValueSpecification","valueRequired":true,"valueName":"search_term_string"}}],"inLanguage":"en-US"},{"@type":"Organization","@id":"https:\/\/welterbe-grumsin.de\/en\/#organization","name":"Infopunkt Weltnaturerbe Brandenburgs UNESCO","url":"https:\/\/welterbe-grumsin.de\/en\/","logo":{"@type":"ImageObject","inLanguage":"en-US","@id":"https:\/\/welterbe-grumsin.de\/en\/#\/schema\/logo\/image\/","url":"https:\/\/welterbe-grumsin.de\/wp-content\/uploads\/2024\/06\/weltnaturerbe_logo.svg","contentUrl":"https:\/\/welterbe-grumsin.de\/wp-content\/uploads\/2024\/06\/weltnaturerbe_logo.svg","width":204,"height":273,"caption":"Infopunkt Weltnaturerbe Brandenburgs UNESCO"},"image":{"@id":"https:\/\/welterbe-grumsin.de\/en\/#\/schema\/logo\/image\/"}}]}},"_links":{"self":[{"href":"https:\/\/welterbe-grumsin.de\/en\/wp-json\/wp\/v2\/pages\/6856","targetHints":{"allow":["GET"]}}],"collection":[{"href":"https:\/\/welterbe-grumsin.de\/en\/wp-json\/wp\/v2\/pages"}],"about":[{"href":"https:\/\/welterbe-grumsin.de\/en\/wp-json\/wp\/v2\/types\/page"}],"author":[{"embeddable":true,"href":"https:\/\/welterbe-grumsin.de\/en\/wp-json\/wp\/v2\/users\/1"}],"replies":[{"embeddable":true,"href":"https:\/\/welterbe-grumsin.de\/en\/wp-json\/wp\/v2\/comments?post=6856"}],"version-history":[{"count":5,"href":"https:\/\/welterbe-grumsin.de\/en\/wp-json\/wp\/v2\/pages\/6856\/revisions"}],"predecessor-version":[{"id":7530,"href":"https:\/\/welterbe-grumsin.de\/en\/wp-json\/wp\/v2\/pages\/6856\/revisions\/7530"}],"wp:featuredmedia":[{"embeddable":true,"href":"https:\/\/welterbe-grumsin.de\/en\/wp-json\/wp\/v2\/media\/6087"}],"wp:attachment":[{"href":"https:\/\/welterbe-grumsin.de\/en\/wp-json\/wp\/v2\/media?parent=6856"}],"curies":[{"name":"wp","href":"https:\/\/api.w.org\/{rel}","templated":true}]}}