{"id":6880,"date":"2024-06-19T10:13:53","date_gmt":"2024-06-19T08:13:53","guid":{"rendered":"https:\/\/welterbe-grumsin.de\/legal-notice\/"},"modified":"2026-04-28T13:16:50","modified_gmt":"2026-04-28T11:16:50","slug":"legal-notice","status":"publish","type":"page","link":"https:\/\/welterbe-grumsin.de\/en\/legal-notice\/","title":{"rendered":"Legal Notice"},"content":{"rendered":"\t\t<div data-elementor-type=\"wp-page\" data-elementor-id=\"6880\" class=\"elementor elementor-6880 elementor-396\" data-elementor-post-type=\"page\">\n\t\t\t\t<div class=\"elementor-element elementor-element-3446fdd e-flex e-con-boxed e-con e-parent\" data-id=\"3446fdd\" data-element_type=\"container\" data-e-type=\"container\">\n\t\t\t\t\t<div class=\"e-con-inner\">\n\t\t\t\t<div class=\"elementor-element elementor-element-bea7418 elementor-widget elementor-widget-heading\" data-id=\"bea7418\" data-element_type=\"widget\" data-e-type=\"widget\" data-widget_type=\"heading.default\">\n\t\t\t\t<div class=\"elementor-widget-container\">\n\t\t\t\t\t<h2 class=\"elementor-heading-title elementor-size-default\">Legal Notice<\/h2>\t\t\t\t<\/div>\n\t\t\t\t<\/div>\n\t\t\t\t\t<\/div>\n\t\t\t\t<\/div>\n\t\t<div class=\"elementor-element elementor-element-6cf7ab3 e-flex e-con-boxed e-con e-parent\" data-id=\"6cf7ab3\" data-element_type=\"container\" data-e-type=\"container\">\n\t\t\t\t\t<div class=\"e-con-inner\">\n\t\t\t\t<div class=\"elementor-element elementor-element-a40f9ff elementor-widget elementor-widget-text-editor\" data-id=\"a40f9ff\" data-element_type=\"widget\" data-e-type=\"widget\" data-widget_type=\"text-editor.default\">\n\t\t\t\t<div class=\"elementor-widget-container\">\n\t\t\t\t\t\t\t\t\t<h3><strong>1. Mandatory information under the German TeleMedia Act (TeleMedienGesetz -DDG)<\/strong><\/h3>\t\t\t\t\t\t\t\t<\/div>\n\t\t\t\t<\/div>\n\t\t\t\t\t<\/div>\n\t\t\t\t<\/div>\n\t\t<div class=\"elementor-element elementor-element-284d64d e-flex e-con-boxed e-con e-parent\" data-id=\"284d64d\" data-element_type=\"container\" data-e-type=\"container\">\n\t\t\t\t\t<div class=\"e-con-inner\">\n\t\t<div class=\"elementor-element elementor-element-f591dd0 e-con-full e-flex e-con e-child\" data-id=\"f591dd0\" data-element_type=\"container\" data-e-type=\"container\">\n\t\t\t\t<div class=\"elementor-element elementor-element-f6e0e4f elementor-widget elementor-widget-text-editor\" data-id=\"f6e0e4f\" data-element_type=\"widget\" data-e-type=\"widget\" data-widget_type=\"text-editor.default\">\n\t\t\t\t<div class=\"elementor-widget-container\">\n\t\t\t\t\t\t\t\t\t<p>1. Mandatory information under the German TeleMedia Act (TeleMedienGesetz -TMG)<\/p><p><strong>Address and contact:<\/strong><br>Stadt Angerm\u00fcnde<br>Die B\u00fcrgermeisterin<br>Markt 24, 16278 Angerm\u00fcnde<br>Phone: +49 (0) 3331 26000<br>Fax: +49 (0) 3331 260045<br>Email: <a href=\"mailto:stadt@angermuende.de\" target=\"_blank\" rel=\"noopener\">stadt@angermuende.de<\/a><br>VAT identification number: DE139043961<br>Routing identification number: 12-12992262176135-38<\/p>\t\t\t\t\t\t\t\t<\/div>\n\t\t\t\t<\/div>\n\t\t\t\t<\/div>\n\t\t<div class=\"elementor-element elementor-element-91c35c9 e-con-full e-flex e-con e-child\" data-id=\"91c35c9\" data-element_type=\"container\" data-e-type=\"container\">\n\t\t\t\t<div class=\"elementor-element elementor-element-7bb7cbe elementor-widget elementor-widget-text-editor\" data-id=\"7bb7cbe\" data-element_type=\"widget\" data-e-type=\"widget\" data-widget_type=\"text-editor.default\">\n\t\t\t\t<div class=\"elementor-widget-container\">\n\t\t\t\t\t\t\t\t\t<p><strong>Official data protection officer:<\/strong><br>City of Angerm\u00fcnde, Data Protection Officer<br>Simone Rolke<br>Phone: +49 (0) 3331 260022<br>Fax: +49 (0) 3331 260045<br>Email: <a href=\"mailto:datenschutz@angermuende.de\" target=\"_blank\" rel=\"noopener\">datenschutz@angermuende.de<\/a><\/p>\t\t\t\t\t\t\t\t<\/div>\n\t\t\t\t<\/div>\n\t\t\t\t<\/div>\n\t\t<div class=\"elementor-element elementor-element-d37dd96 e-con-full e-flex e-con e-child\" data-id=\"d37dd96\" data-element_type=\"container\" data-e-type=\"container\">\n\t\t\t\t<div class=\"elementor-element elementor-element-ee737ec elementor-widget elementor-widget-text-editor\" data-id=\"ee737ec\" data-element_type=\"widget\" data-e-type=\"widget\" data-widget_type=\"text-editor.default\">\n\t\t\t\t<div class=\"elementor-widget-container\">\n\t\t\t\t\t\t\t\t\t<p>The city of Angerm\u00fcnde is a corporation under public law. She is represented by the mayor. <\/p>\n<p><strong>Contact person for the website:<\/strong><br>Stadt Angerm\u00fcnde<br>Helen M\u00fcnnich<br>Telefon: +49 (0) 1517 0594619<br>Fax: +49 (0) 3331 260045<br>Email: <a href=\"mailto:h.muennich@angermuende.de\" target=\"_blank\" rel=\"noopener\">h.muennich@angermuende.de<\/a><\/p>\t\t\t\t\t\t\t\t<\/div>\n\t\t\t\t<\/div>\n\t\t\t\t<\/div>\n\t\t<div class=\"elementor-element elementor-element-949d99a e-con-full e-flex e-con e-child\" data-id=\"949d99a\" data-element_type=\"container\" data-e-type=\"container\">\n\t\t\t\t<div class=\"elementor-element elementor-element-d00ca30 elementor-widget elementor-widget-text-editor\" data-id=\"d00ca30\" data-element_type=\"widget\" data-e-type=\"widget\" data-widget_type=\"text-editor.default\">\n\t\t\t\t<div class=\"elementor-widget-container\">\n\t\t\t\t\t\t\t\t\t<p><strong>Design, realization:<\/strong><br>Format Werbeagentur<br><a href=\"http:\/\/www.formatwerbung.de\/\" target=\"_blank\" rel=\"noopener\">www.formatwerbung.de<\/a><\/p>\t\t\t\t\t\t\t\t<\/div>\n\t\t\t\t<\/div>\n\t\t\t\t<\/div>\n\t\t\t\t\t<\/div>\n\t\t\t\t<\/div>\n\t\t<div class=\"elementor-element elementor-element-3d33fb4 e-flex e-con-boxed e-con e-parent\" data-id=\"3d33fb4\" data-element_type=\"container\" data-e-type=\"container\">\n\t\t\t\t\t<div class=\"e-con-inner\">\n\t\t\t\t<div class=\"elementor-element elementor-element-ce3b321 elementor-widget elementor-widget-heading\" data-id=\"ce3b321\" data-element_type=\"widget\" data-e-type=\"widget\" data-widget_type=\"heading.default\">\n\t\t\t\t<div class=\"elementor-widget-container\">\n\t\t\t\t\t<h2 class=\"elementor-heading-title elementor-size-default\">Photo credits<\/h2>\t\t\t\t<\/div>\n\t\t\t\t<\/div>\n\t\t\t\t\t<\/div>\n\t\t\t\t<\/div>\n\t\t<div class=\"elementor-element elementor-element-1bf10ce e-flex e-con-boxed e-con e-parent\" data-id=\"1bf10ce\" data-element_type=\"container\" data-e-type=\"container\">\n\t\t\t\t\t<div class=\"e-con-inner\">\n\t\t\t\t<div class=\"elementor-element elementor-element-d82b9d4 elementor-widget elementor-widget-text-editor\" data-id=\"d82b9d4\" data-element_type=\"widget\" data-e-type=\"widget\" data-widget_type=\"text-editor.default\">\n\t\t\t\t<div class=\"elementor-widget-container\">\n\t\t\t\t\t\t\t\t\t<div>Beech leaf logo and website design: Atelier Papenfu\u00df<\/div><div>Home &gt;<\/div><div>Home (Header)-&gt; Photo credits: Helen M\u00fcnnich<\/div><div>&#8211; Buchenwald Grumsin-&gt; Photo credits: Helen M\u00fcnnich<\/div><div>Forest and Moor-&gt; Photo credits: Tilo Geisel<\/div><div>BOOK TOURS &gt;<\/div><div>AKTUELLES (Header) -&gt; Urheber: Helen M\u00fcnnich<\/div><div>&#8211; Current blog post November atmosphere and black woodpeckers in the Grumsin beech forest -&gt; Mushroom diversity in the Grumsin beech forest -&gt;Author: Helen M\u00fcnnich<\/div><div>GUIDES (Header) -&gt; Author: Helen M\u00fcnnich<\/div><div>&#8211; Guided tour: A primeval forest is created -&gt; Author: Helen M\u00fcnnich<\/div><div>&#8211; Guided tour Living Heritage -&gt; Author: Helen M\u00fcnnich<\/div><div>OFFERS FOR SCHOOL CLASSES (Header) -&gt; Photo credits: Helen M\u00fcnnich<\/div><div>\u2013 Wonderful world of forest and water -&gt; Photo credits: Helen M\u00fcnnich<\/div><div>&#8211; From the Ice Age to the Stone Age -&gt; Author: Kerstin Kirsch, Geopark Eiszeitland am Oderrand e.V.<\/div><div>&#8211; The forest and me -&gt; Author: Helen M\u00fcnnich<\/div><div>\u2013 Auf dem Weg in die Wildnis -&gt; Urheber: Helen M\u00fcnnich<\/div><div>PLAN YOUR VISIT &gt;<\/div><div>APPROACH (Header) -&gt; Author: Shutterstock \/ <a class=\"mui-w0b8ym-a-inherit-linkContainer\" title=\"Jiaye Liu\" href=\"https:\/\/www.shutterstock.com\/de\/g\/rail1435\" target=\"_blank\" rel=\"noopener\" data-automation=\"ContributorDetails\"><span class=\"MuiBox-root mui-16qd35q-centeredContent-avatarContainer\"><span class=\"MuiTypography-root MuiTypography-body1 mui-1f7bowf-contributorLabel-linkAvatarLabel\">Jiaye Liu<\/span><\/span><\/a><\/div><div>&#8211; Signpost stone -&gt;Author: Helen M\u00fcnnich<\/div><div>&#8211; Arriving by bike -&gt; Author: Shutterstock \/ <a class=\"mui-w0b8ym-a-inherit-linkContainer\" title=\"nnattalli\" href=\"https:\/\/www.shutterstock.com\/de\/g\/nnattalli\" target=\"_blank\" rel=\"noopener\" data-automation=\"ContributorDetails\"><span class=\"MuiBox-root mui-16qd35q-centeredContent-avatarContainer\"><span class=\"MuiTypography-root MuiTypography-body1 mui-1f7bowf-contributorLabel-linkAvatarLabel\">nnattalli<\/span><\/span><\/a><\/div><div>&#8211; Pflasterstra\u00dfe -&gt;Author: Helen M\u00fcnnich<\/div><div>VISITOR CENTER (Header) -&gt; Author: Helen M\u00fcnnich<\/div><div>&#8211; Altk\u00fcnkendorf church tower -&gt; Author: Helen M\u00fcnnich<\/div><div>EVENT DATES (Header) -&gt; Author: KI generated by midjourney.com<\/div><div>WANDERROUTEN (Header) -&gt; Author: Helen M\u00fcnnich<\/div><div>&#8211; colored leaves and pleasure hiking trail-&gt; Author: Helen M\u00fcnnich<\/div><div>NIGHT AND FOOD (HEADER) -&gt; Author: KI generated by midjourney.com<\/div><div>\u2013 Schullandheim in Altk\u00fcnkendorf -&gt;Urheber: Stadt Angerm\u00fcnde<\/div><div>\u2013 Begegnungszentrum Lunow -&gt; Urheber: Begegnungszentrum Lunow<\/div><div>\u2013 seezeit-resort -&gt; Urheber: seezeit-resort <\/div><div>\u2013 Test mark -&gt; Landesamt f\u00fcr Umwelt, 2020<\/div><div>DESTINATIONS (Header) -&gt; Photo credit: AI generated by midjourney.com<\/div><div>\u2013 Geopark-Zentrum Gro\u00df-Ziethen -&gt; Urheber: Helen M\u00fcnnich<\/div><div>\u2013 NABU Naturerlebniszentrum Blumberger M\u00fchle -&gt;Urheber: NABU Blumberger M\u00fchle<\/div><div>&#8211; Wolletzsee lido -&gt; City of Angerm\u00fcnde<\/div><div>&#8211; Historic town center of Angerm\u00fcnde -&gt; Author: City of Angerm\u00fcnde<\/div><div>&#8211; Museum Angerm\u00fcnde in Haus Uckermark -&gt; Author: Haus Uckermark Angerm\u00fcnde<\/div><div>&#8211; Hemme Milch with farm store -&gt; Author: City of Angerm\u00fcnde<\/div><div>\u2013 Louisenhof -&gt; Photo credit: Galerie und Atelier Louisenhof<\/div><div>\u2013 Grumsiner Brennerei -&gt; Photo credit: Grumsiner Brennerei<\/div><div>\u2013 Blumberger M\u00fchle parking space -&gt; Photo credit: Blumberger M\u00fchle<\/div><div>\u2013 Angerm\u00fcnde parking space -&gt; Photo credit: Helen M\u00fcnnich<\/div><div>\u2013 Campground am Wolletzsee -&gt; Photo credit: ACVW (Angerm\u00fcnde Campingverein Wolletzsee eV)<\/div><div>FAHRRAD-\/E-BIKE-VERLEIH -&gt; Photo credit: AI generated by midjourney.com<\/div><div>\u2013 Logo Fahrrad Sch\u00e4fer: -&gt; Photo credit: Fahrrad Sch\u00e4fer<\/div><div>\u2013 Logo Mietrad Angerm\u00fcnde -&gt; Photo credit: Mietrad Angerm\u00fcnde<\/div><div>\u2013 Logo Fahrradwerk: -&gt; Photo credit: Fahrradwerk<\/div><div>&#8211; E-bike charging options-&gt; Author: Shutterstock \/ <a class=\"mui-w0b8ym-a-inherit-linkContainer\" title=\"Artemis1000\" href=\"https:\/\/www.shutterstock.com\/de\/search\/artemis1000\" target=\"_blank\" rel=\"noopener\" data-automation=\"ContributorDetails\"><span class=\"MuiBox-root mui-16qd35q-centeredContent-avatarContainer\"><span class=\"MuiTypography-root MuiTypography-body1 mui-1f7bowf-contributorLabel-linkAvatarLabel\">Artemis1000<\/span><\/span><\/a><\/div><div>&#8211; Borrowing cargo bikes -&gt; Author: City of Angerm\u00fcnde<\/div><div>IMPRESSIONS<\/div><div>&#8211; Picture 1 to 4 -&gt; Author: Peter Wernicke<\/div><div>&#8211; Image 5 to 8 -&gt; Author: Tilo Geisel<\/div><div>&#8211; Picture 9 to 12-&gt; Author: Helen M\u00fcnnich<\/div><div>\u2013 Picture 13 bis 16-&gt; Photo credit: Helen M\u00fcnnich<\/div><div>ADVANCE INFORMATION &gt;<\/div><div>BEHAVIOR IN WORLD NATURAL HERITAGE (HEADER) -&gt; Author: Helen M\u00fcnnich<\/div><div>&#8211; Please stay on the paths -&gt; Author: Naturwacht Biosph\u00e4renreservat Schorfheide-Chorin<\/div><div>&#8211; Note on accessibility -&gt; Author: Helen M\u00fcnnich<\/div><div>GO SWIMMING IN GRUMSIN (HEADER) -&gt; Author: Peter Wernicke<\/div><div>&#8211; Lido at Wolletzsee -&gt; Author: City of Angerm\u00fcnde <\/div><div>COLLECTING MUSHROOMS (HEADER) -&gt; Author: Helen M\u00fcnnich<\/div><div>\u2013 mushrooms-in-grumsin -&gt; Author: Helen M\u00fcnnich<\/div><div>Map Mushroom picking in the area of Grumsin Beech Forest -&gt; Photo credit: LfU Geobasis-DE\/LGB, modified<\/div><div>UNESCO WORLD HERITAGE SITE (HEADER) -&gt; Author: Helen M\u00fcnnich <\/div><div>\u2013 Map core area -&gt; Author: Ms. Czisch Formatwerbung<\/div><div>WHAT IS A UNESCO WORLD HERITAGE SITE (HEADER) -&gt; Photo credit: Helen M\u00fcnnich<\/div><div>\u2013 UNESCO logo: Wikimedia Commons<\/div><div>\u2013Abu Simbel -&gt; Photo credit: Canva<\/div><div>\u2013 World Heritage Site Macchu Picchu -&gt; Photo credit: Canva, <br>World Natural Heritage Grumsin-&gt; Photo credit: Helen M\u00fcnnich<\/div><div>DIFFERENCE BETWEEN FOREST AND PRIMEVAL FOREST (HEADERUNTERSCHIED WALD UND URWALD (HEADER) -&gt; Author: Peter Wernicke<\/div><div>\u2013 Graphic: left commercial forest -&gt; UAuthor: Tilo Geisel\/right Natural forest -&gt; Author: Helen M\u00fcnnich<\/div><div>Author : Helen M\u00fcnnichWORLD HERITAGE BEECH FOREST IN GERMANY (HEADER) -&gt; Urheber : Helen M\u00fcnnich<\/div><div>\u2013 Grafik Landkarte -&gt; Urheber: Shutterstock \/ <a class=\"mui-w0b8ym-a-inherit-linkContainer\" title=\"WrukolakasPhotography\" href=\"https:\/\/www.shutterstock.com\/de\/g\/WrukolakasPhoto\" target=\"_blank\" rel=\"noopener\" data-automation=\"ContributorDetails\"><span class=\"MuiBox-root mui-16qd35q-centeredContent-avatarContainer\"><span class=\"MuiTypography-root MuiTypography-body1 mui-1f7bowf-contributorLabel-linkAvatarLabel\">WrukolakasPhotography<\/span><\/span><\/a><\/div><div>BEECH FOREST WORLD HERITAGE SITE IN EUROPE (HEADER) -&gt; Author: Peter Wernicke<\/div><div>\u2013 Grafik Landkarte -&gt; Urheber: Shutterstock \/ <a class=\"mui-w0b8ym-a-inherit-linkContainer\" title=\"WrukolakasPhotography\" href=\"https:\/\/www.shutterstock.com\/de\/g\/WrukolakasPhoto\" target=\"_blank\" rel=\"noopener\" data-automation=\"ContributorDetails\"><span class=\"MuiBox-root mui-16qd35q-centeredContent-avatarContainer\"><span class=\"MuiTypography-root MuiTypography-body1 mui-1f7bowf-contributorLabel-linkAvatarLabel\">WrukolakasPhotography<\/span><\/span><\/a><\/div><div>\u2013 world-heritage-beech-forest-in-europe -&gt; Author: Helen M\u00fcnnich<\/div><div>PUBLICATIONS (HEADER) -&gt; Photo credit: Peter Wernicke<\/div><div>DEEDURE (HEADER) -&gt; Author: Helen M\u00fcnnich<\/div><div> <\/div><div>ACTIVE SUPPORT &gt;<\/div><div>SUPPORT INFO POINT (HEADER) -&gt; Photo credit: Helen M\u00fcnnich<\/div><div>\u2013 Become a member -&gt; Author: Helen M\u00fcnnich<\/div><div>\u2013 Contact-&gt; Author: Canva, modified<\/div><div>\u2013 Donations -&gt; Photo credit: Canva<\/div><div>Unless otherwise stated on the website, the copyright of the images on this website belongs to the city of Angerm\u00fcnde.<\/div>\t\t\t\t\t\t\t\t<\/div>\n\t\t\t\t<\/div>\n\t\t\t\t\t<\/div>\n\t\t\t\t<\/div>\n\t\t\t\t<\/div>\n\t\t","protected":false},"excerpt":{"rendered":"<p>Legal Notice 1. Mandatory information under the German TeleMedia Act (TeleMedienGesetz -DDG) 1. Mandatory information under the German TeleMedia Act (TeleMedienGesetz -TMG) Address and contact:Stadt Angerm\u00fcndeDie B\u00fcrgermeisterinMarkt 24, 16278 Angerm\u00fcndePhone: +49 (0) 3331 26000Fax: +49 (0) 3331 260045Email: stadt@angermuende.deVAT identification number: DE139043961Routing identification number: 12-12992262176135-38 Official data protection officer:City of Angerm\u00fcnde, Data Protection OfficerSimone RolkePhone: [&hellip;]<\/p>\n","protected":false},"author":1,"featured_media":0,"parent":0,"menu_order":0,"comment_status":"closed","ping_status":"closed","template":"","meta":{"_acf_changed":false,"inline_featured_image":false,"footnotes":""},"class_list":["post-6880","page","type-page","status-publish","hentry"],"acf":[],"yoast_head":"<!-- This site is optimized with the Yoast SEO plugin v27.5 - https:\/\/yoast.com\/product\/yoast-seo-wordpress\/ -->\n<title>Legal Notice - Infopunkt Weltnaturerbe Brandenburgs UNESCO<\/title>\n<meta name=\"description\" content=\"Imprint of the website welterbe-grumsin.de \u2013 Address and contact, design and implementation, image credits.\" \/>\n<meta name=\"robots\" content=\"index, follow, max-snippet:-1, max-image-preview:large, max-video-preview:-1\" \/>\n<link rel=\"canonical\" href=\"https:\/\/welterbe-grumsin.de\/en\/legal-notice\/\" \/>\n<meta property=\"og:locale\" content=\"en_US\" \/>\n<meta property=\"og:type\" content=\"article\" \/>\n<meta property=\"og:title\" content=\"Legal Notice - Infopunkt Weltnaturerbe Brandenburgs UNESCO\" \/>\n<meta property=\"og:description\" content=\"Imprint of the website welterbe-grumsin.de \u2013 Address and contact, design and implementation, image credits.\" \/>\n<meta property=\"og:url\" content=\"https:\/\/welterbe-grumsin.de\/en\/legal-notice\/\" \/>\n<meta property=\"og:site_name\" content=\"Infopunkt Weltnaturerbe Brandenburgs UNESCO\" \/>\n<meta property=\"article:modified_time\" content=\"2026-04-28T11:16:50+00:00\" \/>\n<meta name=\"twitter:card\" content=\"summary_large_image\" \/>\n<meta name=\"twitter:label1\" content=\"Est. reading time\" \/>\n\t<meta name=\"twitter:data1\" content=\"5 minutes\" \/>\n<script type=\"application\/ld+json\" class=\"yoast-schema-graph\">{\"@context\":\"https:\\\/\\\/schema.org\",\"@graph\":[{\"@type\":\"WebPage\",\"@id\":\"https:\\\/\\\/welterbe-grumsin.de\\\/en\\\/legal-notice\\\/\",\"url\":\"https:\\\/\\\/welterbe-grumsin.de\\\/en\\\/legal-notice\\\/\",\"name\":\"Legal Notice - Infopunkt Weltnaturerbe Brandenburgs UNESCO\",\"isPartOf\":{\"@id\":\"https:\\\/\\\/welterbe-grumsin.de\\\/en\\\/#website\"},\"datePublished\":\"2024-06-19T08:13:53+00:00\",\"dateModified\":\"2026-04-28T11:16:50+00:00\",\"description\":\"Imprint of the website welterbe-grumsin.de \u2013 Address and contact, design and implementation, image credits.\",\"breadcrumb\":{\"@id\":\"https:\\\/\\\/welterbe-grumsin.de\\\/en\\\/legal-notice\\\/#breadcrumb\"},\"inLanguage\":\"en-US\",\"potentialAction\":[{\"@type\":\"ReadAction\",\"target\":[\"https:\\\/\\\/welterbe-grumsin.de\\\/en\\\/legal-notice\\\/\"]}]},{\"@type\":\"BreadcrumbList\",\"@id\":\"https:\\\/\\\/welterbe-grumsin.de\\\/en\\\/legal-notice\\\/#breadcrumb\",\"itemListElement\":[{\"@type\":\"ListItem\",\"position\":1,\"name\":\"Startseite\",\"item\":\"https:\\\/\\\/welterbe-grumsin.de\\\/en\\\/homesite\\\/\"},{\"@type\":\"ListItem\",\"position\":2,\"name\":\"Legal Notice\"}]},{\"@type\":\"WebSite\",\"@id\":\"https:\\\/\\\/welterbe-grumsin.de\\\/en\\\/#website\",\"url\":\"https:\\\/\\\/welterbe-grumsin.de\\\/en\\\/\",\"name\":\"welterbe-grumsin\",\"description\":\"Buchenwald Grumsin - Brandenburgs einziges UNESCO-Weltnaturerbe\",\"publisher\":{\"@id\":\"https:\\\/\\\/welterbe-grumsin.de\\\/en\\\/#organization\"},\"potentialAction\":[{\"@type\":\"SearchAction\",\"target\":{\"@type\":\"EntryPoint\",\"urlTemplate\":\"https:\\\/\\\/welterbe-grumsin.de\\\/en\\\/?s={search_term_string}\"},\"query-input\":{\"@type\":\"PropertyValueSpecification\",\"valueRequired\":true,\"valueName\":\"search_term_string\"}}],\"inLanguage\":\"en-US\"},{\"@type\":\"Organization\",\"@id\":\"https:\\\/\\\/welterbe-grumsin.de\\\/en\\\/#organization\",\"name\":\"Infopunkt Weltnaturerbe Brandenburgs UNESCO\",\"url\":\"https:\\\/\\\/welterbe-grumsin.de\\\/en\\\/\",\"logo\":{\"@type\":\"ImageObject\",\"inLanguage\":\"en-US\",\"@id\":\"https:\\\/\\\/welterbe-grumsin.de\\\/en\\\/#\\\/schema\\\/logo\\\/image\\\/\",\"url\":\"https:\\\/\\\/welterbe-grumsin.de\\\/wp-content\\\/uploads\\\/2024\\\/06\\\/weltnaturerbe_logo.svg\",\"contentUrl\":\"https:\\\/\\\/welterbe-grumsin.de\\\/wp-content\\\/uploads\\\/2024\\\/06\\\/weltnaturerbe_logo.svg\",\"width\":204,\"height\":273,\"caption\":\"Infopunkt Weltnaturerbe Brandenburgs UNESCO\"},\"image\":{\"@id\":\"https:\\\/\\\/welterbe-grumsin.de\\\/en\\\/#\\\/schema\\\/logo\\\/image\\\/\"}}]}<\/script>\n<!-- \/ Yoast SEO plugin. -->","yoast_head_json":{"title":"Legal Notice - Infopunkt Weltnaturerbe Brandenburgs UNESCO","description":"Imprint of the website welterbe-grumsin.de \u2013 Address and contact, design and implementation, image credits.","robots":{"index":"index","follow":"follow","max-snippet":"max-snippet:-1","max-image-preview":"max-image-preview:large","max-video-preview":"max-video-preview:-1"},"canonical":"https:\/\/welterbe-grumsin.de\/en\/legal-notice\/","og_locale":"en_US","og_type":"article","og_title":"Legal Notice - Infopunkt Weltnaturerbe Brandenburgs UNESCO","og_description":"Imprint of the website welterbe-grumsin.de \u2013 Address and contact, design and implementation, image credits.","og_url":"https:\/\/welterbe-grumsin.de\/en\/legal-notice\/","og_site_name":"Infopunkt Weltnaturerbe Brandenburgs UNESCO","article_modified_time":"2026-04-28T11:16:50+00:00","twitter_card":"summary_large_image","twitter_misc":{"Est. reading time":"5 minutes"},"schema":{"@context":"https:\/\/schema.org","@graph":[{"@type":"WebPage","@id":"https:\/\/welterbe-grumsin.de\/en\/legal-notice\/","url":"https:\/\/welterbe-grumsin.de\/en\/legal-notice\/","name":"Legal Notice - Infopunkt Weltnaturerbe Brandenburgs UNESCO","isPartOf":{"@id":"https:\/\/welterbe-grumsin.de\/en\/#website"},"datePublished":"2024-06-19T08:13:53+00:00","dateModified":"2026-04-28T11:16:50+00:00","description":"Imprint of the website welterbe-grumsin.de \u2013 Address and contact, design and implementation, image credits.","breadcrumb":{"@id":"https:\/\/welterbe-grumsin.de\/en\/legal-notice\/#breadcrumb"},"inLanguage":"en-US","potentialAction":[{"@type":"ReadAction","target":["https:\/\/welterbe-grumsin.de\/en\/legal-notice\/"]}]},{"@type":"BreadcrumbList","@id":"https:\/\/welterbe-grumsin.de\/en\/legal-notice\/#breadcrumb","itemListElement":[{"@type":"ListItem","position":1,"name":"Startseite","item":"https:\/\/welterbe-grumsin.de\/en\/homesite\/"},{"@type":"ListItem","position":2,"name":"Legal Notice"}]},{"@type":"WebSite","@id":"https:\/\/welterbe-grumsin.de\/en\/#website","url":"https:\/\/welterbe-grumsin.de\/en\/","name":"welterbe-grumsin","description":"Buchenwald Grumsin - Brandenburgs einziges UNESCO-Weltnaturerbe","publisher":{"@id":"https:\/\/welterbe-grumsin.de\/en\/#organization"},"potentialAction":[{"@type":"SearchAction","target":{"@type":"EntryPoint","urlTemplate":"https:\/\/welterbe-grumsin.de\/en\/?s={search_term_string}"},"query-input":{"@type":"PropertyValueSpecification","valueRequired":true,"valueName":"search_term_string"}}],"inLanguage":"en-US"},{"@type":"Organization","@id":"https:\/\/welterbe-grumsin.de\/en\/#organization","name":"Infopunkt Weltnaturerbe Brandenburgs UNESCO","url":"https:\/\/welterbe-grumsin.de\/en\/","logo":{"@type":"ImageObject","inLanguage":"en-US","@id":"https:\/\/welterbe-grumsin.de\/en\/#\/schema\/logo\/image\/","url":"https:\/\/welterbe-grumsin.de\/wp-content\/uploads\/2024\/06\/weltnaturerbe_logo.svg","contentUrl":"https:\/\/welterbe-grumsin.de\/wp-content\/uploads\/2024\/06\/weltnaturerbe_logo.svg","width":204,"height":273,"caption":"Infopunkt Weltnaturerbe Brandenburgs UNESCO"},"image":{"@id":"https:\/\/welterbe-grumsin.de\/en\/#\/schema\/logo\/image\/"}}]}},"_links":{"self":[{"href":"https:\/\/welterbe-grumsin.de\/en\/wp-json\/wp\/v2\/pages\/6880","targetHints":{"allow":["GET"]}}],"collection":[{"href":"https:\/\/welterbe-grumsin.de\/en\/wp-json\/wp\/v2\/pages"}],"about":[{"href":"https:\/\/welterbe-grumsin.de\/en\/wp-json\/wp\/v2\/types\/page"}],"author":[{"embeddable":true,"href":"https:\/\/welterbe-grumsin.de\/en\/wp-json\/wp\/v2\/users\/1"}],"replies":[{"embeddable":true,"href":"https:\/\/welterbe-grumsin.de\/en\/wp-json\/wp\/v2\/comments?post=6880"}],"version-history":[{"count":12,"href":"https:\/\/welterbe-grumsin.de\/en\/wp-json\/wp\/v2\/pages\/6880\/revisions"}],"predecessor-version":[{"id":8443,"href":"https:\/\/welterbe-grumsin.de\/en\/wp-json\/wp\/v2\/pages\/6880\/revisions\/8443"}],"wp:attachment":[{"href":"https:\/\/welterbe-grumsin.de\/en\/wp-json\/wp\/v2\/media?parent=6880"}],"curies":[{"name":"wp","href":"https:\/\/api.w.org\/{rel}","templated":true}]}}