{"id":8176,"date":"2025-12-01T09:39:53","date_gmt":"2025-12-01T08:39:53","guid":{"rendered":"https:\/\/welterbe-grumsin.de\/free-geocaching\/"},"modified":"2025-12-08T08:46:55","modified_gmt":"2025-12-08T07:46:55","slug":"free-geocaching","status":"publish","type":"page","link":"https:\/\/welterbe-grumsin.de\/en\/free-geocaching\/","title":{"rendered":"Free geocaching in Angerm\u00fcnde city forest"},"content":{"rendered":"\t\t<div data-elementor-type=\"wp-page\" data-elementor-id=\"8176\" class=\"elementor elementor-8176 elementor-8155\" data-elementor-post-type=\"page\">\n\t\t\t\t<div class=\"elementor-element elementor-element-00b9a4d e-flex e-con-boxed e-con e-parent\" data-id=\"00b9a4d\" data-element_type=\"container\" data-e-type=\"container\">\n\t\t\t\t\t<div class=\"e-con-inner\">\n\t\t\t\t<div class=\"elementor-element elementor-element-e47c75f elementor-widget elementor-widget-heading\" data-id=\"e47c75f\" data-element_type=\"widget\" data-e-type=\"widget\" data-widget_type=\"heading.default\">\n\t\t\t\t<div class=\"elementor-widget-container\">\n\t\t\t\t\t<h2 class=\"elementor-heading-title elementor-size-default\">Geocaching tour \"The 8 treasures of the city forest\"<\/h2>\t\t\t\t<\/div>\n\t\t\t\t<\/div>\n\t\t\t\t\t<\/div>\n\t\t\t\t<\/div>\n\t\t<div class=\"elementor-element elementor-element-7d09cb3 e-flex e-con-boxed e-con e-parent\" data-id=\"7d09cb3\" data-element_type=\"container\" data-e-type=\"container\">\n\t\t\t\t\t<div class=\"e-con-inner\">\n\t\t\t\t<div class=\"elementor-element elementor-element-adb2364 elementor-widget elementor-widget-image\" data-id=\"adb2364\" data-element_type=\"widget\" data-e-type=\"widget\" data-widget_type=\"image.default\">\n\t\t\t\t<div class=\"elementor-widget-container\">\n\t\t\t\t\t\t\t\t\t\t\t\t\t\t\t<img fetchpriority=\"high\" decoding=\"async\" width=\"800\" height=\"600\" src=\"https:\/\/welterbe-grumsin.de\/wp-content\/uploads\/2025\/12\/IMG_20250922_082304-1024x768.jpg\" class=\"attachment-large size-large wp-image-8157\" alt=\"Starting point for geocaching in Brandenburg with children Geocaching tour\" srcset=\"https:\/\/welterbe-grumsin.de\/wp-content\/uploads\/2025\/12\/IMG_20250922_082304-1024x768.jpg 1024w, https:\/\/welterbe-grumsin.de\/wp-content\/uploads\/2025\/12\/IMG_20250922_082304-300x225.jpg 300w, https:\/\/welterbe-grumsin.de\/wp-content\/uploads\/2025\/12\/IMG_20250922_082304-768x576.jpg 768w, https:\/\/welterbe-grumsin.de\/wp-content\/uploads\/2025\/12\/IMG_20250922_082304-1536x1152.jpg 1536w, https:\/\/welterbe-grumsin.de\/wp-content\/uploads\/2025\/12\/IMG_20250922_082304.jpg 1920w\" sizes=\"(max-width: 800px) 100vw, 800px\" \/>\t\t\t\t\t\t\t\t\t\t\t\t\t\t\t<\/div>\n\t\t\t\t<\/div>\n\t\t\t\t<div class=\"elementor-element elementor-element-ea846d6 elementor-widget elementor-widget-text-editor\" data-id=\"ea846d6\" data-element_type=\"widget\" data-e-type=\"widget\" data-widget_type=\"text-editor.default\">\n\t\t\t\t<div class=\"elementor-widget-container\">\n\t\t\t\t\t\t\t\t\t<p><strong>Willkommen zur Geocaching-Tour \u201eDie acht Sch\u00e4tze des Stadtwaldes\u201c im Stadtwald Angerm\u00fcnde!<\/strong><\/p>\n<p>Eight stations with tricky questions and exciting tasks await you on a circular route of around 2 kilometers.<br>You will learn in a playful way why the forest is so important for us humans.<\/p>\n<p>This is how it works:<\/p>\n<ul>\n<li>The tour is open from March to October.<\/li>\n<li>Enter the following starting coordinates into your GPS device or cell phone: 53.017050 N, 13.942205 E<\/li>\n<li>Take route A &#8211; please follow the instructions on this route.<\/li>\n<li>Route B is intended for school classes traveling with several groups at the same time.<\/li>\n<\/ul>\n<p><strong>&nbsp;<\/strong><\/p>\n<p><br><strong>Tip<\/strong>:<\/p>\n<p>The GPS coordinates in the forest are not always accurate. You should therefore also look out for good hiding places. The hiding places are usually right next to the path, no more than 5 to 8 meters away. Look for a small green tube (petling) with the next clue.   <\/p>\n<p><strong>Note for participants:<\/strong><\/p>\n<p>Participation in the geocaching tour is at your own risk. Please be aware of your surroundings and other people, wear sturdy shoes and be careful. Please leave the caches you have found in place so that other groups can also take part in the tour after you. The town of Angerm\u00fcnde accepts no liability for accidents or damage.   <\/p>\n<p>School classes are welcome to request the tour via the town of Angerm\u00fcnde. Please contact Maren Michaelsen: M.Michaelsen@angermuende.de.<\/p><p><b>Important:<\/b> The geocaching tour is currently only available in German! We are still working on the English translation. <\/p>\n<p>Note for forest visitors:<\/p>\n<p>The following also applies outside of the geocaching tour: you explore the forest at your own risk &#8211; the town of Angerm\u00fcnde accepts no liability. Take care of yourself and treat nature with respect. <\/p>\t\t\t\t\t\t\t\t<\/div>\n\t\t\t\t<\/div>\n\t\t\t\t\t<\/div>\n\t\t\t\t<\/div>\n\t\t<div class=\"elementor-element elementor-element-64f2c55 e-flex e-con-boxed e-con e-parent\" data-id=\"64f2c55\" data-element_type=\"container\" data-e-type=\"container\">\n\t\t\t\t\t<div class=\"e-con-inner\">\n\t\t\t\t\t<\/div>\n\t\t\t\t<\/div>\n\t\t\t\t<\/div>\n\t\t","protected":false},"excerpt":{"rendered":"<p>Geocaching tour &#8220;The 8 treasures of the city forest&#8221; Willkommen zur Geocaching-Tour \u201eDie acht Sch\u00e4tze des Stadtwaldes\u201c im Stadtwald Angerm\u00fcnde! Eight stations with tricky questions and exciting tasks await you on a circular route of around 2 kilometers.You will learn in a playful way why the forest is so important for us humans. This is [&hellip;]<\/p>\n","protected":false},"author":2,"featured_media":0,"parent":0,"menu_order":0,"comment_status":"closed","ping_status":"closed","template":"","meta":{"_acf_changed":false,"inline_featured_image":false,"footnotes":""},"class_list":["post-8176","page","type-page","status-publish","hentry"],"acf":[],"yoast_head":"<!-- This site is optimized with the Yoast SEO plugin v27.1.1 - https:\/\/yoast.com\/product\/yoast-seo-wordpress\/ -->\n<title>Free geocaching in Angerm\u00fcnde city forest - Infopunkt Weltnaturerbe Brandenburgs UNESCO<\/title>\n<meta name=\"description\" content=\"Free geoaching in Brandenburg Angerm\u00fcnde. Tour for children and adults in the Angerm\u00fcnde city forest\" \/>\n<meta name=\"robots\" content=\"index, follow, max-snippet:-1, max-image-preview:large, max-video-preview:-1\" \/>\n<link rel=\"canonical\" href=\"https:\/\/welterbe-grumsin.de\/en\/free-geocaching\/\" \/>\n<meta property=\"og:locale\" content=\"en_US\" \/>\n<meta property=\"og:type\" content=\"article\" \/>\n<meta property=\"og:title\" content=\"Free geocaching in Angerm\u00fcnde city forest - Infopunkt Weltnaturerbe Brandenburgs UNESCO\" \/>\n<meta property=\"og:description\" content=\"Free geoaching in Brandenburg Angerm\u00fcnde. Tour for children and adults in the Angerm\u00fcnde city forest\" \/>\n<meta property=\"og:url\" content=\"https:\/\/welterbe-grumsin.de\/en\/free-geocaching\/\" \/>\n<meta property=\"og:site_name\" content=\"Infopunkt Weltnaturerbe Brandenburgs UNESCO\" \/>\n<meta property=\"article:modified_time\" content=\"2025-12-08T07:46:55+00:00\" \/>\n<meta property=\"og:image\" content=\"https:\/\/welterbe-grumsin.de\/wp-content\/uploads\/2025\/12\/IMG_20250922_082304.jpg\" \/>\n\t<meta property=\"og:image:width\" content=\"1920\" \/>\n\t<meta property=\"og:image:height\" content=\"1440\" \/>\n\t<meta property=\"og:image:type\" content=\"image\/jpeg\" \/>\n<meta name=\"twitter:card\" content=\"summary_large_image\" \/>\n<meta name=\"twitter:label1\" content=\"Est. reading time\" \/>\n\t<meta name=\"twitter:data1\" content=\"1 minute\" \/>\n<script type=\"application\/ld+json\" class=\"yoast-schema-graph\">{\"@context\":\"https:\/\/schema.org\",\"@graph\":[{\"@type\":\"WebPage\",\"@id\":\"https:\/\/welterbe-grumsin.de\/en\/free-geocaching\/\",\"url\":\"https:\/\/welterbe-grumsin.de\/en\/free-geocaching\/\",\"name\":\"Free geocaching in Angerm\u00fcnde city forest - Infopunkt Weltnaturerbe Brandenburgs UNESCO\",\"isPartOf\":{\"@id\":\"https:\/\/welterbe-grumsin.de\/en\/#website\"},\"primaryImageOfPage\":{\"@id\":\"https:\/\/welterbe-grumsin.de\/en\/free-geocaching\/#primaryimage\"},\"image\":{\"@id\":\"https:\/\/welterbe-grumsin.de\/en\/free-geocaching\/#primaryimage\"},\"thumbnailUrl\":\"https:\/\/welterbe-grumsin.de\/wp-content\/uploads\/2025\/12\/IMG_20250922_082304-1024x768.jpg\",\"datePublished\":\"2025-12-01T08:39:53+00:00\",\"dateModified\":\"2025-12-08T07:46:55+00:00\",\"description\":\"Free geoaching in Brandenburg Angerm\u00fcnde. Tour for children and adults in the Angerm\u00fcnde city forest\",\"breadcrumb\":{\"@id\":\"https:\/\/welterbe-grumsin.de\/en\/free-geocaching\/#breadcrumb\"},\"inLanguage\":\"en-US\",\"potentialAction\":[{\"@type\":\"ReadAction\",\"target\":[\"https:\/\/welterbe-grumsin.de\/en\/free-geocaching\/\"]}]},{\"@type\":\"ImageObject\",\"inLanguage\":\"en-US\",\"@id\":\"https:\/\/welterbe-grumsin.de\/en\/free-geocaching\/#primaryimage\",\"url\":\"https:\/\/welterbe-grumsin.de\/wp-content\/uploads\/2025\/12\/IMG_20250922_082304-1024x768.jpg\",\"contentUrl\":\"https:\/\/welterbe-grumsin.de\/wp-content\/uploads\/2025\/12\/IMG_20250922_082304-1024x768.jpg\"},{\"@type\":\"BreadcrumbList\",\"@id\":\"https:\/\/welterbe-grumsin.de\/en\/free-geocaching\/#breadcrumb\",\"itemListElement\":[{\"@type\":\"ListItem\",\"position\":1,\"name\":\"Startseite\",\"item\":\"https:\/\/welterbe-grumsin.de\/en\/homesite\/\"},{\"@type\":\"ListItem\",\"position\":2,\"name\":\"Free geocaching in Angerm\u00fcnde city forest\"}]},{\"@type\":\"WebSite\",\"@id\":\"https:\/\/welterbe-grumsin.de\/en\/#website\",\"url\":\"https:\/\/welterbe-grumsin.de\/en\/\",\"name\":\"welterbe-grumsin\",\"description\":\"Buchenwald Grumsin - Brandenburgs einziges UNESCO-Weltnaturerbe\",\"publisher\":{\"@id\":\"https:\/\/welterbe-grumsin.de\/en\/#organization\"},\"potentialAction\":[{\"@type\":\"SearchAction\",\"target\":{\"@type\":\"EntryPoint\",\"urlTemplate\":\"https:\/\/welterbe-grumsin.de\/en\/?s={search_term_string}\"},\"query-input\":{\"@type\":\"PropertyValueSpecification\",\"valueRequired\":true,\"valueName\":\"search_term_string\"}}],\"inLanguage\":\"en-US\"},{\"@type\":\"Organization\",\"@id\":\"https:\/\/welterbe-grumsin.de\/en\/#organization\",\"name\":\"Infopunkt Weltnaturerbe Brandenburgs UNESCO\",\"url\":\"https:\/\/welterbe-grumsin.de\/en\/\",\"logo\":{\"@type\":\"ImageObject\",\"inLanguage\":\"en-US\",\"@id\":\"https:\/\/welterbe-grumsin.de\/en\/#\/schema\/logo\/image\/\",\"url\":\"https:\/\/welterbe-grumsin.de\/wp-content\/uploads\/2024\/06\/weltnaturerbe_logo.svg\",\"contentUrl\":\"https:\/\/welterbe-grumsin.de\/wp-content\/uploads\/2024\/06\/weltnaturerbe_logo.svg\",\"width\":204,\"height\":273,\"caption\":\"Infopunkt Weltnaturerbe Brandenburgs UNESCO\"},\"image\":{\"@id\":\"https:\/\/welterbe-grumsin.de\/en\/#\/schema\/logo\/image\/\"}}]}<\/script>\n<!-- \/ Yoast SEO plugin. -->","yoast_head_json":{"title":"Free geocaching in Angerm\u00fcnde city forest - Infopunkt Weltnaturerbe Brandenburgs UNESCO","description":"Free geoaching in Brandenburg Angerm\u00fcnde. Tour for children and adults in the Angerm\u00fcnde city forest","robots":{"index":"index","follow":"follow","max-snippet":"max-snippet:-1","max-image-preview":"max-image-preview:large","max-video-preview":"max-video-preview:-1"},"canonical":"https:\/\/welterbe-grumsin.de\/en\/free-geocaching\/","og_locale":"en_US","og_type":"article","og_title":"Free geocaching in Angerm\u00fcnde city forest - Infopunkt Weltnaturerbe Brandenburgs UNESCO","og_description":"Free geoaching in Brandenburg Angerm\u00fcnde. Tour for children and adults in the Angerm\u00fcnde city forest","og_url":"https:\/\/welterbe-grumsin.de\/en\/free-geocaching\/","og_site_name":"Infopunkt Weltnaturerbe Brandenburgs UNESCO","article_modified_time":"2025-12-08T07:46:55+00:00","og_image":[{"width":1920,"height":1440,"url":"https:\/\/welterbe-grumsin.de\/wp-content\/uploads\/2025\/12\/IMG_20250922_082304.jpg","type":"image\/jpeg"}],"twitter_card":"summary_large_image","twitter_misc":{"Est. reading time":"1 minute"},"schema":{"@context":"https:\/\/schema.org","@graph":[{"@type":"WebPage","@id":"https:\/\/welterbe-grumsin.de\/en\/free-geocaching\/","url":"https:\/\/welterbe-grumsin.de\/en\/free-geocaching\/","name":"Free geocaching in Angerm\u00fcnde city forest - Infopunkt Weltnaturerbe Brandenburgs UNESCO","isPartOf":{"@id":"https:\/\/welterbe-grumsin.de\/en\/#website"},"primaryImageOfPage":{"@id":"https:\/\/welterbe-grumsin.de\/en\/free-geocaching\/#primaryimage"},"image":{"@id":"https:\/\/welterbe-grumsin.de\/en\/free-geocaching\/#primaryimage"},"thumbnailUrl":"https:\/\/welterbe-grumsin.de\/wp-content\/uploads\/2025\/12\/IMG_20250922_082304-1024x768.jpg","datePublished":"2025-12-01T08:39:53+00:00","dateModified":"2025-12-08T07:46:55+00:00","description":"Free geoaching in Brandenburg Angerm\u00fcnde. Tour for children and adults in the Angerm\u00fcnde city forest","breadcrumb":{"@id":"https:\/\/welterbe-grumsin.de\/en\/free-geocaching\/#breadcrumb"},"inLanguage":"en-US","potentialAction":[{"@type":"ReadAction","target":["https:\/\/welterbe-grumsin.de\/en\/free-geocaching\/"]}]},{"@type":"ImageObject","inLanguage":"en-US","@id":"https:\/\/welterbe-grumsin.de\/en\/free-geocaching\/#primaryimage","url":"https:\/\/welterbe-grumsin.de\/wp-content\/uploads\/2025\/12\/IMG_20250922_082304-1024x768.jpg","contentUrl":"https:\/\/welterbe-grumsin.de\/wp-content\/uploads\/2025\/12\/IMG_20250922_082304-1024x768.jpg"},{"@type":"BreadcrumbList","@id":"https:\/\/welterbe-grumsin.de\/en\/free-geocaching\/#breadcrumb","itemListElement":[{"@type":"ListItem","position":1,"name":"Startseite","item":"https:\/\/welterbe-grumsin.de\/en\/homesite\/"},{"@type":"ListItem","position":2,"name":"Free geocaching in Angerm\u00fcnde city forest"}]},{"@type":"WebSite","@id":"https:\/\/welterbe-grumsin.de\/en\/#website","url":"https:\/\/welterbe-grumsin.de\/en\/","name":"welterbe-grumsin","description":"Buchenwald Grumsin - Brandenburgs einziges UNESCO-Weltnaturerbe","publisher":{"@id":"https:\/\/welterbe-grumsin.de\/en\/#organization"},"potentialAction":[{"@type":"SearchAction","target":{"@type":"EntryPoint","urlTemplate":"https:\/\/welterbe-grumsin.de\/en\/?s={search_term_string}"},"query-input":{"@type":"PropertyValueSpecification","valueRequired":true,"valueName":"search_term_string"}}],"inLanguage":"en-US"},{"@type":"Organization","@id":"https:\/\/welterbe-grumsin.de\/en\/#organization","name":"Infopunkt Weltnaturerbe Brandenburgs UNESCO","url":"https:\/\/welterbe-grumsin.de\/en\/","logo":{"@type":"ImageObject","inLanguage":"en-US","@id":"https:\/\/welterbe-grumsin.de\/en\/#\/schema\/logo\/image\/","url":"https:\/\/welterbe-grumsin.de\/wp-content\/uploads\/2024\/06\/weltnaturerbe_logo.svg","contentUrl":"https:\/\/welterbe-grumsin.de\/wp-content\/uploads\/2024\/06\/weltnaturerbe_logo.svg","width":204,"height":273,"caption":"Infopunkt Weltnaturerbe Brandenburgs UNESCO"},"image":{"@id":"https:\/\/welterbe-grumsin.de\/en\/#\/schema\/logo\/image\/"}}]}},"_links":{"self":[{"href":"https:\/\/welterbe-grumsin.de\/en\/wp-json\/wp\/v2\/pages\/8176","targetHints":{"allow":["GET"]}}],"collection":[{"href":"https:\/\/welterbe-grumsin.de\/en\/wp-json\/wp\/v2\/pages"}],"about":[{"href":"https:\/\/welterbe-grumsin.de\/en\/wp-json\/wp\/v2\/types\/page"}],"author":[{"embeddable":true,"href":"https:\/\/welterbe-grumsin.de\/en\/wp-json\/wp\/v2\/users\/2"}],"replies":[{"embeddable":true,"href":"https:\/\/welterbe-grumsin.de\/en\/wp-json\/wp\/v2\/comments?post=8176"}],"version-history":[{"count":13,"href":"https:\/\/welterbe-grumsin.de\/en\/wp-json\/wp\/v2\/pages\/8176\/revisions"}],"predecessor-version":[{"id":8229,"href":"https:\/\/welterbe-grumsin.de\/en\/wp-json\/wp\/v2\/pages\/8176\/revisions\/8229"}],"wp:attachment":[{"href":"https:\/\/welterbe-grumsin.de\/en\/wp-json\/wp\/v2\/media?parent=8176"}],"curies":[{"name":"wp","href":"https:\/\/api.w.org\/{rel}","templated":true}]}}