{"id":7074,"date":"2024-06-19T05:41:44","date_gmt":"2024-06-19T03:41:44","guid":{"rendered":"https:\/\/welterbe-grumsin.de\/najnowsze-wiadomosci\/"},"modified":"2025-02-26T12:44:28","modified_gmt":"2025-02-26T11:44:28","slug":"najnowsze-wiadomosci","status":"publish","type":"page","link":"https:\/\/welterbe-grumsin.de\/pl\/najnowsze-wiadomosci\/","title":{"rendered":"Wiadomo\u015bci"},"content":{"rendered":"\t\t<div data-elementor-type=\"wp-page\" data-elementor-id=\"7074\" class=\"elementor elementor-7074 elementor-151\" data-elementor-post-type=\"page\">\n\t\t\t\t<div class=\"elementor-element elementor-element-2924bc7 e-flex e-con-boxed e-con e-parent\" data-id=\"2924bc7\" data-element_type=\"container\" data-e-type=\"container\">\n\t\t\t\t\t<div class=\"e-con-inner\">\n\t\t\t\t<div class=\"elementor-element elementor-element-8c4ab82 elementor-widget elementor-widget-heading\" data-id=\"8c4ab82\" data-element_type=\"widget\" data-e-type=\"widget\" data-widget_type=\"heading.default\">\n\t\t\t\t<div class=\"elementor-widget-container\">\n\t\t\t\t\t<h1 class=\"elementor-heading-title elementor-size-default\">Aktualne informacje o lesie bukowym Grumsin<\/h1>\t\t\t\t<\/div>\n\t\t\t\t<\/div>\n\t\t\t\t\t<\/div>\n\t\t\t\t<\/div>\n\t\t<div class=\"elementor-element elementor-element-0f76e90 e-flex e-con-boxed e-con e-parent\" data-id=\"0f76e90\" data-element_type=\"container\" data-e-type=\"container\">\n\t\t\t\t\t<div class=\"e-con-inner\">\n\t\t\t\t<div class=\"elementor-element elementor-element-05de7ab elementor-widget elementor-widget-text-editor\" data-id=\"05de7ab\" data-element_type=\"widget\" data-e-type=\"widget\" data-widget_type=\"text-editor.default\">\n\t\t\t\t<div class=\"elementor-widget-container\">\n\t\t\t\t\t\t\t\t\t<p>W tym miejscu dowiesz si\u0119 wi\u0119cej o aktualnych wydarzeniach i nowo\u015bciach w obiekcie \u015bwiatowego dziedzictwa las bukowy Grumsin. Informacje o imprezach, wycieczkach z przewodnikiem oraz o szczeg\u00f3lnych wydarzeniach mo\u017cna znale\u017a\u0107 w tym zestawieniu. Oferty dla klas szkolnych, grup dzieci\u0119cych i przedszkoli mo\u017cna znale\u017a\u0107 na <a href=\"https:\/\/welterbe-grumsin.de\/pl\/oferty-dla-klas-szkolnych-i-grup-dzieci\/\" target=\"_blank\" rel=\"noopener\">stronie pod \u201eRezerwacja wycieczek<\/a>\u201d.  <\/p>\n\t\t\t\t\t\t\t\t<\/div>\n\t\t\t\t<\/div>\n\t\t\t\t\t<\/div>\n\t\t\t\t<\/div>\n\t\t<div class=\"elementor-element elementor-element-4b2376a e-flex e-con-boxed e-con e-parent\" data-id=\"4b2376a\" data-element_type=\"container\" data-e-type=\"container\">\n\t\t\t\t\t<div class=\"e-con-inner\">\n\t\t\t\t\t<\/div>\n\t\t\t\t<\/div>\n\t\t\t\t<\/div>\n\t\t","protected":false},"excerpt":{"rendered":"<p>Aktualne informacje o lesie bukowym Grumsin W tym miejscu dowiesz si\u0119 wi\u0119cej o aktualnych wydarzeniach i nowo\u015bciach w obiekcie \u015bwiatowego dziedzictwa las bukowy Grumsin. Informacje o imprezach, wycieczkach z przewodnikiem oraz o szczeg\u00f3lnych wydarzeniach mo\u017cna znale\u017a\u0107 w tym zestawieniu. Oferty dla klas szkolnych, grup dzieci\u0119cych i przedszkoli mo\u017cna znale\u017a\u0107 na stronie pod \u201eRezerwacja wycieczek\u201d.<\/p>\n","protected":false},"author":1,"featured_media":6072,"parent":0,"menu_order":0,"comment_status":"closed","ping_status":"closed","template":"","meta":{"_acf_changed":false,"inline_featured_image":false,"footnotes":""},"class_list":["post-7074","page","type-page","status-publish","has-post-thumbnail","hentry"],"acf":[],"yoast_head":"<!-- This site is optimized with the Yoast SEO plugin v27.4 - https:\/\/yoast.com\/product\/yoast-seo-wordpress\/ -->\n<title>Wiadomo\u015bci - Infopunkt Weltnaturerbe Brandenburgs UNESCO<\/title>\n<meta name=\"description\" content=\"Tutaj znajdziesz wszystkie aktualne wydarzenia w Grumsin Beech Forest World Heritage Site: imprezy, wycieczki z przewodnikiem i sezonowe specja\u0142y.\" \/>\n<meta name=\"robots\" content=\"index, follow, max-snippet:-1, max-image-preview:large, max-video-preview:-1\" \/>\n<link rel=\"canonical\" href=\"https:\/\/welterbe-grumsin.de\/pl\/najnowsze-wiadomosci\/\" \/>\n<meta property=\"og:locale\" content=\"pl_PL\" \/>\n<meta property=\"og:type\" content=\"article\" \/>\n<meta property=\"og:title\" content=\"Wiadomo\u015bci - Infopunkt Weltnaturerbe Brandenburgs UNESCO\" \/>\n<meta property=\"og:description\" content=\"Tutaj znajdziesz wszystkie aktualne wydarzenia w Grumsin Beech Forest World Heritage Site: imprezy, wycieczki z przewodnikiem i sezonowe specja\u0142y.\" \/>\n<meta property=\"og:url\" content=\"https:\/\/welterbe-grumsin.de\/pl\/najnowsze-wiadomosci\/\" \/>\n<meta property=\"og:site_name\" content=\"Infopunkt Weltnaturerbe Brandenburgs UNESCO\" \/>\n<meta property=\"article:modified_time\" content=\"2025-02-26T11:44:28+00:00\" \/>\n<meta property=\"og:image\" content=\"https:\/\/welterbe-grumsin.de\/wp-content\/uploads\/2024\/09\/aktuelles-beitragsbild-1.jpg\" \/>\n\t<meta property=\"og:image:width\" content=\"1024\" \/>\n\t<meta property=\"og:image:height\" content=\"683\" \/>\n\t<meta property=\"og:image:type\" content=\"image\/jpeg\" \/>\n<meta name=\"twitter:card\" content=\"summary_large_image\" \/>\n<script type=\"application\/ld+json\" class=\"yoast-schema-graph\">{\"@context\":\"https:\\\/\\\/schema.org\",\"@graph\":[{\"@type\":\"WebPage\",\"@id\":\"https:\\\/\\\/welterbe-grumsin.de\\\/pl\\\/najnowsze-wiadomosci\\\/\",\"url\":\"https:\\\/\\\/welterbe-grumsin.de\\\/pl\\\/najnowsze-wiadomosci\\\/\",\"name\":\"Wiadomo\u015bci - Infopunkt Weltnaturerbe Brandenburgs UNESCO\",\"isPartOf\":{\"@id\":\"https:\\\/\\\/welterbe-grumsin.de\\\/pl\\\/#website\"},\"primaryImageOfPage\":{\"@id\":\"https:\\\/\\\/welterbe-grumsin.de\\\/pl\\\/najnowsze-wiadomosci\\\/#primaryimage\"},\"image\":{\"@id\":\"https:\\\/\\\/welterbe-grumsin.de\\\/pl\\\/najnowsze-wiadomosci\\\/#primaryimage\"},\"thumbnailUrl\":\"https:\\\/\\\/welterbe-grumsin.de\\\/wp-content\\\/uploads\\\/2024\\\/09\\\/aktuelles-beitragsbild-1.jpg\",\"datePublished\":\"2024-06-19T03:41:44+00:00\",\"dateModified\":\"2025-02-26T11:44:28+00:00\",\"description\":\"Tutaj znajdziesz wszystkie aktualne wydarzenia w Grumsin Beech Forest World Heritage Site: imprezy, wycieczki z przewodnikiem i sezonowe specja\u0142y.\",\"breadcrumb\":{\"@id\":\"https:\\\/\\\/welterbe-grumsin.de\\\/pl\\\/najnowsze-wiadomosci\\\/#breadcrumb\"},\"inLanguage\":\"pl-PL\",\"potentialAction\":[{\"@type\":\"ReadAction\",\"target\":[\"https:\\\/\\\/welterbe-grumsin.de\\\/pl\\\/najnowsze-wiadomosci\\\/\"]}]},{\"@type\":\"ImageObject\",\"inLanguage\":\"pl-PL\",\"@id\":\"https:\\\/\\\/welterbe-grumsin.de\\\/pl\\\/najnowsze-wiadomosci\\\/#primaryimage\",\"url\":\"https:\\\/\\\/welterbe-grumsin.de\\\/wp-content\\\/uploads\\\/2024\\\/09\\\/aktuelles-beitragsbild-1.jpg\",\"contentUrl\":\"https:\\\/\\\/welterbe-grumsin.de\\\/wp-content\\\/uploads\\\/2024\\\/09\\\/aktuelles-beitragsbild-1.jpg\",\"width\":1024,\"height\":683},{\"@type\":\"BreadcrumbList\",\"@id\":\"https:\\\/\\\/welterbe-grumsin.de\\\/pl\\\/najnowsze-wiadomosci\\\/#breadcrumb\",\"itemListElement\":[{\"@type\":\"ListItem\",\"position\":1,\"name\":\"Startseite\",\"item\":\"https:\\\/\\\/welterbe-grumsin.de\\\/pl\\\/strona-glowna\\\/\"},{\"@type\":\"ListItem\",\"position\":2,\"name\":\"Wiadomo\u015bci\"}]},{\"@type\":\"WebSite\",\"@id\":\"https:\\\/\\\/welterbe-grumsin.de\\\/pl\\\/#website\",\"url\":\"https:\\\/\\\/welterbe-grumsin.de\\\/pl\\\/\",\"name\":\"welterbe-grumsin\",\"description\":\"Buchenwald Grumsin - Brandenburgs einziges UNESCO-Weltnaturerbe\",\"publisher\":{\"@id\":\"https:\\\/\\\/welterbe-grumsin.de\\\/pl\\\/#organization\"},\"potentialAction\":[{\"@type\":\"SearchAction\",\"target\":{\"@type\":\"EntryPoint\",\"urlTemplate\":\"https:\\\/\\\/welterbe-grumsin.de\\\/pl\\\/?s={search_term_string}\"},\"query-input\":{\"@type\":\"PropertyValueSpecification\",\"valueRequired\":true,\"valueName\":\"search_term_string\"}}],\"inLanguage\":\"pl-PL\"},{\"@type\":\"Organization\",\"@id\":\"https:\\\/\\\/welterbe-grumsin.de\\\/pl\\\/#organization\",\"name\":\"Infopunkt Weltnaturerbe Brandenburgs UNESCO\",\"url\":\"https:\\\/\\\/welterbe-grumsin.de\\\/pl\\\/\",\"logo\":{\"@type\":\"ImageObject\",\"inLanguage\":\"pl-PL\",\"@id\":\"https:\\\/\\\/welterbe-grumsin.de\\\/pl\\\/#\\\/schema\\\/logo\\\/image\\\/\",\"url\":\"https:\\\/\\\/welterbe-grumsin.de\\\/wp-content\\\/uploads\\\/2024\\\/06\\\/weltnaturerbe_logo.svg\",\"contentUrl\":\"https:\\\/\\\/welterbe-grumsin.de\\\/wp-content\\\/uploads\\\/2024\\\/06\\\/weltnaturerbe_logo.svg\",\"width\":204,\"height\":273,\"caption\":\"Infopunkt Weltnaturerbe Brandenburgs UNESCO\"},\"image\":{\"@id\":\"https:\\\/\\\/welterbe-grumsin.de\\\/pl\\\/#\\\/schema\\\/logo\\\/image\\\/\"}}]}<\/script>\n<!-- \/ Yoast SEO plugin. -->","yoast_head_json":{"title":"Wiadomo\u015bci - Infopunkt Weltnaturerbe Brandenburgs UNESCO","description":"Tutaj znajdziesz wszystkie aktualne wydarzenia w Grumsin Beech Forest World Heritage Site: imprezy, wycieczki z przewodnikiem i sezonowe specja\u0142y.","robots":{"index":"index","follow":"follow","max-snippet":"max-snippet:-1","max-image-preview":"max-image-preview:large","max-video-preview":"max-video-preview:-1"},"canonical":"https:\/\/welterbe-grumsin.de\/pl\/najnowsze-wiadomosci\/","og_locale":"pl_PL","og_type":"article","og_title":"Wiadomo\u015bci - Infopunkt Weltnaturerbe Brandenburgs UNESCO","og_description":"Tutaj znajdziesz wszystkie aktualne wydarzenia w Grumsin Beech Forest World Heritage Site: imprezy, wycieczki z przewodnikiem i sezonowe specja\u0142y.","og_url":"https:\/\/welterbe-grumsin.de\/pl\/najnowsze-wiadomosci\/","og_site_name":"Infopunkt Weltnaturerbe Brandenburgs UNESCO","article_modified_time":"2025-02-26T11:44:28+00:00","og_image":[{"width":1024,"height":683,"url":"https:\/\/welterbe-grumsin.de\/wp-content\/uploads\/2024\/09\/aktuelles-beitragsbild-1.jpg","type":"image\/jpeg"}],"twitter_card":"summary_large_image","schema":{"@context":"https:\/\/schema.org","@graph":[{"@type":"WebPage","@id":"https:\/\/welterbe-grumsin.de\/pl\/najnowsze-wiadomosci\/","url":"https:\/\/welterbe-grumsin.de\/pl\/najnowsze-wiadomosci\/","name":"Wiadomo\u015bci - Infopunkt Weltnaturerbe Brandenburgs UNESCO","isPartOf":{"@id":"https:\/\/welterbe-grumsin.de\/pl\/#website"},"primaryImageOfPage":{"@id":"https:\/\/welterbe-grumsin.de\/pl\/najnowsze-wiadomosci\/#primaryimage"},"image":{"@id":"https:\/\/welterbe-grumsin.de\/pl\/najnowsze-wiadomosci\/#primaryimage"},"thumbnailUrl":"https:\/\/welterbe-grumsin.de\/wp-content\/uploads\/2024\/09\/aktuelles-beitragsbild-1.jpg","datePublished":"2024-06-19T03:41:44+00:00","dateModified":"2025-02-26T11:44:28+00:00","description":"Tutaj znajdziesz wszystkie aktualne wydarzenia w Grumsin Beech Forest World Heritage Site: imprezy, wycieczki z przewodnikiem i sezonowe specja\u0142y.","breadcrumb":{"@id":"https:\/\/welterbe-grumsin.de\/pl\/najnowsze-wiadomosci\/#breadcrumb"},"inLanguage":"pl-PL","potentialAction":[{"@type":"ReadAction","target":["https:\/\/welterbe-grumsin.de\/pl\/najnowsze-wiadomosci\/"]}]},{"@type":"ImageObject","inLanguage":"pl-PL","@id":"https:\/\/welterbe-grumsin.de\/pl\/najnowsze-wiadomosci\/#primaryimage","url":"https:\/\/welterbe-grumsin.de\/wp-content\/uploads\/2024\/09\/aktuelles-beitragsbild-1.jpg","contentUrl":"https:\/\/welterbe-grumsin.de\/wp-content\/uploads\/2024\/09\/aktuelles-beitragsbild-1.jpg","width":1024,"height":683},{"@type":"BreadcrumbList","@id":"https:\/\/welterbe-grumsin.de\/pl\/najnowsze-wiadomosci\/#breadcrumb","itemListElement":[{"@type":"ListItem","position":1,"name":"Startseite","item":"https:\/\/welterbe-grumsin.de\/pl\/strona-glowna\/"},{"@type":"ListItem","position":2,"name":"Wiadomo\u015bci"}]},{"@type":"WebSite","@id":"https:\/\/welterbe-grumsin.de\/pl\/#website","url":"https:\/\/welterbe-grumsin.de\/pl\/","name":"welterbe-grumsin","description":"Buchenwald Grumsin - Brandenburgs einziges UNESCO-Weltnaturerbe","publisher":{"@id":"https:\/\/welterbe-grumsin.de\/pl\/#organization"},"potentialAction":[{"@type":"SearchAction","target":{"@type":"EntryPoint","urlTemplate":"https:\/\/welterbe-grumsin.de\/pl\/?s={search_term_string}"},"query-input":{"@type":"PropertyValueSpecification","valueRequired":true,"valueName":"search_term_string"}}],"inLanguage":"pl-PL"},{"@type":"Organization","@id":"https:\/\/welterbe-grumsin.de\/pl\/#organization","name":"Infopunkt Weltnaturerbe Brandenburgs UNESCO","url":"https:\/\/welterbe-grumsin.de\/pl\/","logo":{"@type":"ImageObject","inLanguage":"pl-PL","@id":"https:\/\/welterbe-grumsin.de\/pl\/#\/schema\/logo\/image\/","url":"https:\/\/welterbe-grumsin.de\/wp-content\/uploads\/2024\/06\/weltnaturerbe_logo.svg","contentUrl":"https:\/\/welterbe-grumsin.de\/wp-content\/uploads\/2024\/06\/weltnaturerbe_logo.svg","width":204,"height":273,"caption":"Infopunkt Weltnaturerbe Brandenburgs UNESCO"},"image":{"@id":"https:\/\/welterbe-grumsin.de\/pl\/#\/schema\/logo\/image\/"}}]}},"_links":{"self":[{"href":"https:\/\/welterbe-grumsin.de\/pl\/wp-json\/wp\/v2\/pages\/7074","targetHints":{"allow":["GET"]}}],"collection":[{"href":"https:\/\/welterbe-grumsin.de\/pl\/wp-json\/wp\/v2\/pages"}],"about":[{"href":"https:\/\/welterbe-grumsin.de\/pl\/wp-json\/wp\/v2\/types\/page"}],"author":[{"embeddable":true,"href":"https:\/\/welterbe-grumsin.de\/pl\/wp-json\/wp\/v2\/users\/1"}],"replies":[{"embeddable":true,"href":"https:\/\/welterbe-grumsin.de\/pl\/wp-json\/wp\/v2\/comments?post=7074"}],"version-history":[{"count":3,"href":"https:\/\/welterbe-grumsin.de\/pl\/wp-json\/wp\/v2\/pages\/7074\/revisions"}],"predecessor-version":[{"id":7223,"href":"https:\/\/welterbe-grumsin.de\/pl\/wp-json\/wp\/v2\/pages\/7074\/revisions\/7223"}],"wp:featuredmedia":[{"embeddable":true,"href":"https:\/\/welterbe-grumsin.de\/pl\/wp-json\/wp\/v2\/media\/6072"}],"wp:attachment":[{"href":"https:\/\/welterbe-grumsin.de\/pl\/wp-json\/wp\/v2\/media?parent=7074"}],"curies":[{"name":"wp","href":"https:\/\/api.w.org\/{rel}","templated":true}]}}