{"id":7080,"date":"2024-06-19T05:42:41","date_gmt":"2024-06-19T03:42:41","guid":{"rendered":"https:\/\/welterbe-grumsin.de\/oferty-dla-klas-szkolnych-i-grup-dzieci\/"},"modified":"2025-02-24T11:27:29","modified_gmt":"2025-02-24T10:27:29","slug":"oferty-dla-klas-szkolnych-i-grup-dzieci","status":"publish","type":"page","link":"https:\/\/welterbe-grumsin.de\/pl\/oferty-dla-klas-szkolnych-i-grup-dzieci\/","title":{"rendered":"Oferty dla klas szkolnych i grup dzieci"},"content":{"rendered":"\t\t<div data-elementor-type=\"wp-page\" data-elementor-id=\"7080\" class=\"elementor elementor-7080 elementor-155\" data-elementor-post-type=\"page\">\n\t\t\t\t<div class=\"elementor-element elementor-element-fb1079b e-flex e-con-boxed e-con e-parent\" data-id=\"fb1079b\" data-element_type=\"container\" data-e-type=\"container\">\n\t\t\t\t\t<div class=\"e-con-inner\">\n\t\t\t\t<div class=\"elementor-element elementor-element-c754009 elementor-widget elementor-widget-heading\" data-id=\"c754009\" data-element_type=\"widget\" data-e-type=\"widget\" data-widget_type=\"heading.default\">\n\t\t\t\t<div class=\"elementor-widget-container\">\n\t\t\t\t\t<h1 class=\"elementor-heading-title elementor-size-default\">Oferty dla klas szkolnych i grup dzieci<\/h1>\t\t\t\t<\/div>\n\t\t\t\t<\/div>\n\t\t\t\t\t<\/div>\n\t\t\t\t<\/div>\n\t\t<div class=\"elementor-element elementor-element-09184d2 e-flex e-con-boxed e-con e-parent\" data-id=\"09184d2\" data-element_type=\"container\" data-e-type=\"container\">\n\t\t\t\t\t<div class=\"e-con-inner\">\n\t\t<div class=\"elementor-element elementor-element-a2251c3 e-con-full e-flex e-con e-child\" data-id=\"a2251c3\" data-element_type=\"container\" data-e-type=\"container\">\n\t\t\t\t<div class=\"elementor-element elementor-element-d43e3af elementor-widget elementor-widget-image\" data-id=\"d43e3af\" data-element_type=\"widget\" data-e-type=\"widget\" data-widget_type=\"image.default\">\n\t\t\t\t<div class=\"elementor-widget-container\">\n\t\t\t\t\t\t\t\t\t\t\t\t\t\t\t<img fetchpriority=\"high\" decoding=\"async\" width=\"800\" height=\"534\" src=\"https:\/\/welterbe-grumsin.de\/wp-content\/uploads\/2024\/09\/besonderheiten-und-eiszeitliche-entstehung\u200b\u200b.jpg\" class=\"attachment-large size-large wp-image-5986\" alt=\"\" srcset=\"https:\/\/welterbe-grumsin.de\/wp-content\/uploads\/2024\/09\/besonderheiten-und-eiszeitliche-entstehung\u200b\u200b.jpg 1024w, https:\/\/welterbe-grumsin.de\/wp-content\/uploads\/2024\/09\/besonderheiten-und-eiszeitliche-entstehung\u200b\u200b-300x200.jpg 300w, https:\/\/welterbe-grumsin.de\/wp-content\/uploads\/2024\/09\/besonderheiten-und-eiszeitliche-entstehung\u200b\u200b-768x512.jpg 768w\" sizes=\"(max-width: 800px) 100vw, 800px\" \/>\t\t\t\t\t\t\t\t\t\t\t\t\t\t\t<\/div>\n\t\t\t\t<\/div>\n\t\t\t\t<\/div>\n\t\t<div class=\"elementor-element elementor-element-d7a2234 e-con-full e-flex e-con e-child\" data-id=\"d7a2234\" data-element_type=\"container\" data-e-type=\"container\">\n\t\t\t\t<div class=\"elementor-element elementor-element-b03b8d6 elementor-widget elementor-widget-heading\" data-id=\"b03b8d6\" data-element_type=\"widget\" data-e-type=\"widget\" data-widget_type=\"heading.default\">\n\t\t\t\t<div class=\"elementor-widget-container\">\n\t\t\t\t\t<h2 class=\"elementor-heading-title elementor-size-default\">Cudowny \u015bwiat lasu i wody<\/h2>\t\t\t\t<\/div>\n\t\t\t\t<\/div>\n\t\t\t\t<div class=\"elementor-element elementor-element-0778f6c elementor-widget elementor-widget-text-editor\" data-id=\"0778f6c\" data-element_type=\"widget\" data-e-type=\"widget\" data-widget_type=\"text-editor.default\">\n\t\t\t\t<div class=\"elementor-widget-container\">\n\t\t\t\t\t\t\t\t\t<h3 style=\"color: #8eaa3c;\">Od przedszkola do czwartej klasy | od 3 do 6 godzin | las miejski Angerm\u00fcnder, Gehegem\u00fchle<\/h3>\n<p>Odkrywanie zwierz\u0105t, ro\u015blin i ich \u015brodowisk w lesie i nad wod\u0105, rozpoznawanie i pod\u0105\u017canie \u015bladami zwierz\u0105t w formie zabawy, z badawczym zapa\u0142em i ca\u0142ym mn\u00f3stwem ruchu.<\/p>\n<p>Koszty: bezp\u0142atnie<\/p>\n<p><strong>Organizator i kontakt:<br \/><\/strong>Stra\u017c le\u015bna Brandenburg<br \/>E-Mail: blumbergermuehle@naturwacht.de<br \/>Telefon: +49 3331 2984945<\/p>\n\t\t\t\t\t\t\t\t<\/div>\n\t\t\t\t<\/div>\n\t\t\t\t<\/div>\n\t\t\t\t\t<\/div>\n\t\t\t\t<\/div>\n\t\t<div class=\"elementor-element elementor-element-7cf1d53 e-flex e-con-boxed e-con e-parent\" data-id=\"7cf1d53\" data-element_type=\"container\" data-e-type=\"container\">\n\t\t\t\t\t<div class=\"e-con-inner\">\n\t\t<div class=\"elementor-element elementor-element-bb9ebfe e-con-full e-flex e-con e-child\" data-id=\"bb9ebfe\" data-element_type=\"container\" data-e-type=\"container\">\n\t\t\t\t<div class=\"elementor-element elementor-element-4034490 elementor-widget elementor-widget-image\" data-id=\"4034490\" data-element_type=\"widget\" data-e-type=\"widget\" data-widget_type=\"image.default\">\n\t\t\t\t<div class=\"elementor-widget-container\">\n\t\t\t\t\t\t\t\t\t\t\t\t\t\t\t<img decoding=\"async\" width=\"800\" height=\"534\" src=\"https:\/\/welterbe-grumsin.de\/wp-content\/uploads\/2024\/09\/Geopark-von-der-Eiszeit-in-die-Steinzeit.jpg\" class=\"attachment-large size-large wp-image-6058\" alt=\"\" srcset=\"https:\/\/welterbe-grumsin.de\/wp-content\/uploads\/2024\/09\/Geopark-von-der-Eiszeit-in-die-Steinzeit.jpg 1024w, https:\/\/welterbe-grumsin.de\/wp-content\/uploads\/2024\/09\/Geopark-von-der-Eiszeit-in-die-Steinzeit-300x200.jpg 300w, https:\/\/welterbe-grumsin.de\/wp-content\/uploads\/2024\/09\/Geopark-von-der-Eiszeit-in-die-Steinzeit-768x512.jpg 768w\" sizes=\"(max-width: 800px) 100vw, 800px\" \/>\t\t\t\t\t\t\t\t\t\t\t\t\t\t\t<\/div>\n\t\t\t\t<\/div>\n\t\t\t\t<\/div>\n\t\t<div class=\"elementor-element elementor-element-9f7c70c e-con-full e-flex e-con e-child\" data-id=\"9f7c70c\" data-element_type=\"container\" data-e-type=\"container\">\n\t\t\t\t<div class=\"elementor-element elementor-element-bb6472c elementor-widget elementor-widget-heading\" data-id=\"bb6472c\" data-element_type=\"widget\" data-e-type=\"widget\" data-widget_type=\"heading.default\">\n\t\t\t\t<div class=\"elementor-widget-container\">\n\t\t\t\t\t<h2 class=\"elementor-heading-title elementor-size-default\">Od epoki lodowcowej do epoki kamiennej<\/h2>\t\t\t\t<\/div>\n\t\t\t\t<\/div>\n\t\t\t\t<div class=\"elementor-element elementor-element-cf8149d elementor-widget elementor-widget-text-editor\" data-id=\"cf8149d\" data-element_type=\"widget\" data-e-type=\"widget\" data-widget_type=\"text-editor.default\">\n\t\t\t\t<div class=\"elementor-widget-container\">\n\t\t\t\t\t\t\t\t\t<h3 style=\"color: #8eaa3c;\">Od przedszkola do 10. klasy | od 1,5 do 5 godzin | Geopark Gro\u00df-Ziethen<\/h3>\n<p>Wgl\u0105d w geologiczne podstawy obiektu \u015bwiatowego dziedzictwa przyrodniczego oraz rozw\u00f3j cz\u0142owieka w regionie na koniec epoki lodowcowej i po jej zako\u0144czeniu. <\/p>\n<ul>\n<li>\n<p>Wa\u017cne uwagi dotycz\u0105ce organizacji<\/p>\n<p>Wielko\u015b\u0107 grupy dla modu\u0142u &#8222;Epoka kamienia \u0142upanego&#8221; w muzeum:<\/p>\n<p>Do 25 dzieci: Mo\u017cliwo\u015b\u0107 zorganizowania w muzeum bez dodatkowego nadzoru.<\/p>\n<p>Od 26 do maksymalnie 50 dzieci: grupa zostanie podzielona i konieczna b\u0119dzie rezerwacja wycieczki z przewodnikiem geologiem.<\/p>\n<p>Wielko\u015b\u0107 grupy na wycieczki do miejsc przyg\u00f3d z geologiem:<\/p>\n<p>Wycieczka z przewodnikiem geologiem dla maksymalnie 25 dzieci. Rezerwacja geologa jest obowi\u0105zkowa. <\/p>\n<p>Koszty:<\/p>\n<p>Wst\u0119p do Muzeum Epoki Lodowcowej: 1,50 \u20ac za dziecko.<\/p>\n<p>Opcjonalna wycieczka z przewodnikiem i geologiem: 35,00 \u20ac za godzin\u0119 (konieczne w przypadku wi\u0119kszych grup).<\/p>\n<\/li>\n<\/ul>\n<p><strong>Organizator i kontakt:<br \/><\/strong><a href=\"https:\/\/www.geopark-eiszeitland.de\/\" target=\"_blank\" rel=\"noopener\">Biuro projektu Geopark Eiszeitland am Oderrand e.V.<\/a> w Joachimsthal<br \/>E-Mail: <a href=\"mailto:kirsch@geopark-eiszeitland.de\/\">kirsch@geopark-eiszeitland.de<\/a><br \/>Telefon: +49 33361 64638<\/p>\n<div> <\/div>\n\t\t\t\t\t\t\t\t<\/div>\n\t\t\t\t<\/div>\n\t\t\t\t<\/div>\n\t\t\t\t\t<\/div>\n\t\t\t\t<\/div>\n\t\t<div class=\"elementor-element elementor-element-50b8ee6 e-flex e-con-boxed e-con e-parent\" data-id=\"50b8ee6\" data-element_type=\"container\" data-e-type=\"container\">\n\t\t\t\t\t<div class=\"e-con-inner\">\n\t\t<div class=\"elementor-element elementor-element-4c6f596 e-con-full e-flex e-con e-child\" data-id=\"4c6f596\" data-element_type=\"container\" data-e-type=\"container\">\n\t\t\t\t<div class=\"elementor-element elementor-element-57ba7e9 elementor-widget elementor-widget-image\" data-id=\"57ba7e9\" data-element_type=\"widget\" data-e-type=\"widget\" data-widget_type=\"image.default\">\n\t\t\t\t<div class=\"elementor-widget-container\">\n\t\t\t\t\t\t\t\t\t\t\t\t\t\t\t<img decoding=\"async\" width=\"800\" height=\"534\" src=\"https:\/\/welterbe-grumsin.de\/wp-content\/uploads\/2024\/09\/der-wald-und-ich.jpg\" class=\"attachment-large size-large wp-image-5982\" alt=\"\" srcset=\"https:\/\/welterbe-grumsin.de\/wp-content\/uploads\/2024\/09\/der-wald-und-ich.jpg 1024w, https:\/\/welterbe-grumsin.de\/wp-content\/uploads\/2024\/09\/der-wald-und-ich-300x200.jpg 300w, https:\/\/welterbe-grumsin.de\/wp-content\/uploads\/2024\/09\/der-wald-und-ich-768x512.jpg 768w\" sizes=\"(max-width: 800px) 100vw, 800px\" \/>\t\t\t\t\t\t\t\t\t\t\t\t\t\t\t<\/div>\n\t\t\t\t<\/div>\n\t\t\t\t<\/div>\n\t\t<div class=\"elementor-element elementor-element-0bd8e22 e-con-full e-flex e-con e-child\" data-id=\"0bd8e22\" data-element_type=\"container\" data-e-type=\"container\">\n\t\t\t\t<div class=\"elementor-element elementor-element-71dcc05 elementor-widget elementor-widget-heading\" data-id=\"71dcc05\" data-element_type=\"widget\" data-e-type=\"widget\" data-widget_type=\"heading.default\">\n\t\t\t\t<div class=\"elementor-widget-container\">\n\t\t\t\t\t<h2 class=\"elementor-heading-title elementor-size-default\">Las i ja<\/h2>\t\t\t\t<\/div>\n\t\t\t\t<\/div>\n\t\t\t\t<div class=\"elementor-element elementor-element-149ba4d elementor-widget elementor-widget-text-editor\" data-id=\"149ba4d\" data-element_type=\"widget\" data-e-type=\"widget\" data-widget_type=\"text-editor.default\">\n\t\t\t\t<div class=\"elementor-widget-container\">\n\t\t\t\t\t\t\t\t\t<h3 style=\"color: #8eaa3c;\">Od 3. do 12. klasy \/ od 3 do 5 godzin \/ las bukowy Grumsin \/ Altk\u00fcnkendorf<\/h3>\n<p>Las jako przestrze\u0144 \u017cycia, gospodarki i rekreacji, na w\u0119dr\u00f3wce przez obiekt \u015bwiatowego dziedzictwa UNESCO r\u00f3\u017cne interesy w lesie przekazywane s\u0105 interaktywnie, opcjonalnie z podzia\u0142em na role.<\/p>\n<p>Koszty: bezp\u0142atnie<\/p>\n<p><strong>Organizator i kontakt:<\/strong><br \/>Centrum przyrodnicze NABU Blumberger M\u00fchle<br \/>Osoba do kontaktu: Jan Hesse<br \/>E-Mail: jan.hesse@nabu.de<br \/>Telefon: +49 3331 260440<\/p>\n\t\t\t\t\t\t\t\t<\/div>\n\t\t\t\t<\/div>\n\t\t\t\t<\/div>\n\t\t\t\t\t<\/div>\n\t\t\t\t<\/div>\n\t\t<div class=\"elementor-element elementor-element-65160bc e-flex e-con-boxed e-con e-parent\" data-id=\"65160bc\" data-element_type=\"container\" data-e-type=\"container\">\n\t\t\t\t\t<div class=\"e-con-inner\">\n\t\t<div class=\"elementor-element elementor-element-72a018f e-con-full e-flex e-con e-child\" data-id=\"72a018f\" data-element_type=\"container\" data-e-type=\"container\">\n\t\t\t\t<div class=\"elementor-element elementor-element-7e9208d elementor-widget elementor-widget-image\" data-id=\"7e9208d\" data-element_type=\"widget\" data-e-type=\"widget\" data-widget_type=\"image.default\">\n\t\t\t\t<div class=\"elementor-widget-container\">\n\t\t\t\t\t\t\t\t\t\t\t\t\t\t\t<img loading=\"lazy\" decoding=\"async\" width=\"800\" height=\"534\" src=\"https:\/\/welterbe-grumsin.de\/wp-content\/uploads\/2024\/09\/beliebter-wald-fluch-oder-segen\u200b.jpg\" class=\"attachment-large size-large wp-image-5990\" alt=\"\" srcset=\"https:\/\/welterbe-grumsin.de\/wp-content\/uploads\/2024\/09\/beliebter-wald-fluch-oder-segen\u200b.jpg 1024w, https:\/\/welterbe-grumsin.de\/wp-content\/uploads\/2024\/09\/beliebter-wald-fluch-oder-segen\u200b-300x200.jpg 300w, https:\/\/welterbe-grumsin.de\/wp-content\/uploads\/2024\/09\/beliebter-wald-fluch-oder-segen\u200b-768x512.jpg 768w\" sizes=\"(max-width: 800px) 100vw, 800px\" \/>\t\t\t\t\t\t\t\t\t\t\t\t\t\t\t<\/div>\n\t\t\t\t<\/div>\n\t\t\t\t<\/div>\n\t\t<div class=\"elementor-element elementor-element-2166ea5 e-con-full e-flex e-con e-child\" data-id=\"2166ea5\" data-element_type=\"container\" data-e-type=\"container\">\n\t\t\t\t<div class=\"elementor-element elementor-element-31a4a2d elementor-widget elementor-widget-heading\" data-id=\"31a4a2d\" data-element_type=\"widget\" data-e-type=\"widget\" data-widget_type=\"heading.default\">\n\t\t\t\t<div class=\"elementor-widget-container\">\n\t\t\t\t\t<h2 class=\"elementor-heading-title elementor-size-default\">W stron\u0119 dzikiej przyrody<\/h2>\t\t\t\t<\/div>\n\t\t\t\t<\/div>\n\t\t\t\t<div class=\"elementor-element elementor-element-c8d07db elementor-widget elementor-widget-text-editor\" data-id=\"c8d07db\" data-element_type=\"widget\" data-e-type=\"widget\" data-widget_type=\"text-editor.default\">\n\t\t\t\t<div class=\"elementor-widget-container\">\n\t\t\t\t\t\t\t\t\t<h3 style=\"color: #8eaa3c;\">Od 5. do 12. klasy \/ od 3,5 do 6 godzin \/ las bukowy Grumsin \/ Altk\u00fcnkendorf<\/h3>\n<p>Fascynuj\u0105cy ekosystem lasu bukowego, wieczny cykl lasu, rodzima r\u00f3\u017cnorodno\u015b\u0107 biologiczna i powstawanie dziczy: ekscytuj\u0105ca wycieczka.<\/p>\n<p>Koszty: bezp\u0142atnie<\/p>\n<p><strong>Organizator i kontakt:<br \/><\/strong>Stra\u017c le\u015bna Brandenburg<br \/>E-Mail: blumbergermuehle@naturwacht.de<br \/>Telefon: +49 3331 2984945<\/p>\n\t\t\t\t\t\t\t\t<\/div>\n\t\t\t\t<\/div>\n\t\t\t\t<\/div>\n\t\t\t\t\t<\/div>\n\t\t\t\t<\/div>\n\t\t<div class=\"elementor-element elementor-element-df60511 e-flex e-con-boxed e-con e-parent\" data-id=\"df60511\" data-element_type=\"container\" data-e-type=\"container\">\n\t\t\t\t\t<div class=\"e-con-inner\">\n\t\t\t\t<div class=\"elementor-element elementor-element-f84ba7b elementor-widget elementor-widget-text-editor\" data-id=\"f84ba7b\" data-element_type=\"widget\" data-e-type=\"widget\" data-widget_type=\"text-editor.default\">\n\t\t\t\t<div class=\"elementor-widget-container\">\n\t\t\t\t\t\t\t\t\t<p>Wszystkie oferty mo\u017cna dostosowa\u0107 tematycznie i czasowo. Do lasu bukowego Grumsin klasy szkolne i grupy dzieci mog\u0105 dojecha\u0107 autobusem linii 452 i 497 (UVG) do Altk\u00fcnkendorf oraz 920 (BBG) do Gro\u00df-Ziethen, <a href=\"\/anreise\">patrz dojazd<\/a>. Grupy od 9 os\u00f3b trzeba zg\u0142asza\u0107.  <\/p>\n<p>Oferty nocleg\u00f3w dla klas szkolnych i grup w pobli\u017cu lasu bukowego Grumsin mo\u017cna znale\u017a\u0107 <a href=\"https:\/\/welterbe-grumsin.de\/unterkunft-essen-buchenwald-grumsin\/\" target=\"_blank\" rel=\"noopener\">tutaj<\/a>.<\/p>\n\t\t\t\t\t\t\t\t<\/div>\n\t\t\t\t<\/div>\n\t\t\t\t\t<\/div>\n\t\t\t\t<\/div>\n\t\t\t\t<\/div>\n\t\t","protected":false},"excerpt":{"rendered":"<p>Oferty dla klas szkolnych i grup dzieci Cudowny \u015bwiat lasu i wody Od przedszkola do czwartej klasy | od 3 do 6 godzin | las miejski Angerm\u00fcnder, Gehegem\u00fchle Odkrywanie zwierz\u0105t, ro\u015blin i ich \u015brodowisk w lesie i nad wod\u0105, rozpoznawanie i pod\u0105\u017canie \u015bladami zwierz\u0105t w formie zabawy, z badawczym zapa\u0142em i ca\u0142ym mn\u00f3stwem ruchu. Koszty: [&hellip;]<\/p>\n","protected":false},"author":1,"featured_media":6000,"parent":0,"menu_order":0,"comment_status":"closed","ping_status":"closed","template":"","meta":{"_acf_changed":false,"inline_featured_image":false,"footnotes":""},"class_list":["post-7080","page","type-page","status-publish","has-post-thumbnail","hentry"],"acf":[],"yoast_head":"<!-- This site is optimized with the Yoast SEO plugin v27.4 - https:\/\/yoast.com\/product\/yoast-seo-wordpress\/ -->\n<title>Oferty dla klas szkolnych i grup dzieci - Infopunkt Weltnaturerbe Brandenburgs UNESCO<\/title>\n<meta name=\"description\" content=\"Programy dla klas szkolnych i grup dzieci\u0119cych w Buchenwald Grumsin. \u015awietlice, szko\u0142y podstawowe i \u015brednie\/ gimnazja\" \/>\n<meta name=\"robots\" content=\"index, follow, max-snippet:-1, max-image-preview:large, max-video-preview:-1\" \/>\n<link rel=\"canonical\" href=\"https:\/\/welterbe-grumsin.de\/pl\/oferty-dla-klas-szkolnych-i-grup-dzieci\/\" \/>\n<meta property=\"og:locale\" content=\"pl_PL\" \/>\n<meta property=\"og:type\" content=\"article\" \/>\n<meta property=\"og:title\" content=\"Oferty dla klas szkolnych i grup dzieci - Infopunkt Weltnaturerbe Brandenburgs UNESCO\" \/>\n<meta property=\"og:description\" content=\"Programy dla klas szkolnych i grup dzieci\u0119cych w Buchenwald Grumsin. \u015awietlice, szko\u0142y podstawowe i \u015brednie\/ gimnazja\" \/>\n<meta property=\"og:url\" content=\"https:\/\/welterbe-grumsin.de\/pl\/oferty-dla-klas-szkolnych-i-grup-dzieci\/\" \/>\n<meta property=\"og:site_name\" content=\"Infopunkt Weltnaturerbe Brandenburgs UNESCO\" \/>\n<meta property=\"article:modified_time\" content=\"2025-02-24T10:27:29+00:00\" \/>\n<meta property=\"og:image\" content=\"https:\/\/welterbe-grumsin.de\/wp-content\/uploads\/2024\/09\/angebot-fuer-schulklassen-beitragsbild.jpg\" \/>\n\t<meta property=\"og:image:width\" content=\"1024\" \/>\n\t<meta property=\"og:image:height\" content=\"683\" \/>\n\t<meta property=\"og:image:type\" content=\"image\/jpeg\" \/>\n<meta name=\"twitter:card\" content=\"summary_large_image\" \/>\n<meta name=\"twitter:label1\" content=\"Szacowany czas czytania\" \/>\n\t<meta name=\"twitter:data1\" content=\"2 minuty\" \/>\n<script type=\"application\/ld+json\" class=\"yoast-schema-graph\">{\"@context\":\"https:\\\/\\\/schema.org\",\"@graph\":[{\"@type\":\"WebPage\",\"@id\":\"https:\\\/\\\/welterbe-grumsin.de\\\/pl\\\/oferty-dla-klas-szkolnych-i-grup-dzieci\\\/\",\"url\":\"https:\\\/\\\/welterbe-grumsin.de\\\/pl\\\/oferty-dla-klas-szkolnych-i-grup-dzieci\\\/\",\"name\":\"Oferty dla klas szkolnych i grup dzieci - Infopunkt Weltnaturerbe Brandenburgs UNESCO\",\"isPartOf\":{\"@id\":\"https:\\\/\\\/welterbe-grumsin.de\\\/pl\\\/#website\"},\"primaryImageOfPage\":{\"@id\":\"https:\\\/\\\/welterbe-grumsin.de\\\/pl\\\/oferty-dla-klas-szkolnych-i-grup-dzieci\\\/#primaryimage\"},\"image\":{\"@id\":\"https:\\\/\\\/welterbe-grumsin.de\\\/pl\\\/oferty-dla-klas-szkolnych-i-grup-dzieci\\\/#primaryimage\"},\"thumbnailUrl\":\"https:\\\/\\\/welterbe-grumsin.de\\\/wp-content\\\/uploads\\\/2024\\\/09\\\/angebot-fuer-schulklassen-beitragsbild.jpg\",\"datePublished\":\"2024-06-19T03:42:41+00:00\",\"dateModified\":\"2025-02-24T10:27:29+00:00\",\"description\":\"Programy dla klas szkolnych i grup dzieci\u0119cych w Buchenwald Grumsin. \u015awietlice, szko\u0142y podstawowe i \u015brednie\\\/ gimnazja\",\"breadcrumb\":{\"@id\":\"https:\\\/\\\/welterbe-grumsin.de\\\/pl\\\/oferty-dla-klas-szkolnych-i-grup-dzieci\\\/#breadcrumb\"},\"inLanguage\":\"pl-PL\",\"potentialAction\":[{\"@type\":\"ReadAction\",\"target\":[\"https:\\\/\\\/welterbe-grumsin.de\\\/pl\\\/oferty-dla-klas-szkolnych-i-grup-dzieci\\\/\"]}]},{\"@type\":\"ImageObject\",\"inLanguage\":\"pl-PL\",\"@id\":\"https:\\\/\\\/welterbe-grumsin.de\\\/pl\\\/oferty-dla-klas-szkolnych-i-grup-dzieci\\\/#primaryimage\",\"url\":\"https:\\\/\\\/welterbe-grumsin.de\\\/wp-content\\\/uploads\\\/2024\\\/09\\\/angebot-fuer-schulklassen-beitragsbild.jpg\",\"contentUrl\":\"https:\\\/\\\/welterbe-grumsin.de\\\/wp-content\\\/uploads\\\/2024\\\/09\\\/angebot-fuer-schulklassen-beitragsbild.jpg\",\"width\":1024,\"height\":683},{\"@type\":\"BreadcrumbList\",\"@id\":\"https:\\\/\\\/welterbe-grumsin.de\\\/pl\\\/oferty-dla-klas-szkolnych-i-grup-dzieci\\\/#breadcrumb\",\"itemListElement\":[{\"@type\":\"ListItem\",\"position\":1,\"name\":\"Startseite\",\"item\":\"https:\\\/\\\/welterbe-grumsin.de\\\/pl\\\/strona-glowna\\\/\"},{\"@type\":\"ListItem\",\"position\":2,\"name\":\"Oferty dla klas szkolnych i grup dzieci\"}]},{\"@type\":\"WebSite\",\"@id\":\"https:\\\/\\\/welterbe-grumsin.de\\\/pl\\\/#website\",\"url\":\"https:\\\/\\\/welterbe-grumsin.de\\\/pl\\\/\",\"name\":\"welterbe-grumsin\",\"description\":\"Buchenwald Grumsin - Brandenburgs einziges UNESCO-Weltnaturerbe\",\"publisher\":{\"@id\":\"https:\\\/\\\/welterbe-grumsin.de\\\/pl\\\/#organization\"},\"potentialAction\":[{\"@type\":\"SearchAction\",\"target\":{\"@type\":\"EntryPoint\",\"urlTemplate\":\"https:\\\/\\\/welterbe-grumsin.de\\\/pl\\\/?s={search_term_string}\"},\"query-input\":{\"@type\":\"PropertyValueSpecification\",\"valueRequired\":true,\"valueName\":\"search_term_string\"}}],\"inLanguage\":\"pl-PL\"},{\"@type\":\"Organization\",\"@id\":\"https:\\\/\\\/welterbe-grumsin.de\\\/pl\\\/#organization\",\"name\":\"Infopunkt Weltnaturerbe Brandenburgs UNESCO\",\"url\":\"https:\\\/\\\/welterbe-grumsin.de\\\/pl\\\/\",\"logo\":{\"@type\":\"ImageObject\",\"inLanguage\":\"pl-PL\",\"@id\":\"https:\\\/\\\/welterbe-grumsin.de\\\/pl\\\/#\\\/schema\\\/logo\\\/image\\\/\",\"url\":\"https:\\\/\\\/welterbe-grumsin.de\\\/wp-content\\\/uploads\\\/2024\\\/06\\\/weltnaturerbe_logo.svg\",\"contentUrl\":\"https:\\\/\\\/welterbe-grumsin.de\\\/wp-content\\\/uploads\\\/2024\\\/06\\\/weltnaturerbe_logo.svg\",\"width\":204,\"height\":273,\"caption\":\"Infopunkt Weltnaturerbe Brandenburgs UNESCO\"},\"image\":{\"@id\":\"https:\\\/\\\/welterbe-grumsin.de\\\/pl\\\/#\\\/schema\\\/logo\\\/image\\\/\"}}]}<\/script>\n<!-- \/ Yoast SEO plugin. -->","yoast_head_json":{"title":"Oferty dla klas szkolnych i grup dzieci - Infopunkt Weltnaturerbe Brandenburgs UNESCO","description":"Programy dla klas szkolnych i grup dzieci\u0119cych w Buchenwald Grumsin. \u015awietlice, szko\u0142y podstawowe i \u015brednie\/ gimnazja","robots":{"index":"index","follow":"follow","max-snippet":"max-snippet:-1","max-image-preview":"max-image-preview:large","max-video-preview":"max-video-preview:-1"},"canonical":"https:\/\/welterbe-grumsin.de\/pl\/oferty-dla-klas-szkolnych-i-grup-dzieci\/","og_locale":"pl_PL","og_type":"article","og_title":"Oferty dla klas szkolnych i grup dzieci - Infopunkt Weltnaturerbe Brandenburgs UNESCO","og_description":"Programy dla klas szkolnych i grup dzieci\u0119cych w Buchenwald Grumsin. \u015awietlice, szko\u0142y podstawowe i \u015brednie\/ gimnazja","og_url":"https:\/\/welterbe-grumsin.de\/pl\/oferty-dla-klas-szkolnych-i-grup-dzieci\/","og_site_name":"Infopunkt Weltnaturerbe Brandenburgs UNESCO","article_modified_time":"2025-02-24T10:27:29+00:00","og_image":[{"width":1024,"height":683,"url":"https:\/\/welterbe-grumsin.de\/wp-content\/uploads\/2024\/09\/angebot-fuer-schulklassen-beitragsbild.jpg","type":"image\/jpeg"}],"twitter_card":"summary_large_image","twitter_misc":{"Szacowany czas czytania":"2 minuty"},"schema":{"@context":"https:\/\/schema.org","@graph":[{"@type":"WebPage","@id":"https:\/\/welterbe-grumsin.de\/pl\/oferty-dla-klas-szkolnych-i-grup-dzieci\/","url":"https:\/\/welterbe-grumsin.de\/pl\/oferty-dla-klas-szkolnych-i-grup-dzieci\/","name":"Oferty dla klas szkolnych i grup dzieci - Infopunkt Weltnaturerbe Brandenburgs UNESCO","isPartOf":{"@id":"https:\/\/welterbe-grumsin.de\/pl\/#website"},"primaryImageOfPage":{"@id":"https:\/\/welterbe-grumsin.de\/pl\/oferty-dla-klas-szkolnych-i-grup-dzieci\/#primaryimage"},"image":{"@id":"https:\/\/welterbe-grumsin.de\/pl\/oferty-dla-klas-szkolnych-i-grup-dzieci\/#primaryimage"},"thumbnailUrl":"https:\/\/welterbe-grumsin.de\/wp-content\/uploads\/2024\/09\/angebot-fuer-schulklassen-beitragsbild.jpg","datePublished":"2024-06-19T03:42:41+00:00","dateModified":"2025-02-24T10:27:29+00:00","description":"Programy dla klas szkolnych i grup dzieci\u0119cych w Buchenwald Grumsin. \u015awietlice, szko\u0142y podstawowe i \u015brednie\/ gimnazja","breadcrumb":{"@id":"https:\/\/welterbe-grumsin.de\/pl\/oferty-dla-klas-szkolnych-i-grup-dzieci\/#breadcrumb"},"inLanguage":"pl-PL","potentialAction":[{"@type":"ReadAction","target":["https:\/\/welterbe-grumsin.de\/pl\/oferty-dla-klas-szkolnych-i-grup-dzieci\/"]}]},{"@type":"ImageObject","inLanguage":"pl-PL","@id":"https:\/\/welterbe-grumsin.de\/pl\/oferty-dla-klas-szkolnych-i-grup-dzieci\/#primaryimage","url":"https:\/\/welterbe-grumsin.de\/wp-content\/uploads\/2024\/09\/angebot-fuer-schulklassen-beitragsbild.jpg","contentUrl":"https:\/\/welterbe-grumsin.de\/wp-content\/uploads\/2024\/09\/angebot-fuer-schulklassen-beitragsbild.jpg","width":1024,"height":683},{"@type":"BreadcrumbList","@id":"https:\/\/welterbe-grumsin.de\/pl\/oferty-dla-klas-szkolnych-i-grup-dzieci\/#breadcrumb","itemListElement":[{"@type":"ListItem","position":1,"name":"Startseite","item":"https:\/\/welterbe-grumsin.de\/pl\/strona-glowna\/"},{"@type":"ListItem","position":2,"name":"Oferty dla klas szkolnych i grup dzieci"}]},{"@type":"WebSite","@id":"https:\/\/welterbe-grumsin.de\/pl\/#website","url":"https:\/\/welterbe-grumsin.de\/pl\/","name":"welterbe-grumsin","description":"Buchenwald Grumsin - Brandenburgs einziges UNESCO-Weltnaturerbe","publisher":{"@id":"https:\/\/welterbe-grumsin.de\/pl\/#organization"},"potentialAction":[{"@type":"SearchAction","target":{"@type":"EntryPoint","urlTemplate":"https:\/\/welterbe-grumsin.de\/pl\/?s={search_term_string}"},"query-input":{"@type":"PropertyValueSpecification","valueRequired":true,"valueName":"search_term_string"}}],"inLanguage":"pl-PL"},{"@type":"Organization","@id":"https:\/\/welterbe-grumsin.de\/pl\/#organization","name":"Infopunkt Weltnaturerbe Brandenburgs UNESCO","url":"https:\/\/welterbe-grumsin.de\/pl\/","logo":{"@type":"ImageObject","inLanguage":"pl-PL","@id":"https:\/\/welterbe-grumsin.de\/pl\/#\/schema\/logo\/image\/","url":"https:\/\/welterbe-grumsin.de\/wp-content\/uploads\/2024\/06\/weltnaturerbe_logo.svg","contentUrl":"https:\/\/welterbe-grumsin.de\/wp-content\/uploads\/2024\/06\/weltnaturerbe_logo.svg","width":204,"height":273,"caption":"Infopunkt Weltnaturerbe Brandenburgs UNESCO"},"image":{"@id":"https:\/\/welterbe-grumsin.de\/pl\/#\/schema\/logo\/image\/"}}]}},"_links":{"self":[{"href":"https:\/\/welterbe-grumsin.de\/pl\/wp-json\/wp\/v2\/pages\/7080","targetHints":{"allow":["GET"]}}],"collection":[{"href":"https:\/\/welterbe-grumsin.de\/pl\/wp-json\/wp\/v2\/pages"}],"about":[{"href":"https:\/\/welterbe-grumsin.de\/pl\/wp-json\/wp\/v2\/types\/page"}],"author":[{"embeddable":true,"href":"https:\/\/welterbe-grumsin.de\/pl\/wp-json\/wp\/v2\/users\/1"}],"replies":[{"embeddable":true,"href":"https:\/\/welterbe-grumsin.de\/pl\/wp-json\/wp\/v2\/comments?post=7080"}],"version-history":[{"count":1,"href":"https:\/\/welterbe-grumsin.de\/pl\/wp-json\/wp\/v2\/pages\/7080\/revisions"}],"predecessor-version":[{"id":7082,"href":"https:\/\/welterbe-grumsin.de\/pl\/wp-json\/wp\/v2\/pages\/7080\/revisions\/7082"}],"wp:featuredmedia":[{"embeddable":true,"href":"https:\/\/welterbe-grumsin.de\/pl\/wp-json\/wp\/v2\/media\/6000"}],"wp:attachment":[{"href":"https:\/\/welterbe-grumsin.de\/pl\/wp-json\/wp\/v2\/media?parent=7080"}],"curies":[{"name":"wp","href":"https:\/\/api.w.org\/{rel}","templated":true}]}}