{"id":7086,"date":"2024-06-19T05:45:27","date_gmt":"2024-06-19T03:45:27","guid":{"rendered":"https:\/\/welterbe-grumsin.de\/kapiele-w-regionie\/"},"modified":"2026-02-12T10:51:01","modified_gmt":"2026-02-12T09:51:01","slug":"kapiele-w-regionie","status":"publish","type":"page","link":"https:\/\/welterbe-grumsin.de\/pl\/kapiele-w-regionie\/","title":{"rendered":"K\u0105piele w regionie"},"content":{"rendered":"\t\t<div data-elementor-type=\"wp-page\" data-elementor-id=\"7086\" class=\"elementor elementor-7086 elementor-179\" data-elementor-post-type=\"page\">\n\t\t\t\t<div class=\"elementor-element elementor-element-8433eb2 e-flex e-con-boxed e-con e-parent\" data-id=\"8433eb2\" data-element_type=\"container\" data-e-type=\"container\">\n\t\t\t\t\t<div class=\"e-con-inner\">\n\t\t<div class=\"elementor-element elementor-element-23fc317 e-con-full e-flex e-con e-child\" data-id=\"23fc317\" data-element_type=\"container\" data-e-type=\"container\">\n\t\t\t\t<div class=\"elementor-element elementor-element-8e545d3 elementor-widget elementor-widget-heading\" data-id=\"8e545d3\" data-element_type=\"widget\" data-e-type=\"widget\" data-widget_type=\"heading.default\">\n\t\t\t\t<div class=\"elementor-widget-container\">\n\t\t\t\t\t<h1 class=\"elementor-heading-title elementor-size-default\">K\u0105piele w regionie<\/h1>\t\t\t\t<\/div>\n\t\t\t\t<\/div>\n\t\t\t\t<\/div>\n\t\t<div class=\"elementor-element elementor-element-2617810 e-con-full e-flex e-con e-child\" data-id=\"2617810\" data-element_type=\"container\" data-e-type=\"container\">\n\t\t\t\t<div class=\"elementor-element elementor-element-cf0b776 elementor-widget elementor-widget-text-editor\" data-id=\"cf0b776\" data-element_type=\"widget\" data-e-type=\"widget\" data-widget_type=\"text-editor.default\">\n\t\t\t\t<div class=\"elementor-widget-container\">\n\t\t\t\t\t\t\t\t\t<p>Nie tylko drzewa potrzebuj\u0105 wody latem. Cz\u0142owiek szuka ch\u0142odu zw\u0142aszcza w ciep\u0142e dni, r\u00f3wnie\u017c podczas w\u0119dr\u00f3wki przez las bukowy Grumsin. Wprawdzie w lesie Grumsin jest \u0142\u0105cznie a\u017c pi\u0119\u0107 jezior, jednak nawet je\u015bli wydaj\u0105 si\u0119 przyci\u0105ga\u0107,<strong> k\u0105piele w obiekcie \u015bwiatowego dziedzictwa przyrodniczego s\u0105 surowo wzbronione<\/strong>.  <\/p><p>Do tego s\u0142u\u017cy <a href=\"https:\/\/welterbe-grumsin.de\/pl\/cele-wycieczek\/\">k\u0105pielisko Wolletzsee<\/a>. Z <a href=\"https:\/\/louisenhof2.de\" target=\"_blank\" rel=\"noopener\">galerii i atelier Louisenhof<\/a> wystarczy oko\u0142o godziny spacerem lub siedem minut autobusem (z Altk\u00fcnkendorf Mitte lini\u0105 452 do Angerm\u00fcnde, Gehegem\u00fchle), z punktu informacyjnego w Altk\u00fcnkendorf to dziewi\u0119\u0107 minut samochodem. W tym miejscu mo\u017cna skorzysta\u0107 z bogatej oferty ch\u0142odzonych napoj\u00f3w i da\u0144.  <\/p>\t\t\t\t\t\t\t\t<\/div>\n\t\t\t\t<\/div>\n\t\t\t\t<\/div>\n\t\t<div class=\"elementor-element elementor-element-d3dddda e-con-full e-flex e-con e-child\" data-id=\"d3dddda\" data-element_type=\"container\" data-e-type=\"container\">\n\t\t\t\t<div class=\"elementor-element elementor-element-d420073 elementor-widget elementor-widget-image\" data-id=\"d420073\" data-element_type=\"widget\" data-e-type=\"widget\" data-widget_type=\"image.default\">\n\t\t\t\t<div class=\"elementor-widget-container\">\n\t\t\t\t\t\t\t\t\t\t\t\t\t\t\t<img fetchpriority=\"high\" decoding=\"async\" width=\"800\" height=\"534\" src=\"https:\/\/welterbe-grumsin.de\/wp-content\/uploads\/2024\/09\/IMG_4426-1024x683.jpg\" class=\"attachment-large size-large wp-image-5970\" alt=\"\" srcset=\"https:\/\/welterbe-grumsin.de\/wp-content\/uploads\/2024\/09\/IMG_4426-1024x683.jpg 1024w, https:\/\/welterbe-grumsin.de\/wp-content\/uploads\/2024\/09\/IMG_4426-300x200.jpg 300w, https:\/\/welterbe-grumsin.de\/wp-content\/uploads\/2024\/09\/IMG_4426-768x512.jpg 768w, https:\/\/welterbe-grumsin.de\/wp-content\/uploads\/2024\/09\/IMG_4426-1536x1024.jpg 1536w, https:\/\/welterbe-grumsin.de\/wp-content\/uploads\/2024\/09\/IMG_4426-2048x1365.jpg 2048w\" sizes=\"(max-width: 800px) 100vw, 800px\" \/>\t\t\t\t\t\t\t\t\t\t\t\t\t\t\t<\/div>\n\t\t\t\t<\/div>\n\t\t\t\t<\/div>\n\t\t\t\t\t<\/div>\n\t\t\t\t<\/div>\n\t\t\t\t<\/div>\n\t\t","protected":false},"excerpt":{"rendered":"<p>K\u0105piele w regionie Nie tylko drzewa potrzebuj\u0105 wody latem. Cz\u0142owiek szuka ch\u0142odu zw\u0142aszcza w ciep\u0142e dni, r\u00f3wnie\u017c podczas w\u0119dr\u00f3wki przez las bukowy Grumsin. Wprawdzie w lesie Grumsin jest \u0142\u0105cznie a\u017c pi\u0119\u0107 jezior, jednak nawet je\u015bli wydaj\u0105 si\u0119 przyci\u0105ga\u0107, k\u0105piele w obiekcie \u015bwiatowego dziedzictwa przyrodniczego s\u0105 surowo wzbronione. Do tego s\u0142u\u017cy k\u0105pielisko Wolletzsee. Z galerii i [&hellip;]<\/p>\n","protected":false},"author":1,"featured_media":6008,"parent":0,"menu_order":0,"comment_status":"closed","ping_status":"closed","template":"","meta":{"_acf_changed":false,"inline_featured_image":false,"footnotes":""},"class_list":["post-7086","page","type-page","status-publish","has-post-thumbnail","hentry"],"acf":[],"yoast_head":"<!-- This site is optimized with the Yoast SEO plugin v27.5 - https:\/\/yoast.com\/product\/yoast-seo-wordpress\/ -->\n<title>K\u0105piele w regionie - Infopunkt Weltnaturerbe Brandenburgs UNESCO<\/title>\n<meta name=\"description\" content=\"W\u0119dr\u00f3wka przez las bukowy Grumsin, k\u0105piel zabroniona. Och\u0142odzi\u0107 si\u0119 w pobli\u017cu pomara\u0144czowego szlaku turystycznego z li\u015bci buku nad jeziorem Wolletzsee.\" \/>\n<meta name=\"robots\" content=\"index, follow, max-snippet:-1, max-image-preview:large, max-video-preview:-1\" \/>\n<link rel=\"canonical\" href=\"https:\/\/welterbe-grumsin.de\/pl\/kapiele-w-regionie\/\" \/>\n<meta property=\"og:locale\" content=\"pl_PL\" \/>\n<meta property=\"og:type\" content=\"article\" \/>\n<meta property=\"og:title\" content=\"K\u0105piele w regionie - Infopunkt Weltnaturerbe Brandenburgs UNESCO\" \/>\n<meta property=\"og:description\" content=\"W\u0119dr\u00f3wka przez las bukowy Grumsin, k\u0105piel zabroniona. Och\u0142odzi\u0107 si\u0119 w pobli\u017cu pomara\u0144czowego szlaku turystycznego z li\u015bci buku nad jeziorem Wolletzsee.\" \/>\n<meta property=\"og:url\" content=\"https:\/\/welterbe-grumsin.de\/pl\/kapiele-w-regionie\/\" \/>\n<meta property=\"og:site_name\" content=\"Infopunkt Weltnaturerbe Brandenburgs UNESCO\" \/>\n<meta property=\"article:modified_time\" content=\"2026-02-12T09:51:01+00:00\" \/>\n<meta property=\"og:image\" content=\"https:\/\/welterbe-grumsin.de\/wp-content\/uploads\/2024\/09\/baden-nicht-gestattet-beitragsbild.jpg\" \/>\n\t<meta property=\"og:image:width\" content=\"1024\" \/>\n\t<meta property=\"og:image:height\" content=\"683\" \/>\n\t<meta property=\"og:image:type\" content=\"image\/jpeg\" \/>\n<meta name=\"twitter:card\" content=\"summary_large_image\" \/>\n<meta name=\"twitter:label1\" content=\"Szacowany czas czytania\" \/>\n\t<meta name=\"twitter:data1\" content=\"1 minuta\" \/>\n<script type=\"application\/ld+json\" class=\"yoast-schema-graph\">{\"@context\":\"https:\\\/\\\/schema.org\",\"@graph\":[{\"@type\":\"WebPage\",\"@id\":\"https:\\\/\\\/welterbe-grumsin.de\\\/pl\\\/kapiele-w-regionie\\\/\",\"url\":\"https:\\\/\\\/welterbe-grumsin.de\\\/pl\\\/kapiele-w-regionie\\\/\",\"name\":\"K\u0105piele w regionie - Infopunkt Weltnaturerbe Brandenburgs UNESCO\",\"isPartOf\":{\"@id\":\"https:\\\/\\\/welterbe-grumsin.de\\\/pl\\\/#website\"},\"primaryImageOfPage\":{\"@id\":\"https:\\\/\\\/welterbe-grumsin.de\\\/pl\\\/kapiele-w-regionie\\\/#primaryimage\"},\"image\":{\"@id\":\"https:\\\/\\\/welterbe-grumsin.de\\\/pl\\\/kapiele-w-regionie\\\/#primaryimage\"},\"thumbnailUrl\":\"https:\\\/\\\/welterbe-grumsin.de\\\/wp-content\\\/uploads\\\/2024\\\/09\\\/baden-nicht-gestattet-beitragsbild.jpg\",\"datePublished\":\"2024-06-19T03:45:27+00:00\",\"dateModified\":\"2026-02-12T09:51:01+00:00\",\"description\":\"W\u0119dr\u00f3wka przez las bukowy Grumsin, k\u0105piel zabroniona. Och\u0142odzi\u0107 si\u0119 w pobli\u017cu pomara\u0144czowego szlaku turystycznego z li\u015bci buku nad jeziorem Wolletzsee.\",\"breadcrumb\":{\"@id\":\"https:\\\/\\\/welterbe-grumsin.de\\\/pl\\\/kapiele-w-regionie\\\/#breadcrumb\"},\"inLanguage\":\"pl-PL\",\"potentialAction\":[{\"@type\":\"ReadAction\",\"target\":[\"https:\\\/\\\/welterbe-grumsin.de\\\/pl\\\/kapiele-w-regionie\\\/\"]}]},{\"@type\":\"ImageObject\",\"inLanguage\":\"pl-PL\",\"@id\":\"https:\\\/\\\/welterbe-grumsin.de\\\/pl\\\/kapiele-w-regionie\\\/#primaryimage\",\"url\":\"https:\\\/\\\/welterbe-grumsin.de\\\/wp-content\\\/uploads\\\/2024\\\/09\\\/baden-nicht-gestattet-beitragsbild.jpg\",\"contentUrl\":\"https:\\\/\\\/welterbe-grumsin.de\\\/wp-content\\\/uploads\\\/2024\\\/09\\\/baden-nicht-gestattet-beitragsbild.jpg\",\"width\":1024,\"height\":683,\"caption\":\"Quelle: Flade\"},{\"@type\":\"BreadcrumbList\",\"@id\":\"https:\\\/\\\/welterbe-grumsin.de\\\/pl\\\/kapiele-w-regionie\\\/#breadcrumb\",\"itemListElement\":[{\"@type\":\"ListItem\",\"position\":1,\"name\":\"Startseite\",\"item\":\"https:\\\/\\\/welterbe-grumsin.de\\\/pl\\\/strona-glowna\\\/\"},{\"@type\":\"ListItem\",\"position\":2,\"name\":\"K\u0105piele w regionie\"}]},{\"@type\":\"WebSite\",\"@id\":\"https:\\\/\\\/welterbe-grumsin.de\\\/pl\\\/#website\",\"url\":\"https:\\\/\\\/welterbe-grumsin.de\\\/pl\\\/\",\"name\":\"welterbe-grumsin\",\"description\":\"Buchenwald Grumsin - Brandenburgs einziges UNESCO-Weltnaturerbe\",\"publisher\":{\"@id\":\"https:\\\/\\\/welterbe-grumsin.de\\\/pl\\\/#organization\"},\"potentialAction\":[{\"@type\":\"SearchAction\",\"target\":{\"@type\":\"EntryPoint\",\"urlTemplate\":\"https:\\\/\\\/welterbe-grumsin.de\\\/pl\\\/?s={search_term_string}\"},\"query-input\":{\"@type\":\"PropertyValueSpecification\",\"valueRequired\":true,\"valueName\":\"search_term_string\"}}],\"inLanguage\":\"pl-PL\"},{\"@type\":\"Organization\",\"@id\":\"https:\\\/\\\/welterbe-grumsin.de\\\/pl\\\/#organization\",\"name\":\"Infopunkt Weltnaturerbe Brandenburgs UNESCO\",\"url\":\"https:\\\/\\\/welterbe-grumsin.de\\\/pl\\\/\",\"logo\":{\"@type\":\"ImageObject\",\"inLanguage\":\"pl-PL\",\"@id\":\"https:\\\/\\\/welterbe-grumsin.de\\\/pl\\\/#\\\/schema\\\/logo\\\/image\\\/\",\"url\":\"https:\\\/\\\/welterbe-grumsin.de\\\/wp-content\\\/uploads\\\/2024\\\/06\\\/weltnaturerbe_logo.svg\",\"contentUrl\":\"https:\\\/\\\/welterbe-grumsin.de\\\/wp-content\\\/uploads\\\/2024\\\/06\\\/weltnaturerbe_logo.svg\",\"width\":204,\"height\":273,\"caption\":\"Infopunkt Weltnaturerbe Brandenburgs UNESCO\"},\"image\":{\"@id\":\"https:\\\/\\\/welterbe-grumsin.de\\\/pl\\\/#\\\/schema\\\/logo\\\/image\\\/\"}}]}<\/script>\n<!-- \/ Yoast SEO plugin. -->","yoast_head_json":{"title":"K\u0105piele w regionie - Infopunkt Weltnaturerbe Brandenburgs UNESCO","description":"W\u0119dr\u00f3wka przez las bukowy Grumsin, k\u0105piel zabroniona. Och\u0142odzi\u0107 si\u0119 w pobli\u017cu pomara\u0144czowego szlaku turystycznego z li\u015bci buku nad jeziorem Wolletzsee.","robots":{"index":"index","follow":"follow","max-snippet":"max-snippet:-1","max-image-preview":"max-image-preview:large","max-video-preview":"max-video-preview:-1"},"canonical":"https:\/\/welterbe-grumsin.de\/pl\/kapiele-w-regionie\/","og_locale":"pl_PL","og_type":"article","og_title":"K\u0105piele w regionie - Infopunkt Weltnaturerbe Brandenburgs UNESCO","og_description":"W\u0119dr\u00f3wka przez las bukowy Grumsin, k\u0105piel zabroniona. Och\u0142odzi\u0107 si\u0119 w pobli\u017cu pomara\u0144czowego szlaku turystycznego z li\u015bci buku nad jeziorem Wolletzsee.","og_url":"https:\/\/welterbe-grumsin.de\/pl\/kapiele-w-regionie\/","og_site_name":"Infopunkt Weltnaturerbe Brandenburgs UNESCO","article_modified_time":"2026-02-12T09:51:01+00:00","og_image":[{"width":1024,"height":683,"url":"https:\/\/welterbe-grumsin.de\/wp-content\/uploads\/2024\/09\/baden-nicht-gestattet-beitragsbild.jpg","type":"image\/jpeg"}],"twitter_card":"summary_large_image","twitter_misc":{"Szacowany czas czytania":"1 minuta"},"schema":{"@context":"https:\/\/schema.org","@graph":[{"@type":"WebPage","@id":"https:\/\/welterbe-grumsin.de\/pl\/kapiele-w-regionie\/","url":"https:\/\/welterbe-grumsin.de\/pl\/kapiele-w-regionie\/","name":"K\u0105piele w regionie - Infopunkt Weltnaturerbe Brandenburgs UNESCO","isPartOf":{"@id":"https:\/\/welterbe-grumsin.de\/pl\/#website"},"primaryImageOfPage":{"@id":"https:\/\/welterbe-grumsin.de\/pl\/kapiele-w-regionie\/#primaryimage"},"image":{"@id":"https:\/\/welterbe-grumsin.de\/pl\/kapiele-w-regionie\/#primaryimage"},"thumbnailUrl":"https:\/\/welterbe-grumsin.de\/wp-content\/uploads\/2024\/09\/baden-nicht-gestattet-beitragsbild.jpg","datePublished":"2024-06-19T03:45:27+00:00","dateModified":"2026-02-12T09:51:01+00:00","description":"W\u0119dr\u00f3wka przez las bukowy Grumsin, k\u0105piel zabroniona. Och\u0142odzi\u0107 si\u0119 w pobli\u017cu pomara\u0144czowego szlaku turystycznego z li\u015bci buku nad jeziorem Wolletzsee.","breadcrumb":{"@id":"https:\/\/welterbe-grumsin.de\/pl\/kapiele-w-regionie\/#breadcrumb"},"inLanguage":"pl-PL","potentialAction":[{"@type":"ReadAction","target":["https:\/\/welterbe-grumsin.de\/pl\/kapiele-w-regionie\/"]}]},{"@type":"ImageObject","inLanguage":"pl-PL","@id":"https:\/\/welterbe-grumsin.de\/pl\/kapiele-w-regionie\/#primaryimage","url":"https:\/\/welterbe-grumsin.de\/wp-content\/uploads\/2024\/09\/baden-nicht-gestattet-beitragsbild.jpg","contentUrl":"https:\/\/welterbe-grumsin.de\/wp-content\/uploads\/2024\/09\/baden-nicht-gestattet-beitragsbild.jpg","width":1024,"height":683,"caption":"Quelle: Flade"},{"@type":"BreadcrumbList","@id":"https:\/\/welterbe-grumsin.de\/pl\/kapiele-w-regionie\/#breadcrumb","itemListElement":[{"@type":"ListItem","position":1,"name":"Startseite","item":"https:\/\/welterbe-grumsin.de\/pl\/strona-glowna\/"},{"@type":"ListItem","position":2,"name":"K\u0105piele w regionie"}]},{"@type":"WebSite","@id":"https:\/\/welterbe-grumsin.de\/pl\/#website","url":"https:\/\/welterbe-grumsin.de\/pl\/","name":"welterbe-grumsin","description":"Buchenwald Grumsin - Brandenburgs einziges UNESCO-Weltnaturerbe","publisher":{"@id":"https:\/\/welterbe-grumsin.de\/pl\/#organization"},"potentialAction":[{"@type":"SearchAction","target":{"@type":"EntryPoint","urlTemplate":"https:\/\/welterbe-grumsin.de\/pl\/?s={search_term_string}"},"query-input":{"@type":"PropertyValueSpecification","valueRequired":true,"valueName":"search_term_string"}}],"inLanguage":"pl-PL"},{"@type":"Organization","@id":"https:\/\/welterbe-grumsin.de\/pl\/#organization","name":"Infopunkt Weltnaturerbe Brandenburgs UNESCO","url":"https:\/\/welterbe-grumsin.de\/pl\/","logo":{"@type":"ImageObject","inLanguage":"pl-PL","@id":"https:\/\/welterbe-grumsin.de\/pl\/#\/schema\/logo\/image\/","url":"https:\/\/welterbe-grumsin.de\/wp-content\/uploads\/2024\/06\/weltnaturerbe_logo.svg","contentUrl":"https:\/\/welterbe-grumsin.de\/wp-content\/uploads\/2024\/06\/weltnaturerbe_logo.svg","width":204,"height":273,"caption":"Infopunkt Weltnaturerbe Brandenburgs UNESCO"},"image":{"@id":"https:\/\/welterbe-grumsin.de\/pl\/#\/schema\/logo\/image\/"}}]}},"_links":{"self":[{"href":"https:\/\/welterbe-grumsin.de\/pl\/wp-json\/wp\/v2\/pages\/7086","targetHints":{"allow":["GET"]}}],"collection":[{"href":"https:\/\/welterbe-grumsin.de\/pl\/wp-json\/wp\/v2\/pages"}],"about":[{"href":"https:\/\/welterbe-grumsin.de\/pl\/wp-json\/wp\/v2\/types\/page"}],"author":[{"embeddable":true,"href":"https:\/\/welterbe-grumsin.de\/pl\/wp-json\/wp\/v2\/users\/1"}],"replies":[{"embeddable":true,"href":"https:\/\/welterbe-grumsin.de\/pl\/wp-json\/wp\/v2\/comments?post=7086"}],"version-history":[{"count":2,"href":"https:\/\/welterbe-grumsin.de\/pl\/wp-json\/wp\/v2\/pages\/7086\/revisions"}],"predecessor-version":[{"id":8372,"href":"https:\/\/welterbe-grumsin.de\/pl\/wp-json\/wp\/v2\/pages\/7086\/revisions\/8372"}],"wp:featuredmedia":[{"embeddable":true,"href":"https:\/\/welterbe-grumsin.de\/pl\/wp-json\/wp\/v2\/media\/6008"}],"wp:attachment":[{"href":"https:\/\/welterbe-grumsin.de\/pl\/wp-json\/wp\/v2\/media?parent=7086"}],"curies":[{"name":"wp","href":"https:\/\/api.w.org\/{rel}","templated":true}]}}