{"id":7091,"date":"2024-06-19T10:14:02","date_gmt":"2024-06-19T08:14:02","guid":{"rendered":"https:\/\/welterbe-grumsin.de\/ochrona-danych\/"},"modified":"2025-09-29T09:32:51","modified_gmt":"2025-09-29T07:32:51","slug":"ochrona-danych","status":"publish","type":"page","link":"https:\/\/welterbe-grumsin.de\/pl\/ochrona-danych\/","title":{"rendered":"Ochrona danych"},"content":{"rendered":"\t\t<div data-elementor-type=\"wp-page\" data-elementor-id=\"7091\" class=\"elementor elementor-7091 elementor-399\" data-elementor-post-type=\"page\">\n\t\t\t\t<div class=\"elementor-element elementor-element-d5457a8 e-flex e-con-boxed e-con e-parent\" data-id=\"d5457a8\" data-element_type=\"container\" data-e-type=\"container\">\n\t\t\t\t\t<div class=\"e-con-inner\">\n\t\t\t\t<div class=\"elementor-element elementor-element-cd0911b elementor-widget elementor-widget-heading\" data-id=\"cd0911b\" data-element_type=\"widget\" data-e-type=\"widget\" data-widget_type=\"heading.default\">\n\t\t\t\t<div class=\"elementor-widget-container\">\n\t\t\t\t\t<h2 class=\"elementor-heading-title elementor-size-default\">Ochrona danych<\/h2>\t\t\t\t<\/div>\n\t\t\t\t<\/div>\n\t\t\t\t\t<\/div>\n\t\t\t\t<\/div>\n\t\t<div class=\"elementor-element elementor-element-fd3471e e-flex e-con-boxed e-con e-parent\" data-id=\"fd3471e\" data-element_type=\"container\" data-e-type=\"container\">\n\t\t\t\t\t<div class=\"e-con-inner\">\n\t\t\t\t<div class=\"elementor-element elementor-element-a909af8 elementor-widget elementor-widget-text-editor\" data-id=\"a909af8\" data-element_type=\"widget\" data-e-type=\"widget\" data-widget_type=\"text-editor.default\">\n\t\t\t\t<div class=\"elementor-widget-container\">\n\t\t\t\t\t\t\t\t\t<p>Podmiotem odpowiedzialnym w rozumieniu przepis\u00f3w o ochronie danych, zw\u0142aszcza rozporz\u0105dzenia UE o ochronie danych (RODO) jest:<\/p>\n<p>Miasto Angerm\u00fcnde<br \/>Die B\u00fcrgermeisterin (burmistrzyni)<br \/>Markt 24, 16278 Angerm\u00fcnde<br \/>Telefon: +49 3331 26000 | Faks: +49 3331 260045<br \/><a href=\"mailto:stadt@angermuende.de\" target=\"_blank\" rel=\"noopener\">stadt@angermuende.de<\/a><\/p>\n<p><strong>Informacje o prawach osoby, kt\u00f3rych dane dotycz\u0105<\/strong><\/p>\n<p>Korzystaj\u0105c z poni\u017cszych danych kontaktowych naszego inspektora ochrony danych mo\u017cesz w dowolnym momencie skorzysta\u0107 z przys\u0142uguj\u0105cych Ci praw:<\/p>\n<ul>\n<li>prawo do informacji dotycz\u0105ce zapisanych u nas Twoich danych i ich przetwarzania (art. 15 RODO),<\/li>\n<li>korekta nieprawid\u0142owych danych osobowych (art. 16 RODO),<\/li>\n<li>usuni\u0119cie zapisanych u nas danych (art. 17 RODO),<\/li>\n<li>ograniczenie przetwarzania danych, chyba \u017ce nie mo\u017cemy jeszcze usun\u0105\u0107 Twoich danych z powodu ci\u0105\u017c\u0105cych na nas obowi\u0105zk\u00f3w prawnych (art. 18 RODO),<\/li>\n<li>sprzeciw wobec przetwarzania Twoich danych (art. 21 RODO) oraz<\/li>\n<li>przenoszenie danych, o ile wyrazi\u0142e\u015b zgod\u0119 na przetwarzanie danych lub zawar\u0142e\u015b z nami umow\u0119 (art. 20 RODO).<\/li>\n<\/ul>\n<p>Wyra\u017con\u0105 zgod\u0119 mo\u017cna wycofa\u0107 w dowolnym momencie ze skutkiem na przysz\u0142o\u015b\u0107.<\/p>\n<p>W dowolnym momencie mo\u017cesz z\u0142o\u017cy\u0107 skarg\u0119 do organu nadzorczego, np. do w\u0142a\u015bciwego organu nadzorczego landu, w kt\u00f3rym mieszkasz lub do organu w\u0142a\u015bciwego dla nas jako podmiotu odpowiedzialnego.<\/p>\n<p>List\u0119 organ\u00f3w nadzorczych (dla sektora niepublicznego) wraz z adresem mo\u017cna znale\u017a\u0107 tutaj: <a href=\"https:\/\/www.bfdi.bund.de\/DE\/Home\/home_node.html\" target=\"_blank\" rel=\"noopener\">BfDI \u2013 Adresy i linki<\/a>.<\/p>\n<p>U\u017cywamy piksela zliczaj\u0105cego VG-Wort w postach na bloga, aby umo\u017cliwi\u0107 wyp\u0142at\u0119 tantiem dla autor\u00f3w.<\/p>\n<p>O ile na stronie internetowej nie stwierdzono inaczej, prawa autorskie do obraz\u00f3w na tej stronie internetowej nale\u017c\u0105 do miasta Angerm\u00fcnde.<\/p>\n<p><strong>Pytania do inspektora ochrony danych<\/strong><\/p>\n<p>Je\u017celi masz pytania odno\u015bnie ochrony danych, napisz <a href=\"mailto:stadt@angermuende.de\" target=\"_blank\" rel=\"noopener\">e-mail<\/a> lub zwr\u00f3\u0107 si\u0119 bezpo\u015brednio do osoby odpowiedzialnej za ochron\u0119 danych w naszej organizacji:<\/p>\n<p>Simone Rolke<br \/>Markt 24, 16278 Angerm\u00fcnde<br \/>Telefon: 03331 26000<br \/><a href=\"mailto:stadt@angermuende.de\" target=\"_blank\" rel=\"noopener\">stadt@angermuende.de<\/a><\/p>\n\t\t\t\t\t\t\t\t<\/div>\n\t\t\t\t<\/div>\n\t\t\t\t\t<\/div>\n\t\t\t\t<\/div>\n\t\t\t\t<\/div>\n\t\t","protected":false},"excerpt":{"rendered":"<p>Ochrona danych Podmiotem odpowiedzialnym w rozumieniu przepis\u00f3w o ochronie danych, zw\u0142aszcza rozporz\u0105dzenia UE o ochronie danych (RODO) jest: Miasto Angerm\u00fcndeDie B\u00fcrgermeisterin (burmistrzyni)Markt 24, 16278 Angerm\u00fcndeTelefon: +49 3331 26000 | Faks: +49 3331 260045stadt@angermuende.de Informacje o prawach osoby, kt\u00f3rych dane dotycz\u0105 Korzystaj\u0105c z poni\u017cszych danych kontaktowych naszego inspektora ochrony danych mo\u017cesz w dowolnym momencie skorzysta\u0107 z [&hellip;]<\/p>\n","protected":false},"author":1,"featured_media":0,"parent":0,"menu_order":0,"comment_status":"closed","ping_status":"closed","template":"","meta":{"_acf_changed":false,"inline_featured_image":false,"footnotes":""},"class_list":["post-7091","page","type-page","status-publish","hentry"],"acf":[],"yoast_head":"<!-- This site is optimized with the Yoast SEO plugin v27.5 - https:\/\/yoast.com\/product\/yoast-seo-wordpress\/ -->\n<title>Ochrona danych - Infopunkt Weltnaturerbe Brandenburgs UNESCO<\/title>\n<meta name=\"description\" content=\"Tutaj znajdziesz wszystkie informacje na temat ochrony danych na tej stronie internetowej dla punktu informacyjnego Alk\u00fcnkendorf World Heritage Beech Forest Grumsin.\" \/>\n<meta name=\"robots\" content=\"index, follow, max-snippet:-1, max-image-preview:large, max-video-preview:-1\" \/>\n<link rel=\"canonical\" href=\"https:\/\/welterbe-grumsin.de\/pl\/ochrona-danych\/\" \/>\n<meta property=\"og:locale\" content=\"pl_PL\" \/>\n<meta property=\"og:type\" content=\"article\" \/>\n<meta property=\"og:title\" content=\"Ochrona danych - Infopunkt Weltnaturerbe Brandenburgs UNESCO\" \/>\n<meta property=\"og:description\" content=\"Tutaj znajdziesz wszystkie informacje na temat ochrony danych na tej stronie internetowej dla punktu informacyjnego Alk\u00fcnkendorf World Heritage Beech Forest Grumsin.\" \/>\n<meta property=\"og:url\" content=\"https:\/\/welterbe-grumsin.de\/pl\/ochrona-danych\/\" \/>\n<meta property=\"og:site_name\" content=\"Infopunkt Weltnaturerbe Brandenburgs UNESCO\" \/>\n<meta property=\"article:modified_time\" content=\"2025-09-29T07:32:51+00:00\" \/>\n<meta name=\"twitter:card\" content=\"summary_large_image\" \/>\n<meta name=\"twitter:label1\" content=\"Szacowany czas czytania\" \/>\n\t<meta name=\"twitter:data1\" content=\"1 minuta\" \/>\n<script type=\"application\/ld+json\" class=\"yoast-schema-graph\">{\"@context\":\"https:\\\/\\\/schema.org\",\"@graph\":[{\"@type\":\"WebPage\",\"@id\":\"https:\\\/\\\/welterbe-grumsin.de\\\/pl\\\/ochrona-danych\\\/\",\"url\":\"https:\\\/\\\/welterbe-grumsin.de\\\/pl\\\/ochrona-danych\\\/\",\"name\":\"Ochrona danych - Infopunkt Weltnaturerbe Brandenburgs UNESCO\",\"isPartOf\":{\"@id\":\"https:\\\/\\\/welterbe-grumsin.de\\\/pl\\\/#website\"},\"datePublished\":\"2024-06-19T08:14:02+00:00\",\"dateModified\":\"2025-09-29T07:32:51+00:00\",\"description\":\"Tutaj znajdziesz wszystkie informacje na temat ochrony danych na tej stronie internetowej dla punktu informacyjnego Alk\u00fcnkendorf World Heritage Beech Forest Grumsin.\",\"breadcrumb\":{\"@id\":\"https:\\\/\\\/welterbe-grumsin.de\\\/pl\\\/ochrona-danych\\\/#breadcrumb\"},\"inLanguage\":\"pl-PL\",\"potentialAction\":[{\"@type\":\"ReadAction\",\"target\":[\"https:\\\/\\\/welterbe-grumsin.de\\\/pl\\\/ochrona-danych\\\/\"]}]},{\"@type\":\"BreadcrumbList\",\"@id\":\"https:\\\/\\\/welterbe-grumsin.de\\\/pl\\\/ochrona-danych\\\/#breadcrumb\",\"itemListElement\":[{\"@type\":\"ListItem\",\"position\":1,\"name\":\"Startseite\",\"item\":\"https:\\\/\\\/welterbe-grumsin.de\\\/pl\\\/strona-glowna\\\/\"},{\"@type\":\"ListItem\",\"position\":2,\"name\":\"Ochrona danych\"}]},{\"@type\":\"WebSite\",\"@id\":\"https:\\\/\\\/welterbe-grumsin.de\\\/pl\\\/#website\",\"url\":\"https:\\\/\\\/welterbe-grumsin.de\\\/pl\\\/\",\"name\":\"welterbe-grumsin\",\"description\":\"Buchenwald Grumsin - Brandenburgs einziges UNESCO-Weltnaturerbe\",\"publisher\":{\"@id\":\"https:\\\/\\\/welterbe-grumsin.de\\\/pl\\\/#organization\"},\"potentialAction\":[{\"@type\":\"SearchAction\",\"target\":{\"@type\":\"EntryPoint\",\"urlTemplate\":\"https:\\\/\\\/welterbe-grumsin.de\\\/pl\\\/?s={search_term_string}\"},\"query-input\":{\"@type\":\"PropertyValueSpecification\",\"valueRequired\":true,\"valueName\":\"search_term_string\"}}],\"inLanguage\":\"pl-PL\"},{\"@type\":\"Organization\",\"@id\":\"https:\\\/\\\/welterbe-grumsin.de\\\/pl\\\/#organization\",\"name\":\"Infopunkt Weltnaturerbe Brandenburgs UNESCO\",\"url\":\"https:\\\/\\\/welterbe-grumsin.de\\\/pl\\\/\",\"logo\":{\"@type\":\"ImageObject\",\"inLanguage\":\"pl-PL\",\"@id\":\"https:\\\/\\\/welterbe-grumsin.de\\\/pl\\\/#\\\/schema\\\/logo\\\/image\\\/\",\"url\":\"https:\\\/\\\/welterbe-grumsin.de\\\/wp-content\\\/uploads\\\/2024\\\/06\\\/weltnaturerbe_logo.svg\",\"contentUrl\":\"https:\\\/\\\/welterbe-grumsin.de\\\/wp-content\\\/uploads\\\/2024\\\/06\\\/weltnaturerbe_logo.svg\",\"width\":204,\"height\":273,\"caption\":\"Infopunkt Weltnaturerbe Brandenburgs UNESCO\"},\"image\":{\"@id\":\"https:\\\/\\\/welterbe-grumsin.de\\\/pl\\\/#\\\/schema\\\/logo\\\/image\\\/\"}}]}<\/script>\n<!-- \/ Yoast SEO plugin. -->","yoast_head_json":{"title":"Ochrona danych - Infopunkt Weltnaturerbe Brandenburgs UNESCO","description":"Tutaj znajdziesz wszystkie informacje na temat ochrony danych na tej stronie internetowej dla punktu informacyjnego Alk\u00fcnkendorf World Heritage Beech Forest Grumsin.","robots":{"index":"index","follow":"follow","max-snippet":"max-snippet:-1","max-image-preview":"max-image-preview:large","max-video-preview":"max-video-preview:-1"},"canonical":"https:\/\/welterbe-grumsin.de\/pl\/ochrona-danych\/","og_locale":"pl_PL","og_type":"article","og_title":"Ochrona danych - Infopunkt Weltnaturerbe Brandenburgs UNESCO","og_description":"Tutaj znajdziesz wszystkie informacje na temat ochrony danych na tej stronie internetowej dla punktu informacyjnego Alk\u00fcnkendorf World Heritage Beech Forest Grumsin.","og_url":"https:\/\/welterbe-grumsin.de\/pl\/ochrona-danych\/","og_site_name":"Infopunkt Weltnaturerbe Brandenburgs UNESCO","article_modified_time":"2025-09-29T07:32:51+00:00","twitter_card":"summary_large_image","twitter_misc":{"Szacowany czas czytania":"1 minuta"},"schema":{"@context":"https:\/\/schema.org","@graph":[{"@type":"WebPage","@id":"https:\/\/welterbe-grumsin.de\/pl\/ochrona-danych\/","url":"https:\/\/welterbe-grumsin.de\/pl\/ochrona-danych\/","name":"Ochrona danych - Infopunkt Weltnaturerbe Brandenburgs UNESCO","isPartOf":{"@id":"https:\/\/welterbe-grumsin.de\/pl\/#website"},"datePublished":"2024-06-19T08:14:02+00:00","dateModified":"2025-09-29T07:32:51+00:00","description":"Tutaj znajdziesz wszystkie informacje na temat ochrony danych na tej stronie internetowej dla punktu informacyjnego Alk\u00fcnkendorf World Heritage Beech Forest Grumsin.","breadcrumb":{"@id":"https:\/\/welterbe-grumsin.de\/pl\/ochrona-danych\/#breadcrumb"},"inLanguage":"pl-PL","potentialAction":[{"@type":"ReadAction","target":["https:\/\/welterbe-grumsin.de\/pl\/ochrona-danych\/"]}]},{"@type":"BreadcrumbList","@id":"https:\/\/welterbe-grumsin.de\/pl\/ochrona-danych\/#breadcrumb","itemListElement":[{"@type":"ListItem","position":1,"name":"Startseite","item":"https:\/\/welterbe-grumsin.de\/pl\/strona-glowna\/"},{"@type":"ListItem","position":2,"name":"Ochrona danych"}]},{"@type":"WebSite","@id":"https:\/\/welterbe-grumsin.de\/pl\/#website","url":"https:\/\/welterbe-grumsin.de\/pl\/","name":"welterbe-grumsin","description":"Buchenwald Grumsin - Brandenburgs einziges UNESCO-Weltnaturerbe","publisher":{"@id":"https:\/\/welterbe-grumsin.de\/pl\/#organization"},"potentialAction":[{"@type":"SearchAction","target":{"@type":"EntryPoint","urlTemplate":"https:\/\/welterbe-grumsin.de\/pl\/?s={search_term_string}"},"query-input":{"@type":"PropertyValueSpecification","valueRequired":true,"valueName":"search_term_string"}}],"inLanguage":"pl-PL"},{"@type":"Organization","@id":"https:\/\/welterbe-grumsin.de\/pl\/#organization","name":"Infopunkt Weltnaturerbe Brandenburgs UNESCO","url":"https:\/\/welterbe-grumsin.de\/pl\/","logo":{"@type":"ImageObject","inLanguage":"pl-PL","@id":"https:\/\/welterbe-grumsin.de\/pl\/#\/schema\/logo\/image\/","url":"https:\/\/welterbe-grumsin.de\/wp-content\/uploads\/2024\/06\/weltnaturerbe_logo.svg","contentUrl":"https:\/\/welterbe-grumsin.de\/wp-content\/uploads\/2024\/06\/weltnaturerbe_logo.svg","width":204,"height":273,"caption":"Infopunkt Weltnaturerbe Brandenburgs UNESCO"},"image":{"@id":"https:\/\/welterbe-grumsin.de\/pl\/#\/schema\/logo\/image\/"}}]}},"_links":{"self":[{"href":"https:\/\/welterbe-grumsin.de\/pl\/wp-json\/wp\/v2\/pages\/7091","targetHints":{"allow":["GET"]}}],"collection":[{"href":"https:\/\/welterbe-grumsin.de\/pl\/wp-json\/wp\/v2\/pages"}],"about":[{"href":"https:\/\/welterbe-grumsin.de\/pl\/wp-json\/wp\/v2\/types\/page"}],"author":[{"embeddable":true,"href":"https:\/\/welterbe-grumsin.de\/pl\/wp-json\/wp\/v2\/users\/1"}],"replies":[{"embeddable":true,"href":"https:\/\/welterbe-grumsin.de\/pl\/wp-json\/wp\/v2\/comments?post=7091"}],"version-history":[{"count":2,"href":"https:\/\/welterbe-grumsin.de\/pl\/wp-json\/wp\/v2\/pages\/7091\/revisions"}],"predecessor-version":[{"id":8068,"href":"https:\/\/welterbe-grumsin.de\/pl\/wp-json\/wp\/v2\/pages\/7091\/revisions\/8068"}],"wp:attachment":[{"href":"https:\/\/welterbe-grumsin.de\/pl\/wp-json\/wp\/v2\/media?parent=7091"}],"curies":[{"name":"wp","href":"https:\/\/api.w.org\/{rel}","templated":true}]}}