{"id":7103,"date":"2024-06-19T05:41:57","date_gmt":"2024-06-19T03:41:57","guid":{"rendered":"https:\/\/welterbe-grumsin.de\/wycieczki\/"},"modified":"2025-02-24T13:32:36","modified_gmt":"2025-02-24T12:32:36","slug":"wycieczki","status":"publish","type":"page","link":"https:\/\/welterbe-grumsin.de\/pl\/wycieczki\/","title":{"rendered":"Wycieczki"},"content":{"rendered":"\t\t<div data-elementor-type=\"wp-page\" data-elementor-id=\"7103\" class=\"elementor elementor-7103 elementor-153\" data-elementor-post-type=\"page\">\n\t\t\t\t<div class=\"elementor-element elementor-element-c65f87b e-flex e-con-boxed e-con e-parent\" data-id=\"c65f87b\" data-element_type=\"container\" data-e-type=\"container\">\n\t\t\t\t\t<div class=\"e-con-inner\">\n\t\t\t\t<div class=\"elementor-element elementor-element-f2b97b5 elementor-widget elementor-widget-spacer\" data-id=\"f2b97b5\" data-element_type=\"widget\" data-e-type=\"widget\" data-widget_type=\"spacer.default\">\n\t\t\t\t<div class=\"elementor-widget-container\">\n\t\t\t\t\t\t\t<div class=\"elementor-spacer\">\n\t\t\t<div class=\"elementor-spacer-inner\"><\/div>\n\t\t<\/div>\n\t\t\t\t\t\t<\/div>\n\t\t\t\t<\/div>\n\t\t\t\t<div class=\"elementor-element elementor-element-b86d9a6 elementor-widget elementor-widget-heading\" data-id=\"b86d9a6\" data-element_type=\"widget\" data-e-type=\"widget\" id=\"ein-urwald-entsteht\" data-widget_type=\"heading.default\">\n\t\t\t\t<div class=\"elementor-widget-container\">\n\t\t\t\t\t<h1 class=\"elementor-heading-title elementor-size-default\">Wycieczki<\/h1>\t\t\t\t<\/div>\n\t\t\t\t<\/div>\n\t\t\t\t\t<\/div>\n\t\t\t\t<\/div>\n\t\t<div class=\"elementor-element elementor-element-3cc27ff e-flex e-con-boxed e-con e-parent\" data-id=\"3cc27ff\" data-element_type=\"container\" data-e-type=\"container\">\n\t\t\t\t\t<div class=\"e-con-inner\">\n\t\t<div class=\"elementor-element elementor-element-ef30fbe e-con-full e-flex e-con e-child\" data-id=\"ef30fbe\" data-element_type=\"container\" data-e-type=\"container\">\n\t\t\t\t<div class=\"elementor-element elementor-element-a63da15 elementor-widget elementor-widget-heading\" data-id=\"a63da15\" data-element_type=\"widget\" data-e-type=\"widget\" data-widget_type=\"heading.default\">\n\t\t\t\t<div class=\"elementor-widget-container\">\n\t\t\t\t\t<h2 class=\"elementor-heading-title elementor-size-default\">Wycieczka: Powstaje puszcza<\/h2>\t\t\t\t<\/div>\n\t\t\t\t<\/div>\n\t\t\t\t<div class=\"elementor-element elementor-element-9630885 elementor-widget elementor-widget-text-editor\" data-id=\"9630885\" data-element_type=\"widget\" data-e-type=\"widget\" data-widget_type=\"text-editor.default\">\n\t\t\t\t<div class=\"elementor-widget-container\">\n\t\t\t\t\t\t\t\t\t<p>Wycieczka z certyfikowanymi przewodnikami przyrodniczo-krajobrazowym w co drug\u0105 i czwart\u0105 sobot\u0119 (od kwietnia do pa\u017adziernika) przybli\u017ca unikalno\u015b\u0107 lasu bukowego Grumsin. Miejscem zbi\u00f3rki tej w\u0119dr\u00f3wki jest Hemme-Milch w Schmargendorf. Do lasu Grumsin wchodzi si\u0119 w Zuchenberg. Stamt\u0105d trasa prowadzi obok mokrade\u0142 przez r\u00f3\u017cnorodne lasy, a\u017c do wspania\u0142ego obiektu \u015bwiatowego dziedzictwa. Odkrywa\u0107 mo\u017cna tu stare buki, pag\u00f3rkowaty krajobraz i liczne bagna, by nast\u0119pnie mijaj\u0105c oba jeziora Plunzsee powr\u00f3ci\u0107 do Zuchenberg. Za\u0142\u00f3\u017c solidne obuwie.     <\/p>\n<p><strong>D\u0142ugo\u015b\u0107 w\u0119dr\u00f3wki:<\/strong><br \/>ok. czterech godzin<\/p>\n<p><strong>Teilnehmer:<br \/><\/strong>maks. 15 os\u00f3b (liczba uczestnik\u00f3w jest ograniczona ze wzgl\u0119du na wra\u017cliwo\u015b\u0107 terenu i dost\u0119pne terminy). <\/p>\n<p><strong>Informacje:<\/strong><br \/>Zg\u0142oszenia w Tourismusverein Angerm\u00fcnde<br \/>Tel.: +49 3331 297660<br \/>E-mail: <a href=\"mailto:info@angermuende-tourismus.de\">info@angermuende-tourismus.de<\/a><br \/>Aktualne terminy mo\u017cna znale\u017a\u0107 w <a href=\"https:\/\/welterbe-grumsin.de\/veranstaltungskalender-buchenwald-grumsin\/\" target=\"_blank\" rel=\"noopener\">kalendarzu wydarze\u0144<\/a>.<\/p>\n<p>Wi\u0119cej <a href=\"https:\/\/www.angermuende-tourismus.de\/fuehrung-ein-urwald-entsteht\/).\" target=\"_blank\" rel=\"noopener\">informacji o wycieczce<\/a><\/p>\n<p><a name=\"fuehrung02\"><\/a><\/p>\n\t\t\t\t\t\t\t\t<\/div>\n\t\t\t\t<\/div>\n\t\t\t\t<\/div>\n\t\t<div class=\"elementor-element elementor-element-209e8a9 e-con-full e-flex e-con e-child\" data-id=\"209e8a9\" data-element_type=\"container\" data-e-type=\"container\">\n\t\t\t\t<div class=\"elementor-element elementor-element-172a480 elementor-widget elementor-widget-image\" data-id=\"172a480\" data-element_type=\"widget\" data-e-type=\"widget\" data-widget_type=\"image.default\">\n\t\t\t\t<div class=\"elementor-widget-container\">\n\t\t\t\t\t\t\t\t\t\t\t\t\t\t\t<img fetchpriority=\"high\" decoding=\"async\" width=\"800\" height=\"534\" src=\"https:\/\/welterbe-grumsin.de\/wp-content\/uploads\/2024\/09\/fuehrung-ein-urwald-entsteht.jpg\" class=\"attachment-large size-large wp-image-6120\" alt=\"\" srcset=\"https:\/\/welterbe-grumsin.de\/wp-content\/uploads\/2024\/09\/fuehrung-ein-urwald-entsteht.jpg 1024w, https:\/\/welterbe-grumsin.de\/wp-content\/uploads\/2024\/09\/fuehrung-ein-urwald-entsteht-300x200.jpg 300w, https:\/\/welterbe-grumsin.de\/wp-content\/uploads\/2024\/09\/fuehrung-ein-urwald-entsteht-768x512.jpg 768w\" sizes=\"(max-width: 800px) 100vw, 800px\" \/>\t\t\t\t\t\t\t\t\t\t\t\t\t\t\t<\/div>\n\t\t\t\t<\/div>\n\t\t\t\t<\/div>\n\t\t\t\t\t<\/div>\n\t\t\t\t<\/div>\n\t\t<div class=\"elementor-element elementor-element-0af8881 e-flex e-con-boxed e-con e-parent\" data-id=\"0af8881\" data-element_type=\"container\" data-e-type=\"container\">\n\t\t\t\t\t<div class=\"e-con-inner\">\n\t\t\t\t<div class=\"elementor-element elementor-element-aeb4db4 elementor-widget elementor-widget-spacer\" data-id=\"aeb4db4\" data-element_type=\"widget\" data-e-type=\"widget\" data-widget_type=\"spacer.default\">\n\t\t\t\t<div class=\"elementor-widget-container\">\n\t\t\t\t\t\t\t<div class=\"elementor-spacer\">\n\t\t\t<div class=\"elementor-spacer-inner\"><\/div>\n\t\t<\/div>\n\t\t\t\t\t\t<\/div>\n\t\t\t\t<\/div>\n\t\t\t\t\t<\/div>\n\t\t\t\t<\/div>\n\t\t<div class=\"elementor-element elementor-element-89531cd e-flex e-con-boxed e-con e-parent\" data-id=\"89531cd\" data-element_type=\"container\" data-e-type=\"container\">\n\t\t\t\t\t<div class=\"e-con-inner\">\n\t\t<div class=\"elementor-element elementor-element-cdb5687 e-con-full e-flex e-con e-child\" data-id=\"cdb5687\" data-element_type=\"container\" data-e-type=\"container\">\n\t\t\t\t<div class=\"elementor-element elementor-element-a5d2ecc elementor-widget elementor-widget-heading\" data-id=\"a5d2ecc\" data-element_type=\"widget\" data-e-type=\"widget\" id=\"lebendiges-welterbe\" data-widget_type=\"heading.default\">\n\t\t\t\t<div class=\"elementor-widget-container\">\n\t\t\t\t\t<h2 class=\"elementor-heading-title elementor-size-default\">Wycieczka: \u017bywe dziedzictwo \u015bwiatowe<\/h2>\t\t\t\t<\/div>\n\t\t\t\t<\/div>\n\t\t\t\t<div class=\"elementor-element elementor-element-5683311 elementor-widget elementor-widget-text-editor\" data-id=\"5683311\" data-element_type=\"widget\" data-e-type=\"widget\" data-widget_type=\"text-editor.default\">\n\t\t\t\t<div class=\"elementor-widget-container\">\n\t\t\t\t\t\t\t\t\tG\u0142\u0119bokie doliny z licznymi, r\u00f3\u017cnorodnie ukszta\u0142towanymi jeziorami, bagnami i ma\u0142ymi zbiornikami wodnymi przeplataj\u0105 si\u0119 wyrazistymi wzg\u00f3rzami. Pi\u0119\u0107 r\u00f3\u017cnych gatunk\u00f3w dzi\u0119cio\u0142\u00f3w, mucho\u0142\u00f3wka, a nad wod\u0105 nawet zimorodek \u2013 to ornitologiczne atrakcje tego obszaru. Rzekotka drzewna korzysta z licznych ma\u0142ych zbiornik\u00f3w wodnych, a w nienaruszonych bagnach mo\u017cna spotka\u0107 rzadkie gatunki ro\u015blin, takie jak rosiczka okr\u0105g\u0142olistna i we\u0142nianka, bagno zwyczajne i turzyca p\u0119cherzykowata.  \n\n<strong>D\u0142ugo\u015b\u0107 w\u0119dr\u00f3wki:<\/strong>\nok. trzech godzin (6 km)\n\n<strong>Uczestnicy:\n<\/strong>maks. 15 os\u00f3b (liczba uczestnik\u00f3w jest ograniczona ze wzgl\u0119du na wra\u017cliwo\u015b\u0107 obszaru i dost\u0119pne terminy). \n\n<strong>Terminy:<\/strong>\nDok\u0142adne terminy oraz dodatkowe informacje mo\u017cna znale\u017a\u0107 na stronie informacji turystycznej Angerm\u00fcnde\nTel.: +49 3331 297660\nE-Mail: <a href=\"mailto:info@angermuende-tourismus.de\">info@angermuende-tourismus.de<\/a>\nAktualne terminy mo\u017cna znale\u017a\u0107 w <a href=\"https:\/\/welterbe-grumsin.de\/veranstaltungskalender-buchenwald-grumsin\/\" target=\"_blank\" rel=\"noopener\">Veranstaltungskalender<\/a>.\n\nWi\u0119cej <a href=\"https:\/\/www.angermuende-tourismus.de\/pois\/fuehrung-lebendiges-welterbe-erlebnisfuehrung-im-buchenwald-grumsin\/\" target=\"_blank\" rel=\"noopener\">informacji o wycieczce<\/a>\t\t\t\t\t\t\t\t<\/div>\n\t\t\t\t<\/div>\n\t\t\t\t<\/div>\n\t\t<div class=\"elementor-element elementor-element-e419958 e-con-full e-flex e-con e-child\" data-id=\"e419958\" data-element_type=\"container\" data-e-type=\"container\">\n\t\t\t\t<div class=\"elementor-element elementor-element-17025af elementor-widget elementor-widget-image\" data-id=\"17025af\" data-element_type=\"widget\" data-e-type=\"widget\" data-widget_type=\"image.default\">\n\t\t\t\t<div class=\"elementor-widget-container\">\n\t\t\t\t\t\t\t\t\t\t\t\t\t\t\t<img decoding=\"async\" width=\"800\" height=\"534\" src=\"https:\/\/welterbe-grumsin.de\/wp-content\/uploads\/2024\/09\/fuehrung-lebendiges-welterbe.jpg\" class=\"attachment-large size-large wp-image-6122\" alt=\"\" srcset=\"https:\/\/welterbe-grumsin.de\/wp-content\/uploads\/2024\/09\/fuehrung-lebendiges-welterbe.jpg 1024w, https:\/\/welterbe-grumsin.de\/wp-content\/uploads\/2024\/09\/fuehrung-lebendiges-welterbe-300x200.jpg 300w, https:\/\/welterbe-grumsin.de\/wp-content\/uploads\/2024\/09\/fuehrung-lebendiges-welterbe-768x512.jpg 768w\" sizes=\"(max-width: 800px) 100vw, 800px\" \/>\t\t\t\t\t\t\t\t\t\t\t\t\t\t\t<\/div>\n\t\t\t\t<\/div>\n\t\t\t\t<\/div>\n\t\t\t\t\t<\/div>\n\t\t\t\t<\/div>\n\t\t\t\t<\/div>\n\t\t","protected":false},"excerpt":{"rendered":"<p>Wycieczki Wycieczka: Powstaje puszcza Wycieczka z certyfikowanymi przewodnikami przyrodniczo-krajobrazowym w co drug\u0105 i czwart\u0105 sobot\u0119 (od kwietnia do pa\u017adziernika) przybli\u017ca unikalno\u015b\u0107 lasu bukowego Grumsin. Miejscem zbi\u00f3rki tej w\u0119dr\u00f3wki jest Hemme-Milch w Schmargendorf. Do lasu Grumsin wchodzi si\u0119 w Zuchenberg. Stamt\u0105d trasa prowadzi obok mokrade\u0142 przez r\u00f3\u017cnorodne lasy, a\u017c do wspania\u0142ego obiektu \u015bwiatowego dziedzictwa. Odkrywa\u0107 mo\u017cna [&hellip;]<\/p>\n","protected":false},"author":1,"featured_media":6126,"parent":0,"menu_order":0,"comment_status":"closed","ping_status":"closed","template":"","meta":{"_acf_changed":false,"inline_featured_image":false,"footnotes":""},"class_list":["post-7103","page","type-page","status-publish","has-post-thumbnail","hentry"],"acf":[],"yoast_head":"<!-- This site is optimized with the Yoast SEO plugin v27.5 - https:\/\/yoast.com\/product\/yoast-seo-wordpress\/ -->\n<title>Wycieczki - Infopunkt Weltnaturerbe Brandenburgs UNESCO<\/title>\n<meta name=\"description\" content=\"Wycieczki z przewodnikiem po lesie bukowym Grumsin. \u015awiatowe dziedzictwo przyrodnicze UNESCO w Brandenburgii. &quot;Wy\u0142ania si\u0119 pierwotny las&quot; i &quot;\u017byj\u0105ce \u015bwiatowe dziedzictwo&quot;\" \/>\n<meta name=\"robots\" content=\"index, follow, max-snippet:-1, max-image-preview:large, max-video-preview:-1\" \/>\n<link rel=\"canonical\" href=\"https:\/\/welterbe-grumsin.de\/pl\/wycieczki\/\" \/>\n<meta property=\"og:locale\" content=\"pl_PL\" \/>\n<meta property=\"og:type\" content=\"article\" \/>\n<meta property=\"og:title\" content=\"Wycieczki - Infopunkt Weltnaturerbe Brandenburgs UNESCO\" \/>\n<meta property=\"og:description\" content=\"Wycieczki z przewodnikiem po lesie bukowym Grumsin. \u015awiatowe dziedzictwo przyrodnicze UNESCO w Brandenburgii. &quot;Wy\u0142ania si\u0119 pierwotny las&quot; i &quot;\u017byj\u0105ce \u015bwiatowe dziedzictwo&quot;\" \/>\n<meta property=\"og:url\" content=\"https:\/\/welterbe-grumsin.de\/pl\/wycieczki\/\" \/>\n<meta property=\"og:site_name\" content=\"Infopunkt Weltnaturerbe Brandenburgs UNESCO\" \/>\n<meta property=\"article:modified_time\" content=\"2025-02-24T12:32:36+00:00\" \/>\n<meta property=\"og:image\" content=\"https:\/\/welterbe-grumsin.de\/wp-content\/uploads\/2024\/09\/fuehrungen-im-grumsin-beitragsbild.jpg\" \/>\n\t<meta property=\"og:image:width\" content=\"1024\" \/>\n\t<meta property=\"og:image:height\" content=\"683\" \/>\n\t<meta property=\"og:image:type\" content=\"image\/jpeg\" \/>\n<meta name=\"twitter:card\" content=\"summary_large_image\" \/>\n<meta name=\"twitter:label1\" content=\"Szacowany czas czytania\" \/>\n\t<meta name=\"twitter:data1\" content=\"1 minuta\" \/>\n<script type=\"application\/ld+json\" class=\"yoast-schema-graph\">{\"@context\":\"https:\\\/\\\/schema.org\",\"@graph\":[{\"@type\":\"WebPage\",\"@id\":\"https:\\\/\\\/welterbe-grumsin.de\\\/pl\\\/wycieczki\\\/\",\"url\":\"https:\\\/\\\/welterbe-grumsin.de\\\/pl\\\/wycieczki\\\/\",\"name\":\"Wycieczki - Infopunkt Weltnaturerbe Brandenburgs UNESCO\",\"isPartOf\":{\"@id\":\"https:\\\/\\\/welterbe-grumsin.de\\\/pl\\\/#website\"},\"primaryImageOfPage\":{\"@id\":\"https:\\\/\\\/welterbe-grumsin.de\\\/pl\\\/wycieczki\\\/#primaryimage\"},\"image\":{\"@id\":\"https:\\\/\\\/welterbe-grumsin.de\\\/pl\\\/wycieczki\\\/#primaryimage\"},\"thumbnailUrl\":\"https:\\\/\\\/welterbe-grumsin.de\\\/wp-content\\\/uploads\\\/2024\\\/09\\\/fuehrungen-im-grumsin-beitragsbild.jpg\",\"datePublished\":\"2024-06-19T03:41:57+00:00\",\"dateModified\":\"2025-02-24T12:32:36+00:00\",\"description\":\"Wycieczki z przewodnikiem po lesie bukowym Grumsin. \u015awiatowe dziedzictwo przyrodnicze UNESCO w Brandenburgii. \\\"Wy\u0142ania si\u0119 pierwotny las\\\" i \\\"\u017byj\u0105ce \u015bwiatowe dziedzictwo\\\"\",\"breadcrumb\":{\"@id\":\"https:\\\/\\\/welterbe-grumsin.de\\\/pl\\\/wycieczki\\\/#breadcrumb\"},\"inLanguage\":\"pl-PL\",\"potentialAction\":[{\"@type\":\"ReadAction\",\"target\":[\"https:\\\/\\\/welterbe-grumsin.de\\\/pl\\\/wycieczki\\\/\"]}]},{\"@type\":\"ImageObject\",\"inLanguage\":\"pl-PL\",\"@id\":\"https:\\\/\\\/welterbe-grumsin.de\\\/pl\\\/wycieczki\\\/#primaryimage\",\"url\":\"https:\\\/\\\/welterbe-grumsin.de\\\/wp-content\\\/uploads\\\/2024\\\/09\\\/fuehrungen-im-grumsin-beitragsbild.jpg\",\"contentUrl\":\"https:\\\/\\\/welterbe-grumsin.de\\\/wp-content\\\/uploads\\\/2024\\\/09\\\/fuehrungen-im-grumsin-beitragsbild.jpg\",\"width\":1024,\"height\":683},{\"@type\":\"BreadcrumbList\",\"@id\":\"https:\\\/\\\/welterbe-grumsin.de\\\/pl\\\/wycieczki\\\/#breadcrumb\",\"itemListElement\":[{\"@type\":\"ListItem\",\"position\":1,\"name\":\"Startseite\",\"item\":\"https:\\\/\\\/welterbe-grumsin.de\\\/pl\\\/strona-glowna\\\/\"},{\"@type\":\"ListItem\",\"position\":2,\"name\":\"Wycieczki\"}]},{\"@type\":\"WebSite\",\"@id\":\"https:\\\/\\\/welterbe-grumsin.de\\\/pl\\\/#website\",\"url\":\"https:\\\/\\\/welterbe-grumsin.de\\\/pl\\\/\",\"name\":\"welterbe-grumsin\",\"description\":\"Buchenwald Grumsin - Brandenburgs einziges UNESCO-Weltnaturerbe\",\"publisher\":{\"@id\":\"https:\\\/\\\/welterbe-grumsin.de\\\/pl\\\/#organization\"},\"potentialAction\":[{\"@type\":\"SearchAction\",\"target\":{\"@type\":\"EntryPoint\",\"urlTemplate\":\"https:\\\/\\\/welterbe-grumsin.de\\\/pl\\\/?s={search_term_string}\"},\"query-input\":{\"@type\":\"PropertyValueSpecification\",\"valueRequired\":true,\"valueName\":\"search_term_string\"}}],\"inLanguage\":\"pl-PL\"},{\"@type\":\"Organization\",\"@id\":\"https:\\\/\\\/welterbe-grumsin.de\\\/pl\\\/#organization\",\"name\":\"Infopunkt Weltnaturerbe Brandenburgs UNESCO\",\"url\":\"https:\\\/\\\/welterbe-grumsin.de\\\/pl\\\/\",\"logo\":{\"@type\":\"ImageObject\",\"inLanguage\":\"pl-PL\",\"@id\":\"https:\\\/\\\/welterbe-grumsin.de\\\/pl\\\/#\\\/schema\\\/logo\\\/image\\\/\",\"url\":\"https:\\\/\\\/welterbe-grumsin.de\\\/wp-content\\\/uploads\\\/2024\\\/06\\\/weltnaturerbe_logo.svg\",\"contentUrl\":\"https:\\\/\\\/welterbe-grumsin.de\\\/wp-content\\\/uploads\\\/2024\\\/06\\\/weltnaturerbe_logo.svg\",\"width\":204,\"height\":273,\"caption\":\"Infopunkt Weltnaturerbe Brandenburgs UNESCO\"},\"image\":{\"@id\":\"https:\\\/\\\/welterbe-grumsin.de\\\/pl\\\/#\\\/schema\\\/logo\\\/image\\\/\"}}]}<\/script>\n<!-- \/ Yoast SEO plugin. -->","yoast_head_json":{"title":"Wycieczki - Infopunkt Weltnaturerbe Brandenburgs UNESCO","description":"Wycieczki z przewodnikiem po lesie bukowym Grumsin. \u015awiatowe dziedzictwo przyrodnicze UNESCO w Brandenburgii. \"Wy\u0142ania si\u0119 pierwotny las\" i \"\u017byj\u0105ce \u015bwiatowe dziedzictwo\"","robots":{"index":"index","follow":"follow","max-snippet":"max-snippet:-1","max-image-preview":"max-image-preview:large","max-video-preview":"max-video-preview:-1"},"canonical":"https:\/\/welterbe-grumsin.de\/pl\/wycieczki\/","og_locale":"pl_PL","og_type":"article","og_title":"Wycieczki - Infopunkt Weltnaturerbe Brandenburgs UNESCO","og_description":"Wycieczki z przewodnikiem po lesie bukowym Grumsin. \u015awiatowe dziedzictwo przyrodnicze UNESCO w Brandenburgii. \"Wy\u0142ania si\u0119 pierwotny las\" i \"\u017byj\u0105ce \u015bwiatowe dziedzictwo\"","og_url":"https:\/\/welterbe-grumsin.de\/pl\/wycieczki\/","og_site_name":"Infopunkt Weltnaturerbe Brandenburgs UNESCO","article_modified_time":"2025-02-24T12:32:36+00:00","og_image":[{"width":1024,"height":683,"url":"https:\/\/welterbe-grumsin.de\/wp-content\/uploads\/2024\/09\/fuehrungen-im-grumsin-beitragsbild.jpg","type":"image\/jpeg"}],"twitter_card":"summary_large_image","twitter_misc":{"Szacowany czas czytania":"1 minuta"},"schema":{"@context":"https:\/\/schema.org","@graph":[{"@type":"WebPage","@id":"https:\/\/welterbe-grumsin.de\/pl\/wycieczki\/","url":"https:\/\/welterbe-grumsin.de\/pl\/wycieczki\/","name":"Wycieczki - Infopunkt Weltnaturerbe Brandenburgs UNESCO","isPartOf":{"@id":"https:\/\/welterbe-grumsin.de\/pl\/#website"},"primaryImageOfPage":{"@id":"https:\/\/welterbe-grumsin.de\/pl\/wycieczki\/#primaryimage"},"image":{"@id":"https:\/\/welterbe-grumsin.de\/pl\/wycieczki\/#primaryimage"},"thumbnailUrl":"https:\/\/welterbe-grumsin.de\/wp-content\/uploads\/2024\/09\/fuehrungen-im-grumsin-beitragsbild.jpg","datePublished":"2024-06-19T03:41:57+00:00","dateModified":"2025-02-24T12:32:36+00:00","description":"Wycieczki z przewodnikiem po lesie bukowym Grumsin. \u015awiatowe dziedzictwo przyrodnicze UNESCO w Brandenburgii. \"Wy\u0142ania si\u0119 pierwotny las\" i \"\u017byj\u0105ce \u015bwiatowe dziedzictwo\"","breadcrumb":{"@id":"https:\/\/welterbe-grumsin.de\/pl\/wycieczki\/#breadcrumb"},"inLanguage":"pl-PL","potentialAction":[{"@type":"ReadAction","target":["https:\/\/welterbe-grumsin.de\/pl\/wycieczki\/"]}]},{"@type":"ImageObject","inLanguage":"pl-PL","@id":"https:\/\/welterbe-grumsin.de\/pl\/wycieczki\/#primaryimage","url":"https:\/\/welterbe-grumsin.de\/wp-content\/uploads\/2024\/09\/fuehrungen-im-grumsin-beitragsbild.jpg","contentUrl":"https:\/\/welterbe-grumsin.de\/wp-content\/uploads\/2024\/09\/fuehrungen-im-grumsin-beitragsbild.jpg","width":1024,"height":683},{"@type":"BreadcrumbList","@id":"https:\/\/welterbe-grumsin.de\/pl\/wycieczki\/#breadcrumb","itemListElement":[{"@type":"ListItem","position":1,"name":"Startseite","item":"https:\/\/welterbe-grumsin.de\/pl\/strona-glowna\/"},{"@type":"ListItem","position":2,"name":"Wycieczki"}]},{"@type":"WebSite","@id":"https:\/\/welterbe-grumsin.de\/pl\/#website","url":"https:\/\/welterbe-grumsin.de\/pl\/","name":"welterbe-grumsin","description":"Buchenwald Grumsin - Brandenburgs einziges UNESCO-Weltnaturerbe","publisher":{"@id":"https:\/\/welterbe-grumsin.de\/pl\/#organization"},"potentialAction":[{"@type":"SearchAction","target":{"@type":"EntryPoint","urlTemplate":"https:\/\/welterbe-grumsin.de\/pl\/?s={search_term_string}"},"query-input":{"@type":"PropertyValueSpecification","valueRequired":true,"valueName":"search_term_string"}}],"inLanguage":"pl-PL"},{"@type":"Organization","@id":"https:\/\/welterbe-grumsin.de\/pl\/#organization","name":"Infopunkt Weltnaturerbe Brandenburgs UNESCO","url":"https:\/\/welterbe-grumsin.de\/pl\/","logo":{"@type":"ImageObject","inLanguage":"pl-PL","@id":"https:\/\/welterbe-grumsin.de\/pl\/#\/schema\/logo\/image\/","url":"https:\/\/welterbe-grumsin.de\/wp-content\/uploads\/2024\/06\/weltnaturerbe_logo.svg","contentUrl":"https:\/\/welterbe-grumsin.de\/wp-content\/uploads\/2024\/06\/weltnaturerbe_logo.svg","width":204,"height":273,"caption":"Infopunkt Weltnaturerbe Brandenburgs UNESCO"},"image":{"@id":"https:\/\/welterbe-grumsin.de\/pl\/#\/schema\/logo\/image\/"}}]}},"_links":{"self":[{"href":"https:\/\/welterbe-grumsin.de\/pl\/wp-json\/wp\/v2\/pages\/7103","targetHints":{"allow":["GET"]}}],"collection":[{"href":"https:\/\/welterbe-grumsin.de\/pl\/wp-json\/wp\/v2\/pages"}],"about":[{"href":"https:\/\/welterbe-grumsin.de\/pl\/wp-json\/wp\/v2\/types\/page"}],"author":[{"embeddable":true,"href":"https:\/\/welterbe-grumsin.de\/pl\/wp-json\/wp\/v2\/users\/1"}],"replies":[{"embeddable":true,"href":"https:\/\/welterbe-grumsin.de\/pl\/wp-json\/wp\/v2\/comments?post=7103"}],"version-history":[{"count":1,"href":"https:\/\/welterbe-grumsin.de\/pl\/wp-json\/wp\/v2\/pages\/7103\/revisions"}],"predecessor-version":[{"id":7105,"href":"https:\/\/welterbe-grumsin.de\/pl\/wp-json\/wp\/v2\/pages\/7103\/revisions\/7105"}],"wp:featuredmedia":[{"embeddable":true,"href":"https:\/\/welterbe-grumsin.de\/pl\/wp-json\/wp\/v2\/media\/6126"}],"wp:attachment":[{"href":"https:\/\/welterbe-grumsin.de\/pl\/wp-json\/wp\/v2\/media?parent=7103"}],"curies":[{"name":"wp","href":"https:\/\/api.w.org\/{rel}","templated":true}]}}