{"id":7109,"date":"2024-06-19T10:13:53","date_gmt":"2024-06-19T08:13:53","guid":{"rendered":"https:\/\/welterbe-grumsin.de\/nadruk\/"},"modified":"2025-07-04T12:42:01","modified_gmt":"2025-07-04T10:42:01","slug":"nadruk","status":"publish","type":"page","link":"https:\/\/welterbe-grumsin.de\/pl\/nadruk\/","title":{"rendered":"Nadruk"},"content":{"rendered":"\t\t<div data-elementor-type=\"wp-page\" data-elementor-id=\"7109\" class=\"elementor elementor-7109 elementor-396\" data-elementor-post-type=\"page\">\n\t\t\t\t<div class=\"elementor-element elementor-element-3446fdd e-flex e-con-boxed e-con e-parent\" data-id=\"3446fdd\" data-element_type=\"container\" data-e-type=\"container\">\n\t\t\t\t\t<div class=\"e-con-inner\">\n\t\t\t\t<div class=\"elementor-element elementor-element-bea7418 elementor-widget elementor-widget-heading\" data-id=\"bea7418\" data-element_type=\"widget\" data-e-type=\"widget\" data-widget_type=\"heading.default\">\n\t\t\t\t<div class=\"elementor-widget-container\">\n\t\t\t\t\t<h2 class=\"elementor-heading-title elementor-size-default\">Nadruk<\/h2>\t\t\t\t<\/div>\n\t\t\t\t<\/div>\n\t\t\t\t\t<\/div>\n\t\t\t\t<\/div>\n\t\t<div class=\"elementor-element elementor-element-6cf7ab3 e-flex e-con-boxed e-con e-parent\" data-id=\"6cf7ab3\" data-element_type=\"container\" data-e-type=\"container\">\n\t\t\t\t\t<div class=\"e-con-inner\">\n\t\t\t\t<div class=\"elementor-element elementor-element-a40f9ff elementor-widget elementor-widget-text-editor\" data-id=\"a40f9ff\" data-element_type=\"widget\" data-e-type=\"widget\" data-widget_type=\"text-editor.default\">\n\t\t\t\t<div class=\"elementor-widget-container\">\n\t\t\t\t\t\t\t\t\t<h3><strong>1. obowi\u0105zkowe informacje zgodnie z TeleMedienGesetz (DDG)<\/strong><\/h3>\t\t\t\t\t\t\t\t<\/div>\n\t\t\t\t<\/div>\n\t\t\t\t\t<\/div>\n\t\t\t\t<\/div>\n\t\t<div class=\"elementor-element elementor-element-284d64d e-flex e-con-boxed e-con e-parent\" data-id=\"284d64d\" data-element_type=\"container\" data-e-type=\"container\">\n\t\t\t\t\t<div class=\"e-con-inner\">\n\t\t<div class=\"elementor-element elementor-element-f591dd0 e-con-full e-flex e-con e-child\" data-id=\"f591dd0\" data-element_type=\"container\" data-e-type=\"container\">\n\t\t\t\t<div class=\"elementor-element elementor-element-f6e0e4f elementor-widget elementor-widget-text-editor\" data-id=\"f6e0e4f\" data-element_type=\"widget\" data-e-type=\"widget\" data-widget_type=\"text-editor.default\">\n\t\t\t\t<div class=\"elementor-widget-container\">\n\t\t\t\t\t\t\t\t\t<p>Podmiotem odpowiedzialnym w rozumieniu ustawy o telemediach jest burmistrz miasta Angerm\u00fcnde.<\/p><p><strong>Adres i kontakt:<\/strong><br>Miasto Angerm\u00fcnde<br>Die B\u00fcrgermeisterin (burmistrzyni)<br>Markt 24, 16278 Angerm\u00fcnde<br>Telefon: +49 (0) 3331 26000<br>Faks: +49 (0) 3331 260045<br>E-mail: <a href=\"mailto:stadt@angermuende.de\" target=\"_blank\" rel=\"noopener\">stadt@angermuende.de<\/a><br>Numer NIP UE: DE139043961<br>Identyfikator fakturowy: 12-12992262176135-38<\/p>\t\t\t\t\t\t\t\t<\/div>\n\t\t\t\t<\/div>\n\t\t\t\t<\/div>\n\t\t<div class=\"elementor-element elementor-element-91c35c9 e-con-full e-flex e-con e-child\" data-id=\"91c35c9\" data-element_type=\"container\" data-e-type=\"container\">\n\t\t\t\t<div class=\"elementor-element elementor-element-7bb7cbe elementor-widget elementor-widget-text-editor\" data-id=\"7bb7cbe\" data-element_type=\"widget\" data-e-type=\"widget\" data-widget_type=\"text-editor.default\">\n\t\t\t\t<div class=\"elementor-widget-container\">\n\t\t\t\t\t\t\t\t\t<p><strong>Urz\u0119dowy inspektor ochrony danych:<\/strong><br>Miasto Angerm\u00fcnde, inspektor ochrony danych<br>Simone Rolke<br>Telefon: +49 (0) 3331 260022<br>Faks: +49 (0) 3331 260045<br>E-mail: <a href=\"mailto:datenschutz@angermuende.de\" target=\"_blank\" rel=\"noopener\">datenschutz@angermuende.de<\/a><\/p>\t\t\t\t\t\t\t\t<\/div>\n\t\t\t\t<\/div>\n\t\t\t\t<\/div>\n\t\t<div class=\"elementor-element elementor-element-d37dd96 e-con-full e-flex e-con e-child\" data-id=\"d37dd96\" data-element_type=\"container\" data-e-type=\"container\">\n\t\t\t\t<div class=\"elementor-element elementor-element-ee737ec elementor-widget elementor-widget-text-editor\" data-id=\"ee737ec\" data-element_type=\"widget\" data-e-type=\"widget\" data-widget_type=\"text-editor.default\">\n\t\t\t\t<div class=\"elementor-widget-container\">\n\t\t\t\t\t\t\t\t\t<p>Miasto Angerm\u00fcnde jest podmiotem prawa publicznego. Jest reprezentowane przez burmistrzyni\u0119. <\/p>\n<p><strong>Ansprechpartner f\u00fcr das Internetangebot:<\/strong><br>Miasto Angerm\u00fcnde<br>Helen M\u00fcnnich<br>Telefon: +49 (0) 1517 0594619<br>Faks: +49 (0) 3331 260045<br>E-mail: <a href=\"mailto:h.muennich@angermuende.de\" target=\"_blank\" rel=\"noopener\">h.muennich@angermuende.de<\/a><\/p>\t\t\t\t\t\t\t\t<\/div>\n\t\t\t\t<\/div>\n\t\t\t\t<\/div>\n\t\t<div class=\"elementor-element elementor-element-949d99a e-con-full e-flex e-con e-child\" data-id=\"949d99a\" data-element_type=\"container\" data-e-type=\"container\">\n\t\t\t\t<div class=\"elementor-element elementor-element-d00ca30 elementor-widget elementor-widget-text-editor\" data-id=\"d00ca30\" data-element_type=\"widget\" data-e-type=\"widget\" data-widget_type=\"text-editor.default\">\n\t\t\t\t<div class=\"elementor-widget-container\">\n\t\t\t\t\t\t\t\t\t<p><strong>Projekt, realizacja:<\/strong><br>Agencja reklamowa Format<br><a href=\"http:\/\/www.formatwerbung.de\/\" target=\"_blank\" rel=\"noopener\">www.formatwerbung.de<\/a><\/p>\t\t\t\t\t\t\t\t<\/div>\n\t\t\t\t<\/div>\n\t\t\t\t<\/div>\n\t\t\t\t\t<\/div>\n\t\t\t\t<\/div>\n\t\t<div class=\"elementor-element elementor-element-3d33fb4 e-flex e-con-boxed e-con e-parent\" data-id=\"3d33fb4\" data-element_type=\"container\" data-e-type=\"container\">\n\t\t\t\t\t<div class=\"e-con-inner\">\n\t\t\t\t<div class=\"elementor-element elementor-element-ce3b321 elementor-widget elementor-widget-heading\" data-id=\"ce3b321\" data-element_type=\"widget\" data-e-type=\"widget\" data-widget_type=\"heading.default\">\n\t\t\t\t<div class=\"elementor-widget-container\">\n\t\t\t\t\t<h2 class=\"elementor-heading-title elementor-size-default\">\u0179r\u00f3d\u0142a obraz\u00f3w<\/h2>\t\t\t\t<\/div>\n\t\t\t\t<\/div>\n\t\t\t\t\t<\/div>\n\t\t\t\t<\/div>\n\t\t<div class=\"elementor-element elementor-element-1bf10ce e-flex e-con-boxed e-con e-parent\" data-id=\"1bf10ce\" data-element_type=\"container\" data-e-type=\"container\">\n\t\t\t\t\t<div class=\"e-con-inner\">\n\t\t\t\t<div class=\"elementor-element elementor-element-d82b9d4 elementor-widget elementor-widget-text-editor\" data-id=\"d82b9d4\" data-element_type=\"widget\" data-e-type=\"widget\" data-widget_type=\"text-editor.default\">\n\t\t\t\t<div class=\"elementor-widget-container\">\n\t\t\t\t\t\t\t\t\t<div>Projekt logo i strony internetowej Buchenblatt: Atelier Papenfu\u00df<\/div><div>STRONA G\u0141\u00d3WNA &gt;<\/div><div>Strona g\u0142\u00f3wna (nag\u0142\u00f3wek)&gt; autor: Helen M\u00fcnnich<\/div><div>\u2013 Las bukowy Grumsin &gt; autor: Helen M\u00fcnnich<\/div><div>\u2013 Las i bagna &gt; autor: Tilo Geisel<\/div><div>BUKOWE WYCIECZKI &gt;<\/div><div>WYCIECZKI (Nag\u0142\u00f3wek) -&gt; autor: Helen M\u00fcnnich<\/div><div>&#8211; Bie\u017c\u0105cy wpis na blogu Listopadowa atmosfera i dzi\u0119cio\u0142y czarne w buczynie Grumsin -&gt; R\u00f3\u017cnorodno\u015b\u0107 grzyb\u00f3w w buczynie Grumsin -&gt;Autor: Helen M\u00fcnnich<\/div><div>OFERTY DLA GRUP SZKOLNYCH (nag\u0142\u00f3wek) -&gt; autor: Helen M\u00fcnnich<\/div><div>\u2013 Safari dla dzieci -&gt; autor: Helen M\u00fcnnich<\/div><div>\u2013 Cudowny \u015bwiat lasu i wody -&gt; autor: Helen M\u00fcnnich<\/div><div>OFERTY DLA GRUP SZKOLNYCH (nag\u0142\u00f3wek) &gt; autor: Helen M\u00fcnnich<\/div><div>\u2013 Safari dla dzieci &gt; autor: Helen M\u00fcnnich<\/div><div>\u2013 Od epoki lodowcowej do epoki kamiennej -&gt; autor: Kerstin Kirsch, Geopark Eiszeitland am Oderrand e.V.<\/div><div>\u2013 Las i ja -&gt; autor: Helen M\u00fcnnich<\/div><div>\u2013 Na \u015bcie\u017cce ku dziczy -&gt; autor: Helen M\u00fcnnich<\/div><div>ZAPLANUJ WIZYT\u0118 &gt;<\/div><div>PODEJ\u015aCIE (nag\u0142\u00f3wek) -&gt; Autor: Shutterstock \/ <a class=\"mui-w0b8ym-a-inherit-linkContainer\" title=\"Jiaye Liu\" href=\"https:\/\/www.shutterstock.com\/g\/rail1435\" target=\"_blank\" rel=\"noopener\" data-automation=\"ContributorDetails\"><span class=\"MuiBox-root mui-16qd35q-centeredContent-avatarContainer\"><span class=\"MuiTypography-root MuiTypography-body1 mui-1f7bowf-contributorLabel-linkAvatarLabel\">Jiaye Liu<\/span><\/span><\/a><\/div><div>&#8211; Kamie\u0144 drogowskazu -&gt;Autor: Helen M\u00fcnnich<\/div><div>&#8211; Podr\u00f3\u017cowanie rowerem -&gt; tw\u00f3rca: Shutterstock \/ <a class=\"mui-w0b8ym-a-inherit-linkContainer\" title=\"nnattalli\" href=\"https:\/\/www.shutterstock.com\/g\/nnattalli\" target=\"_blank\" rel=\"noopener\" data-automation=\"ContributorDetails\"><span class=\"MuiBox-root mui-16qd35q-centeredContent-avatarContainer\"><span class=\"MuiTypography-root MuiTypography-body1 mui-1f7bowf-contributorLabel-linkAvatarLabel\">nnattalli<\/span><\/span><\/a><\/div><div>&#8211; Pflasterstra\u00dfe -&gt;Autor: Helen M\u00fcnnich<\/div><div>PUNKT INFORMACYJNY (nag\u0142\u00f3wek) -&gt; autor: Helen M\u00fcnnich<\/div><div>Wie\u017ca ko\u015bcielna Altk\u00fcnkendorf \u2013 Kirchturm Altk\u00fcnkendorf -&gt; autor: Helen M\u00fcnnich<\/div><div>TERMINY WYDARZE\u0143 (nag\u0142\u00f3wek) -&gt; Urheber: KI generiert durch midjourney.com<\/div><div>toTRASY W\u0118DR\u00d3WEK (nag\u0142\u00f3wek) -&gt; Urheber: Helen M\u00fcnnich<\/div><div>\u2013 kolorowe li\u015bcie i szlak smakoszy -&gt; autor: Helen M\u00fcnnich<\/div><div>NOCLEG I JEDZENIE (NAG\u0141\u00d3WEK) -&gt; autor: Wygenerowane przez SI w midjourney.com<\/div><div>\u2013 Schronisko szkolne w Altk\u00fcnkendorf -&gt; autor: Miasto Angerm\u00fcnde<\/div><div>\u2013 Centrum spotka\u0144 Lunow -&gt; autor: Centrum spotka\u0144 Lunow<\/div><div>\u2013 O\u015brodek seezeit -&gt; autor: seezeit-resort <\/div><div>\u2013 Znak jako\u015bci &gt; Urz\u0105d landu ds. ochrony \u015brodowiska, 2020<\/div><div>CELE WYCIECZEK (nag\u0142\u00f3wek) &gt; autor: Wygenerowane przez SI w midjourney.com<\/div><div>\u2013 Centrum geoparku w Gro\u00df-Ziethen -&gt; autor: Helen M\u00fcnnich<\/div><div>\u2013 Centrum przyrodnicze NABU Blumberger M\u00fchle -&gt; autor: NABU Blumberger M\u00fchle<\/div><div>\u2013 K\u0105pielisko Wolletzsee -&gt; Miasto Angerm\u00fcnde<\/div><div>\u2013 Historyczne centrum Angerm\u00fcnde -&gt; autor: Stadt Angerm\u00fcnde<\/div><div>\u2013 Muzeum Angerm\u00fcnde w domu Uckermark -&gt; autor: Dom Uckermark Angerm\u00fcnde<\/div><div>\u2013 Hemme Milch ze sklepikiem -&gt; autor: Stadt Angerm\u00fcnde<\/div><div>\u2013 Louisenhof -&gt; autor: Galeria i atelier Louisenhof<\/div><div>\u2013 Destylarnia w Grumsin &gt; autor: Destylarnia w Grumsin<\/div><div>\u2013 Parking Blumberger M\u00fchle &gt; autor: Blumberger M\u00fchle<\/div><div>\u2013 Parking Angerm\u00fcnde &gt; autor: Helen M\u00fcnnich<\/div><div>\u2013 Camping nad Wolletzsee &gt; autor: ACVW (Angerm\u00fcnde Campingverein Wolletzsee e.V.)<\/div><div>WYPO\u017bYCZALNIA ROWER\u00d3W\/E-BIKE&#8217;\u00d3W &gt; autor: Wygenerowane przez SI w midjourney.com<\/div><div>\u2013 Logo Fahrrad Sch\u00e4fer: -&gt; autor: Fahrrad Sch\u00e4fer<\/div><div>\u2013 Logo Mietrad Angerm\u00fcnde -&gt; Urheber: Mietrad Angerm\u00fcnde<\/div><div>\u2013 Logo Fahrradwerk: -&gt; Urheber: Fahrradwerk<\/div><div>&#8211; Opcje \u0142adowania rower\u00f3w elektrycznych -&gt; Autor: Shutterstock \/ <a class=\"mui-w0b8ym-a-inherit-linkContainer\" title=\"Artemis1000\" href=\"https:\/\/www.shutterstock.com\/de\/g\/Artemis1000\" data-automation=\"ContributorDetails\"><span class=\"MuiBox-root mui-16qd35q-centeredContent-avatarContainer\"><span class=\"MuiTypography-root MuiTypography-body1 mui-1f7bowf-contributorLabel-linkAvatarLabel\">Artemis1000<\/span><\/span><\/a><\/div><div>\u2013 Wypo\u017cyczalnia rower\u00f3w cargo -&gt; autor: Miasto Angerm\u00fcnde<\/div><div>FOTOGRAFIE<\/div><div>\u2013 Zdj\u0119cia od 1 do 4 -&gt; autor: Peter Wernicke<\/div><div>\u2013 Zdj\u0119cia od 5 do 8 -&gt; autor: Tilo Geisel<\/div><div>\u2013 Zdj\u0119cia od 9 do 12 -&gt; autor: Helen M\u00fcnnich<\/div><div>\u2013 Zdj\u0119cia od 13 do 16 -&gt; autor: Helen M\u00fcnnich<\/div><div>INFORMACJE DO UZYSKANIA WCZE\u015aNIEJ &gt;<\/div><div>JAK ZACHOWYWA\u0106 SI\u0118 W MIEJSCU \u015aWIATOWEGO DZIEDZICTWA PRZYRODY (NAG\u0141\u00d3WEK) -&gt; Urheber: Helen M\u00fcnnich<\/div><div>\u2013 Nie schod\u017a ze \u015bcie\u017cek -&gt; autor: Stra\u017c rezerwatu biosfery Schorfheide-Chorin<\/div><div>\u2013 Informacje o dost\u0119pno\u015bci -&gt; autor: Helen M\u00fcnnich<\/div><div>K\u0104PIELE W GRUMSIN (NAG\u0141\u00d3WEK) -&gt; autor: Peter Wernicke<\/div><div>\u2013 K\u0105pielisko nad Wolletzsee -&gt; autor: Miasto Angerm\u00fcnde <\/div><div>ZBIERANIE GRZYB\u00d3W (NAG\u0141\u00d3WEK) -&gt; autor: Helen M\u00fcnnich<\/div><div>\u2013 Grzyby w Grumsin -&gt; autor: Helen M\u00fcnnich<\/div><div>Mapa okolic lasu bukowego Grumsin dla grzybiarzy -&gt; autor: LfU Geobasis-DE\/LGB, edytowana<\/div><div>OBIEKT \u015aWIATOWEGO DZIEDZICTWA PRZYRODNICZEGO UNESCO (NAG\u0141\u00d3WEK) -&gt; autor: Helen M\u00fcnnich <\/div><div>\u2013 Mapa strefy wewn\u0119trznej -&gt; Urheber: Frau Czisch Formatwerbung<\/div><div>CZYM JEST OBIEKT \u015aWIATOWEGO DZIEDZITWA PRZYRODNICZEGO (NAG\u0141\u00d3WEK) -&gt; autor: Helen M\u00fcnnich<\/div><div>\u2013 Logo UNESCO: Wikimedia Commons<\/div><div>\u2013 Abu Simbel -&gt; autor: Canva<\/div><div>\u2013 Obiekt \u015bwiatowego dziedzictwa kulturowego Macchu Picchu -&gt; autor: Canva, obiekt \u015bwiatowego dziedzictwa przyrodniczego Grumsin -&gt; autor: Helen M\u00fcnnich<\/div><div>R\u00d3\u017bNICA POMI\u0118DZY LASEM A PUSZCZ\u0104 (NAG\u0141\u00d3WEK) -&gt; autor: Peter Wernicke<\/div><div>\u2013 Grafika: po lewej stronie las komercyjny -&gt; autor: Tilo Geisel\/po prawej stronie las zbli\u017cony do naturalnego -&gt; autor: Helen M\u00fcnnich<\/div><div>OBIEKT \u015aWIATOWEGO DZIEDZICTWA LAS BUKOWY W NIEMCZECH (NAG\u0141\u00d3WEK) -&gt; autor : Helen M\u00fcnnich<\/div><div>&#8211; Mapa graficzna -&gt; Autor: Shutterstock \/ <a class=\"mui-w0b8ym-a-inherit-linkContainer\" title=\"WrukolakasPhotography\" href=\"https:\/\/www.shutterstock.com\/de\/g\/WrukolakasPhoto\" data-automation=\"ContributorDetails\"><span class=\"MuiBox-root mui-16qd35q-centeredContent-avatarContainer\"><span class=\"MuiTypography-root MuiTypography-body1 mui-1f7bowf-contributorLabel-linkAvatarLabel\">WrukolakasPhotography<\/span><\/span><\/a><\/div><div>OBIEKT \u015aWIATOWEGO DZIEDZICTWA PRZYRODNICZEGO LAS BUKOWY W EUROPIE (NAG\u0141\u00d3WEK) -&gt; Urheber: Peter Wernicke<\/div><div>&#8211; Mapa graficzna -&gt; Autor: Shutterstock \/ <a class=\"mui-w0b8ym-a-inherit-linkContainer\" title=\"WrukolakasPhotography\" href=\"https:\/\/www.shutterstock.com\/de\/g\/WrukolakasPhoto\" data-automation=\"ContributorDetails\"><span class=\"MuiBox-root mui-16qd35q-centeredContent-avatarContainer\"><span class=\"MuiTypography-root MuiTypography-body1 mui-1f7bowf-contributorLabel-linkAvatarLabel\">WrukolakasPhotography<\/span><\/span><\/a><\/div><div>\u2013 \u015awiatowe dziedzictwo las bukowy w Europie -&gt; autor: Helen M\u00fcnnich<\/div><div>PUBLIKACJE (NAG\u0141\u00d3WEK) -&gt; autor: Peter Wernicke<\/div><div>OSOBY (NAG\u0141\u00d3WEK) -&gt; autor: Helen M\u00fcnnich<\/div><div> <\/div><div>AKTYWNE WSPARCIE &gt;<\/div><div>POMOC W CENTRUM INFORMACYJNYM (NAG\u0141\u00d3WEK) -&gt; autor: Helen M\u00fcnnich<\/div><div>\u2013 Zosta\u0144 cz\u0142onkiem -&gt; autor: Helen M\u00fcnnich<\/div><div>\u2013 Kontakt-&gt; autor: Canva, edytowane<\/div><div>\u2013 Darowizny -&gt; autor: Canva<\/div><div>O ile na stronie internetowej nie stwierdzono inaczej, prawa autorskie do obraz\u00f3w na tej stronie internetowej nale\u017c\u0105 do miasta Angerm\u00fcnde.<\/div>\t\t\t\t\t\t\t\t<\/div>\n\t\t\t\t<\/div>\n\t\t\t\t\t<\/div>\n\t\t\t\t<\/div>\n\t\t\t\t<\/div>\n\t\t","protected":false},"excerpt":{"rendered":"<p>Nadruk 1. obowi\u0105zkowe informacje zgodnie z TeleMedienGesetz (DDG) Podmiotem odpowiedzialnym w rozumieniu ustawy o telemediach jest burmistrz miasta Angerm\u00fcnde. Adres i kontakt:Miasto Angerm\u00fcndeDie B\u00fcrgermeisterin (burmistrzyni)Markt 24, 16278 Angerm\u00fcndeTelefon: +49 (0) 3331 26000Faks: +49 (0) 3331 260045E-mail: stadt@angermuende.deNumer NIP UE: DE139043961Identyfikator fakturowy: 12-12992262176135-38 Urz\u0119dowy inspektor ochrony danych:Miasto Angerm\u00fcnde, inspektor ochrony danychSimone RolkeTelefon: +49 (0) 3331 260022Faks: [&hellip;]<\/p>\n","protected":false},"author":1,"featured_media":0,"parent":0,"menu_order":0,"comment_status":"closed","ping_status":"closed","template":"","meta":{"_acf_changed":false,"inline_featured_image":false,"footnotes":""},"class_list":["post-7109","page","type-page","status-publish","hentry"],"acf":[],"yoast_head":"<!-- This site is optimized with the Yoast SEO plugin v27.5 - https:\/\/yoast.com\/product\/yoast-seo-wordpress\/ -->\n<title>Nadruk - Infopunkt Weltnaturerbe Brandenburgs UNESCO<\/title>\n<meta name=\"description\" content=\"Imprint strony welterbe-grumsin.de, adres i kontakt, projekt i realizacja, kredyty na zdj\u0119cia\" \/>\n<meta name=\"robots\" content=\"index, follow, max-snippet:-1, max-image-preview:large, max-video-preview:-1\" \/>\n<link rel=\"canonical\" href=\"https:\/\/welterbe-grumsin.de\/pl\/nadruk\/\" \/>\n<meta property=\"og:locale\" content=\"pl_PL\" \/>\n<meta property=\"og:type\" content=\"article\" \/>\n<meta property=\"og:title\" content=\"Nadruk - Infopunkt Weltnaturerbe Brandenburgs UNESCO\" \/>\n<meta property=\"og:description\" content=\"Imprint strony welterbe-grumsin.de, adres i kontakt, projekt i realizacja, kredyty na zdj\u0119cia\" \/>\n<meta property=\"og:url\" content=\"https:\/\/welterbe-grumsin.de\/pl\/nadruk\/\" \/>\n<meta property=\"og:site_name\" content=\"Infopunkt Weltnaturerbe Brandenburgs UNESCO\" \/>\n<meta property=\"article:modified_time\" content=\"2025-07-04T10:42:01+00:00\" \/>\n<meta name=\"twitter:card\" content=\"summary_large_image\" \/>\n<meta name=\"twitter:label1\" content=\"Szacowany czas czytania\" \/>\n\t<meta name=\"twitter:data1\" content=\"5 minut\" \/>\n<script type=\"application\/ld+json\" class=\"yoast-schema-graph\">{\"@context\":\"https:\\\/\\\/schema.org\",\"@graph\":[{\"@type\":\"WebPage\",\"@id\":\"https:\\\/\\\/welterbe-grumsin.de\\\/pl\\\/nadruk\\\/\",\"url\":\"https:\\\/\\\/welterbe-grumsin.de\\\/pl\\\/nadruk\\\/\",\"name\":\"Nadruk - Infopunkt Weltnaturerbe Brandenburgs UNESCO\",\"isPartOf\":{\"@id\":\"https:\\\/\\\/welterbe-grumsin.de\\\/pl\\\/#website\"},\"datePublished\":\"2024-06-19T08:13:53+00:00\",\"dateModified\":\"2025-07-04T10:42:01+00:00\",\"description\":\"Imprint strony welterbe-grumsin.de, adres i kontakt, projekt i realizacja, kredyty na zdj\u0119cia\",\"breadcrumb\":{\"@id\":\"https:\\\/\\\/welterbe-grumsin.de\\\/pl\\\/nadruk\\\/#breadcrumb\"},\"inLanguage\":\"pl-PL\",\"potentialAction\":[{\"@type\":\"ReadAction\",\"target\":[\"https:\\\/\\\/welterbe-grumsin.de\\\/pl\\\/nadruk\\\/\"]}]},{\"@type\":\"BreadcrumbList\",\"@id\":\"https:\\\/\\\/welterbe-grumsin.de\\\/pl\\\/nadruk\\\/#breadcrumb\",\"itemListElement\":[{\"@type\":\"ListItem\",\"position\":1,\"name\":\"Startseite\",\"item\":\"https:\\\/\\\/welterbe-grumsin.de\\\/pl\\\/strona-glowna\\\/\"},{\"@type\":\"ListItem\",\"position\":2,\"name\":\"Nadruk\"}]},{\"@type\":\"WebSite\",\"@id\":\"https:\\\/\\\/welterbe-grumsin.de\\\/pl\\\/#website\",\"url\":\"https:\\\/\\\/welterbe-grumsin.de\\\/pl\\\/\",\"name\":\"welterbe-grumsin\",\"description\":\"Buchenwald Grumsin - Brandenburgs einziges UNESCO-Weltnaturerbe\",\"publisher\":{\"@id\":\"https:\\\/\\\/welterbe-grumsin.de\\\/pl\\\/#organization\"},\"potentialAction\":[{\"@type\":\"SearchAction\",\"target\":{\"@type\":\"EntryPoint\",\"urlTemplate\":\"https:\\\/\\\/welterbe-grumsin.de\\\/pl\\\/?s={search_term_string}\"},\"query-input\":{\"@type\":\"PropertyValueSpecification\",\"valueRequired\":true,\"valueName\":\"search_term_string\"}}],\"inLanguage\":\"pl-PL\"},{\"@type\":\"Organization\",\"@id\":\"https:\\\/\\\/welterbe-grumsin.de\\\/pl\\\/#organization\",\"name\":\"Infopunkt Weltnaturerbe Brandenburgs UNESCO\",\"url\":\"https:\\\/\\\/welterbe-grumsin.de\\\/pl\\\/\",\"logo\":{\"@type\":\"ImageObject\",\"inLanguage\":\"pl-PL\",\"@id\":\"https:\\\/\\\/welterbe-grumsin.de\\\/pl\\\/#\\\/schema\\\/logo\\\/image\\\/\",\"url\":\"https:\\\/\\\/welterbe-grumsin.de\\\/wp-content\\\/uploads\\\/2024\\\/06\\\/weltnaturerbe_logo.svg\",\"contentUrl\":\"https:\\\/\\\/welterbe-grumsin.de\\\/wp-content\\\/uploads\\\/2024\\\/06\\\/weltnaturerbe_logo.svg\",\"width\":204,\"height\":273,\"caption\":\"Infopunkt Weltnaturerbe Brandenburgs UNESCO\"},\"image\":{\"@id\":\"https:\\\/\\\/welterbe-grumsin.de\\\/pl\\\/#\\\/schema\\\/logo\\\/image\\\/\"}}]}<\/script>\n<!-- \/ Yoast SEO plugin. -->","yoast_head_json":{"title":"Nadruk - Infopunkt Weltnaturerbe Brandenburgs UNESCO","description":"Imprint strony welterbe-grumsin.de, adres i kontakt, projekt i realizacja, kredyty na zdj\u0119cia","robots":{"index":"index","follow":"follow","max-snippet":"max-snippet:-1","max-image-preview":"max-image-preview:large","max-video-preview":"max-video-preview:-1"},"canonical":"https:\/\/welterbe-grumsin.de\/pl\/nadruk\/","og_locale":"pl_PL","og_type":"article","og_title":"Nadruk - Infopunkt Weltnaturerbe Brandenburgs UNESCO","og_description":"Imprint strony welterbe-grumsin.de, adres i kontakt, projekt i realizacja, kredyty na zdj\u0119cia","og_url":"https:\/\/welterbe-grumsin.de\/pl\/nadruk\/","og_site_name":"Infopunkt Weltnaturerbe Brandenburgs UNESCO","article_modified_time":"2025-07-04T10:42:01+00:00","twitter_card":"summary_large_image","twitter_misc":{"Szacowany czas czytania":"5 minut"},"schema":{"@context":"https:\/\/schema.org","@graph":[{"@type":"WebPage","@id":"https:\/\/welterbe-grumsin.de\/pl\/nadruk\/","url":"https:\/\/welterbe-grumsin.de\/pl\/nadruk\/","name":"Nadruk - Infopunkt Weltnaturerbe Brandenburgs UNESCO","isPartOf":{"@id":"https:\/\/welterbe-grumsin.de\/pl\/#website"},"datePublished":"2024-06-19T08:13:53+00:00","dateModified":"2025-07-04T10:42:01+00:00","description":"Imprint strony welterbe-grumsin.de, adres i kontakt, projekt i realizacja, kredyty na zdj\u0119cia","breadcrumb":{"@id":"https:\/\/welterbe-grumsin.de\/pl\/nadruk\/#breadcrumb"},"inLanguage":"pl-PL","potentialAction":[{"@type":"ReadAction","target":["https:\/\/welterbe-grumsin.de\/pl\/nadruk\/"]}]},{"@type":"BreadcrumbList","@id":"https:\/\/welterbe-grumsin.de\/pl\/nadruk\/#breadcrumb","itemListElement":[{"@type":"ListItem","position":1,"name":"Startseite","item":"https:\/\/welterbe-grumsin.de\/pl\/strona-glowna\/"},{"@type":"ListItem","position":2,"name":"Nadruk"}]},{"@type":"WebSite","@id":"https:\/\/welterbe-grumsin.de\/pl\/#website","url":"https:\/\/welterbe-grumsin.de\/pl\/","name":"welterbe-grumsin","description":"Buchenwald Grumsin - Brandenburgs einziges UNESCO-Weltnaturerbe","publisher":{"@id":"https:\/\/welterbe-grumsin.de\/pl\/#organization"},"potentialAction":[{"@type":"SearchAction","target":{"@type":"EntryPoint","urlTemplate":"https:\/\/welterbe-grumsin.de\/pl\/?s={search_term_string}"},"query-input":{"@type":"PropertyValueSpecification","valueRequired":true,"valueName":"search_term_string"}}],"inLanguage":"pl-PL"},{"@type":"Organization","@id":"https:\/\/welterbe-grumsin.de\/pl\/#organization","name":"Infopunkt Weltnaturerbe Brandenburgs UNESCO","url":"https:\/\/welterbe-grumsin.de\/pl\/","logo":{"@type":"ImageObject","inLanguage":"pl-PL","@id":"https:\/\/welterbe-grumsin.de\/pl\/#\/schema\/logo\/image\/","url":"https:\/\/welterbe-grumsin.de\/wp-content\/uploads\/2024\/06\/weltnaturerbe_logo.svg","contentUrl":"https:\/\/welterbe-grumsin.de\/wp-content\/uploads\/2024\/06\/weltnaturerbe_logo.svg","width":204,"height":273,"caption":"Infopunkt Weltnaturerbe Brandenburgs UNESCO"},"image":{"@id":"https:\/\/welterbe-grumsin.de\/pl\/#\/schema\/logo\/image\/"}}]}},"_links":{"self":[{"href":"https:\/\/welterbe-grumsin.de\/pl\/wp-json\/wp\/v2\/pages\/7109","targetHints":{"allow":["GET"]}}],"collection":[{"href":"https:\/\/welterbe-grumsin.de\/pl\/wp-json\/wp\/v2\/pages"}],"about":[{"href":"https:\/\/welterbe-grumsin.de\/pl\/wp-json\/wp\/v2\/types\/page"}],"author":[{"embeddable":true,"href":"https:\/\/welterbe-grumsin.de\/pl\/wp-json\/wp\/v2\/users\/1"}],"replies":[{"embeddable":true,"href":"https:\/\/welterbe-grumsin.de\/pl\/wp-json\/wp\/v2\/comments?post=7109"}],"version-history":[{"count":11,"href":"https:\/\/welterbe-grumsin.de\/pl\/wp-json\/wp\/v2\/pages\/7109\/revisions"}],"predecessor-version":[{"id":7939,"href":"https:\/\/welterbe-grumsin.de\/pl\/wp-json\/wp\/v2\/pages\/7109\/revisions\/7939"}],"wp:attachment":[{"href":"https:\/\/welterbe-grumsin.de\/pl\/wp-json\/wp\/v2\/media?parent=7109"}],"curies":[{"name":"wp","href":"https:\/\/api.w.org\/{rel}","templated":true}]}}