{"id":7115,"date":"2024-06-19T05:54:59","date_gmt":"2024-06-19T03:54:59","guid":{"rendered":"https:\/\/welterbe-grumsin.de\/punkt-informacyjny-wsparcia\/"},"modified":"2025-03-04T09:03:10","modified_gmt":"2025-03-04T08:03:10","slug":"punkt-informacyjny-wsparcia","status":"publish","type":"page","link":"https:\/\/welterbe-grumsin.de\/pl\/punkt-informacyjny-wsparcia\/","title":{"rendered":"Punkt informacyjny wsparcia"},"content":{"rendered":"\t\t<div data-elementor-type=\"wp-page\" data-elementor-id=\"7115\" class=\"elementor elementor-7115 elementor-232\" data-elementor-post-type=\"page\">\n\t\t\t\t<div class=\"elementor-element elementor-element-db1325f e-flex e-con-boxed e-con e-parent\" data-id=\"db1325f\" data-element_type=\"container\" data-e-type=\"container\">\n\t\t\t\t\t<div class=\"e-con-inner\">\n\t\t\t\t<div class=\"elementor-element elementor-element-5b5d8c1 elementor-widget elementor-widget-heading\" data-id=\"5b5d8c1\" data-element_type=\"widget\" data-e-type=\"widget\" data-widget_type=\"heading.default\">\n\t\t\t\t<div class=\"elementor-widget-container\">\n\t\t\t\t\t<h1 class=\"elementor-heading-title elementor-size-default\">Wsparcie dla punktu informacyjnego Altk\u00fcnkendorf<\/h1>\t\t\t\t<\/div>\n\t\t\t\t<\/div>\n\t\t\t\t\t<\/div>\n\t\t\t\t<\/div>\n\t\t<div class=\"elementor-element elementor-element-921ce62 e-flex e-con-boxed e-con e-parent\" data-id=\"921ce62\" data-element_type=\"container\" data-e-type=\"container\">\n\t\t\t\t\t<div class=\"e-con-inner\">\n\t\t<div class=\"elementor-element elementor-element-5fdbaf0 e-con-full e-flex e-con e-child\" data-id=\"5fdbaf0\" data-element_type=\"container\" data-e-type=\"container\">\n\t\t\t\t<div class=\"elementor-element elementor-element-f0cd7d0 elementor-widget elementor-widget-text-editor\" data-id=\"f0cd7d0\" data-element_type=\"widget\" data-e-type=\"widget\" data-widget_type=\"text-editor.default\">\n\t\t\t\t<div class=\"elementor-widget-container\">\n\t\t\t\t\t\t\t\t\t<div class=\"elementor-element elementor-element-70b1ecd e-flex e-con-boxed e-con e-parent e-lazyloaded\" data-id=\"70b1ecd\" data-element_type=\"container\">\n<div class=\"e-con-inner\">\n<div class=\"elementor-element elementor-element-4f85c71 elementor-widget elementor-widget-heading\" data-id=\"4f85c71\" data-element_type=\"widget\" data-widget_type=\"heading.default\">\n<div class=\"elementor-widget-container\">\n<h2 class=\"elementor-heading-title elementor-size-default\">Zosta\u0144 cz\u0142onkiem<\/h2>\n<\/div>\n<\/div>\n<\/div>\n<\/div>\n<div class=\"elementor-element elementor-element-e3c8fd0 e-flex e-con-boxed e-con e-parent e-lazyloaded\" data-id=\"e3c8fd0\" data-element_type=\"container\">\n<div class=\"e-con-inner\">\n<div class=\"elementor-element elementor-element-46f7eab e-con-full e-flex e-con e-child\" data-id=\"46f7eab\" data-element_type=\"container\">\n<div class=\"elementor-element elementor-element-a3502ef elementor-widget elementor-widget-text-editor\" data-id=\"a3502ef\" data-element_type=\"widget\" data-widget_type=\"text-editor.default\">\n<div class=\"elementor-widget-container\">\n<p>Organizacja Kultur- und Heimatverein Altk\u00fcnkendorf e.V., jako partner strategiczny, razem z miastem Angerm\u00fcnd dba o prowadzenie punktu informacyjnego w Altk\u00fcnkendorf oraz o wszystkie potrzeby zwi\u0105zane z lasem bukowym Grumsin, dotycz\u0105ce miejscowo\u015bci Altk\u00fcnkendorf. Dzi\u0119ki wieloletniemu spo\u0142ecznemu wsparciu w og\u00f3le mo\u017cliwe jest otwieranie punktu informacyjnego i jego wystawy i umo\u017cliwienie turystom zwiedzania wie\u017cy ko\u015bcielnej w Altk\u00fcnkendorf. <\/p>\n<\/div>\n<p>Opr\u00f3cz dbania o punkt informacyjny, stowarzyszenie realizuje nast\u0119puj\u0105ce cele:<\/p>\n<ul>\n<li>\n<p>promowanie spo\u0142eczno\u015bci wiejskiej i badanie historii wsi; <\/p>\n<\/li>\n<li>\n<p>Dzia\u0142ania i \u015brodki maj\u0105ce na celu ochron\u0119 \u015brodowiska, ochron\u0119 przyrody, edukacj\u0119 ekologiczn\u0105 i dziedzictwo kulturowe w powiecie Altk\u00fcnkendorf; <\/p>\n<\/li>\n<li>\n<p>zaj\u0119cia kulturalne i sportowe dla senior\u00f3w, dzieci i m\u0142odzie\u017cy z s\u0105siedztwa; <\/p>\n<\/li>\n<li>\n<p>organizowanie festiwali i uroczysto\u015bci w ramach lokalnych zwyczaj\u00f3w; <\/p>\n<\/li>\n<li>\n<p>wsparcie grupy ga\u015bniczej Altk\u00fcnkendorf ochotniczej stra\u017cy po\u017carnej; <\/p>\n<\/li>\n<li>\n<p>Podtrzymywanie tradycji dzielnicy. <\/p>\n<\/li>\n<\/ul>\n<div class=\"elementor-widget-container\">\n<p>Je\u015bli chcesz si\u0119 aktywnie zaanga\u017cowa\u0107, mo\u017cesz wesprze\u0107 nasz punkt informacyjny\/nasze lokalne stowarzyszenie na zasadzie wolontariatu. <\/p>\n<p>Cieszymy si\u0119 z ka\u017cdego nowego cz\u0142onka klubu!<\/p>\n<p>Je\u017celi interesuje ci\u0119 cz\u0142onkostwo, zg\u0142o\u015b si\u0119 przesy\u0142aj\u0105c <a href=\"mailto:info@kuhv-akd.de\" target=\"_blank\" rel=\"noopener\">e-mail<\/a>.<\/p>\n<\/div>\n<\/div>\n<\/div>\n<\/div>\n<\/div>\n\t\t\t\t\t\t\t\t<\/div>\n\t\t\t\t<\/div>\n\t\t\t\t<\/div>\n\t\t<div class=\"elementor-element elementor-element-330705f e-con-full e-flex e-con e-child\" data-id=\"330705f\" data-element_type=\"container\" data-e-type=\"container\">\n\t\t\t\t<div class=\"elementor-element elementor-element-07aa88e elementor-widget elementor-widget-image\" data-id=\"07aa88e\" data-element_type=\"widget\" data-e-type=\"widget\" data-widget_type=\"image.default\">\n\t\t\t\t<div class=\"elementor-widget-container\">\n\t\t\t\t\t\t\t\t\t\t\t\t<figure class=\"wp-caption\">\n\t\t\t\t\t\t\t\t\t\t\t<a href=\"https:\/\/welterbe-grumsin.de\/infopunkt\/\">\n\t\t\t\t\t\t\t<img fetchpriority=\"high\" decoding=\"async\" width=\"800\" height=\"534\" src=\"https:\/\/welterbe-grumsin.de\/wp-content\/uploads\/2024\/09\/infopunkt-altkuenkendorf-weltnatuerbe-grumsin.jpg\" class=\"attachment-large size-large wp-image-6118\" alt=\"\" srcset=\"https:\/\/welterbe-grumsin.de\/wp-content\/uploads\/2024\/09\/infopunkt-altkuenkendorf-weltnatuerbe-grumsin.jpg 1024w, https:\/\/welterbe-grumsin.de\/wp-content\/uploads\/2024\/09\/infopunkt-altkuenkendorf-weltnatuerbe-grumsin-300x200.jpg 300w, https:\/\/welterbe-grumsin.de\/wp-content\/uploads\/2024\/09\/infopunkt-altkuenkendorf-weltnatuerbe-grumsin-768x512.jpg 768w\" sizes=\"(max-width: 800px) 100vw, 800px\" \/>\t\t\t\t\t\t\t\t<\/a>\n\t\t\t\t\t\t\t\t\t\t\t<figcaption class=\"widget-image-caption wp-caption-text\">Punkt informacyjny w Altk\u00fcnkendorf<\/figcaption>\n\t\t\t\t\t\t\t\t\t\t<\/figure>\n\t\t\t\t\t\t\t\t\t<\/div>\n\t\t\t\t<\/div>\n\t\t\t\t<\/div>\n\t\t\t\t\t<\/div>\n\t\t\t\t<\/div>\n\t\t<div class=\"elementor-element elementor-element-1857bfa e-flex e-con-boxed e-con e-parent\" data-id=\"1857bfa\" data-element_type=\"container\" data-e-type=\"container\">\n\t\t\t\t\t<div class=\"e-con-inner\">\n\t\t<div class=\"elementor-element elementor-element-f907ae4 e-con-full e-flex e-con e-child\" data-id=\"f907ae4\" data-element_type=\"container\" data-e-type=\"container\">\n\t\t\t\t<div class=\"elementor-element elementor-element-8d5564d elementor-widget elementor-widget-text-editor\" data-id=\"8d5564d\" data-element_type=\"widget\" data-e-type=\"widget\" data-widget_type=\"text-editor.default\">\n\t\t\t\t<div class=\"elementor-widget-container\">\n\t\t\t\t\t\t\t\t\t<div class=\"elementor-element elementor-element-70b1ecd e-flex e-con-boxed e-con e-parent e-lazyloaded\" data-id=\"70b1ecd\" data-element_type=\"container\">\n<div class=\"e-con-inner\">\n<div class=\"elementor-element elementor-element-4f85c71 elementor-widget elementor-widget-heading\" data-id=\"4f85c71\" data-element_type=\"widget\" data-widget_type=\"heading.default\">\n<div class=\"elementor-widget-container\">\n<h3 class=\"elementor-heading-title elementor-size-default\">Kontakt<\/h3>\n<\/div>\n<\/div>\n<\/div>\n<\/div>\n<div class=\"elementor-element elementor-element-e3c8fd0 e-flex e-con-boxed e-con e-parent e-lazyloaded\" data-id=\"e3c8fd0\" data-element_type=\"container\">\n<div class=\"e-con-inner\">\n<div class=\"elementor-element elementor-element-46f7eab e-con-full e-flex e-con e-child\" data-id=\"46f7eab\" data-element_type=\"container\">\n<div class=\"elementor-element elementor-element-a3502ef elementor-widget elementor-widget-text-editor\" data-id=\"a3502ef\" data-element_type=\"widget\" data-widget_type=\"text-editor.default\">\n<div class=\"elementor-widget-container\">\n<p>Punkt informacyjny w Altk\u00fcnkendorf <br \/>UNESCO-Weltnaturerbe Buchenwald Grumsin<br \/>Altk\u00fcnkendorfer Str. 20, 16278 Angerm\u00fcnde<br \/><strong>Telefon do punktu informacyjnego:<\/strong> +49 33337 518589<br \/><strong>Kierownictwo punktu informacyjnego:<\/strong> +49 1517 0594619<\/p>\n<\/div>\n<\/div>\n<\/div>\n<\/div>\n<\/div>\n\t\t\t\t\t\t\t\t<\/div>\n\t\t\t\t<\/div>\n\t\t\t\t<\/div>\n\t\t<div class=\"elementor-element elementor-element-e9b6913 e-con-full e-flex e-con e-child\" data-id=\"e9b6913\" data-element_type=\"container\" data-e-type=\"container\">\n\t\t\t\t<div class=\"elementor-element elementor-element-01ca7de elementor-widget elementor-widget-image\" data-id=\"01ca7de\" data-element_type=\"widget\" data-e-type=\"widget\" data-widget_type=\"image.default\">\n\t\t\t\t<div class=\"elementor-widget-container\">\n\t\t\t\t\t\t\t\t\t\t\t\t\t\t\t<img decoding=\"async\" width=\"800\" height=\"640\" src=\"https:\/\/welterbe-grumsin.de\/wp-content\/uploads\/2024\/11\/Infopunkt-unterstuetzen-Buchenwald-Grumsin-1024x819.png\" class=\"attachment-large size-large wp-image-6364\" alt=\"\" srcset=\"https:\/\/welterbe-grumsin.de\/wp-content\/uploads\/2024\/11\/Infopunkt-unterstuetzen-Buchenwald-Grumsin-1024x819.png 1024w, https:\/\/welterbe-grumsin.de\/wp-content\/uploads\/2024\/11\/Infopunkt-unterstuetzen-Buchenwald-Grumsin-300x240.png 300w, https:\/\/welterbe-grumsin.de\/wp-content\/uploads\/2024\/11\/Infopunkt-unterstuetzen-Buchenwald-Grumsin-768x614.png 768w, https:\/\/welterbe-grumsin.de\/wp-content\/uploads\/2024\/11\/Infopunkt-unterstuetzen-Buchenwald-Grumsin-1536x1229.png 1536w, https:\/\/welterbe-grumsin.de\/wp-content\/uploads\/2024\/11\/Infopunkt-unterstuetzen-Buchenwald-Grumsin.png 2000w\" sizes=\"(max-width: 800px) 100vw, 800px\" \/>\t\t\t\t\t\t\t\t\t\t\t\t\t\t\t<\/div>\n\t\t\t\t<\/div>\n\t\t\t\t<\/div>\n\t\t\t\t\t<\/div>\n\t\t\t\t<\/div>\n\t\t<div class=\"elementor-element elementor-element-061186e e-flex e-con-boxed e-con e-parent\" data-id=\"061186e\" data-element_type=\"container\" data-e-type=\"container\">\n\t\t\t\t\t<div class=\"e-con-inner\">\n\t\t<div class=\"elementor-element elementor-element-3b0a6a8 e-con-full e-flex e-con e-child\" data-id=\"3b0a6a8\" data-element_type=\"container\" data-e-type=\"container\">\n\t\t\t\t<div class=\"elementor-element elementor-element-8cfced6 elementor-widget elementor-widget-text-editor\" data-id=\"8cfced6\" data-element_type=\"widget\" data-e-type=\"widget\" data-widget_type=\"text-editor.default\">\n\t\t\t\t<div class=\"elementor-widget-container\">\n\t\t\t\t\t\t\t\t\t<div class=\"elementor-element elementor-element-70b1ecd e-flex e-con-boxed e-con e-parent e-lazyloaded\" data-id=\"70b1ecd\" data-element_type=\"container\">\n<div class=\"e-con-inner\">\n<div class=\"elementor-element elementor-element-4f85c71 elementor-widget elementor-widget-heading\" data-id=\"4f85c71\" data-element_type=\"widget\" data-widget_type=\"heading.default\">\n<div class=\"elementor-widget-container\">\n<h2 class=\"elementor-heading-title elementor-size-default\">Wesprzyj punkt informacyjny i przeka\u017c darowizn\u0119<\/h2>\n<\/div>\n<\/div>\n<\/div>\n<\/div>\n<div class=\"elementor-element elementor-element-e3c8fd0 e-flex e-con-boxed e-con e-parent e-lazyloaded\" data-id=\"e3c8fd0\" data-element_type=\"container\">\n<div class=\"e-con-inner\">\n<div class=\"elementor-element elementor-element-46f7eab e-con-full e-flex e-con e-child\" data-id=\"46f7eab\" data-element_type=\"container\">\n<div class=\"elementor-element elementor-element-a3502ef elementor-widget elementor-widget-text-editor\" data-id=\"a3502ef\" data-element_type=\"widget\" data-widget_type=\"text-editor.default\">\n<div class=\"elementor-widget-container\">\n<p>Je\u017celi chcesz finansowo wesprze\u0107 punkt informacyjny Altk\u00fcnkendorf i prac\u0119 na rzecz obiektu \u015bwiatowego dziedzictwa przyrodniczego las bukowy Grumsin, przeka\u017c darowizn\u0119 na konto Kultur- und Heimatverein:<\/p>\n<p><strong>IBAN:<\/strong>DE52 1705 6060 3624 0182 80<\/p>\n<p> <strong> BIC: <\/strong>WELADED1UMP <br \/><strong>Cel:<\/strong> Spende f\u00fcr Infopunkt Altk\u00fcnkendorf (darowizna na rzecz punktu informacyjnego Altk\u00fcnkendorf)<\/p>\n<p>Je\u017celi potrzebujesz potwierdzenia darowizny, wy\u015blij zapytanie mailem na adres: <a href=\"mailto:info@kuhv-akd.de\" target=\"_blank\" rel=\"noopener\">info@kuhv-akd.de<\/a><\/p>\n<\/div>\n<\/div>\n<\/div>\n<\/div>\n<\/div>\n\t\t\t\t\t\t\t\t<\/div>\n\t\t\t\t<\/div>\n\t\t\t\t<\/div>\n\t\t<div class=\"elementor-element elementor-element-9787544 e-con-full e-flex e-con e-child\" data-id=\"9787544\" data-element_type=\"container\" data-e-type=\"container\">\n\t\t\t\t<div class=\"elementor-element elementor-element-9d58270 elementor-widget elementor-widget-image\" data-id=\"9d58270\" data-element_type=\"widget\" data-e-type=\"widget\" data-widget_type=\"image.default\">\n\t\t\t\t<div class=\"elementor-widget-container\">\n\t\t\t\t\t\t\t\t\t\t\t\t\t\t\t<img decoding=\"async\" width=\"800\" height=\"534\" src=\"https:\/\/welterbe-grumsin.de\/wp-content\/uploads\/2024\/11\/Spenden-fuer-Buchenwald-Grumsin.jpg\" class=\"attachment-large size-large wp-image-6288\" alt=\"\" srcset=\"https:\/\/welterbe-grumsin.de\/wp-content\/uploads\/2024\/11\/Spenden-fuer-Buchenwald-Grumsin.jpg 1024w, https:\/\/welterbe-grumsin.de\/wp-content\/uploads\/2024\/11\/Spenden-fuer-Buchenwald-Grumsin-300x200.jpg 300w, https:\/\/welterbe-grumsin.de\/wp-content\/uploads\/2024\/11\/Spenden-fuer-Buchenwald-Grumsin-768x512.jpg 768w\" sizes=\"(max-width: 800px) 100vw, 800px\" \/>\t\t\t\t\t\t\t\t\t\t\t\t\t\t\t<\/div>\n\t\t\t\t<\/div>\n\t\t\t\t<\/div>\n\t\t\t\t\t<\/div>\n\t\t\t\t<\/div>\n\t\t\t\t<\/div>\n\t\t","protected":false},"excerpt":{"rendered":"<p>Wsparcie dla punktu informacyjnego Altk\u00fcnkendorf Zosta\u0144 cz\u0142onkiem Organizacja Kultur- und Heimatverein Altk\u00fcnkendorf e.V., jako partner strategiczny, razem z miastem Angerm\u00fcnd dba o prowadzenie punktu informacyjnego w Altk\u00fcnkendorf oraz o wszystkie potrzeby zwi\u0105zane z lasem bukowym Grumsin, dotycz\u0105ce miejscowo\u015bci Altk\u00fcnkendorf. Dzi\u0119ki wieloletniemu spo\u0142ecznemu wsparciu w og\u00f3le mo\u017cliwe jest otwieranie punktu informacyjnego i jego wystawy i umo\u017cliwienie [&hellip;]<\/p>\n","protected":false},"author":1,"featured_media":6088,"parent":0,"menu_order":0,"comment_status":"closed","ping_status":"closed","template":"","meta":{"_acf_changed":false,"inline_featured_image":false,"footnotes":""},"class_list":["post-7115","page","type-page","status-publish","has-post-thumbnail","hentry"],"acf":[],"yoast_head":"<!-- This site is optimized with the Yoast SEO plugin v27.4 - https:\/\/yoast.com\/product\/yoast-seo-wordpress\/ -->\n<title>Punkt informacyjny wsparcia - Infopunkt Weltnaturerbe Brandenburgs UNESCO<\/title>\n<meta name=\"description\" content=\"Wesprzyj punkt informacyjny w Altk\u00fcnkendorf: Zosta\u0144 cz\u0142onkiem lub przeka\u017c darowizn\u0119. Wesprzyj punkt informacyjny na obszarze \u015bwiatowego dziedzictwa Grumsin Beech Forest\" \/>\n<meta name=\"robots\" content=\"index, follow, max-snippet:-1, max-image-preview:large, max-video-preview:-1\" \/>\n<link rel=\"canonical\" href=\"https:\/\/welterbe-grumsin.de\/pl\/punkt-informacyjny-wsparcia\/\" \/>\n<meta property=\"og:locale\" content=\"pl_PL\" \/>\n<meta property=\"og:type\" content=\"article\" \/>\n<meta property=\"og:title\" content=\"Punkt informacyjny wsparcia - Infopunkt Weltnaturerbe Brandenburgs UNESCO\" \/>\n<meta property=\"og:description\" content=\"Wesprzyj punkt informacyjny w Altk\u00fcnkendorf: Zosta\u0144 cz\u0142onkiem lub przeka\u017c darowizn\u0119. Wesprzyj punkt informacyjny na obszarze \u015bwiatowego dziedzictwa Grumsin Beech Forest\" \/>\n<meta property=\"og:url\" content=\"https:\/\/welterbe-grumsin.de\/pl\/punkt-informacyjny-wsparcia\/\" \/>\n<meta property=\"og:site_name\" content=\"Infopunkt Weltnaturerbe Brandenburgs UNESCO\" \/>\n<meta property=\"article:modified_time\" content=\"2025-03-04T08:03:10+00:00\" \/>\n<meta property=\"og:image\" content=\"https:\/\/welterbe-grumsin.de\/wp-content\/uploads\/2024\/09\/infopunkt-unterstuetzen-beitragsbild.jpg\" \/>\n\t<meta property=\"og:image:width\" content=\"1024\" \/>\n\t<meta property=\"og:image:height\" content=\"683\" \/>\n\t<meta property=\"og:image:type\" content=\"image\/jpeg\" \/>\n<meta name=\"twitter:card\" content=\"summary_large_image\" \/>\n<meta name=\"twitter:label1\" content=\"Szacowany czas czytania\" \/>\n\t<meta name=\"twitter:data1\" content=\"1 minuta\" \/>\n<script type=\"application\/ld+json\" class=\"yoast-schema-graph\">{\"@context\":\"https:\\\/\\\/schema.org\",\"@graph\":[{\"@type\":\"WebPage\",\"@id\":\"https:\\\/\\\/welterbe-grumsin.de\\\/pl\\\/punkt-informacyjny-wsparcia\\\/\",\"url\":\"https:\\\/\\\/welterbe-grumsin.de\\\/pl\\\/punkt-informacyjny-wsparcia\\\/\",\"name\":\"Punkt informacyjny wsparcia - Infopunkt Weltnaturerbe Brandenburgs UNESCO\",\"isPartOf\":{\"@id\":\"https:\\\/\\\/welterbe-grumsin.de\\\/pl\\\/#website\"},\"primaryImageOfPage\":{\"@id\":\"https:\\\/\\\/welterbe-grumsin.de\\\/pl\\\/punkt-informacyjny-wsparcia\\\/#primaryimage\"},\"image\":{\"@id\":\"https:\\\/\\\/welterbe-grumsin.de\\\/pl\\\/punkt-informacyjny-wsparcia\\\/#primaryimage\"},\"thumbnailUrl\":\"https:\\\/\\\/welterbe-grumsin.de\\\/wp-content\\\/uploads\\\/2024\\\/09\\\/infopunkt-unterstuetzen-beitragsbild.jpg\",\"datePublished\":\"2024-06-19T03:54:59+00:00\",\"dateModified\":\"2025-03-04T08:03:10+00:00\",\"description\":\"Wesprzyj punkt informacyjny w Altk\u00fcnkendorf: Zosta\u0144 cz\u0142onkiem lub przeka\u017c darowizn\u0119. Wesprzyj punkt informacyjny na obszarze \u015bwiatowego dziedzictwa Grumsin Beech Forest\",\"breadcrumb\":{\"@id\":\"https:\\\/\\\/welterbe-grumsin.de\\\/pl\\\/punkt-informacyjny-wsparcia\\\/#breadcrumb\"},\"inLanguage\":\"pl-PL\",\"potentialAction\":[{\"@type\":\"ReadAction\",\"target\":[\"https:\\\/\\\/welterbe-grumsin.de\\\/pl\\\/punkt-informacyjny-wsparcia\\\/\"]}]},{\"@type\":\"ImageObject\",\"inLanguage\":\"pl-PL\",\"@id\":\"https:\\\/\\\/welterbe-grumsin.de\\\/pl\\\/punkt-informacyjny-wsparcia\\\/#primaryimage\",\"url\":\"https:\\\/\\\/welterbe-grumsin.de\\\/wp-content\\\/uploads\\\/2024\\\/09\\\/infopunkt-unterstuetzen-beitragsbild.jpg\",\"contentUrl\":\"https:\\\/\\\/welterbe-grumsin.de\\\/wp-content\\\/uploads\\\/2024\\\/09\\\/infopunkt-unterstuetzen-beitragsbild.jpg\",\"width\":1024,\"height\":683},{\"@type\":\"BreadcrumbList\",\"@id\":\"https:\\\/\\\/welterbe-grumsin.de\\\/pl\\\/punkt-informacyjny-wsparcia\\\/#breadcrumb\",\"itemListElement\":[{\"@type\":\"ListItem\",\"position\":1,\"name\":\"Startseite\",\"item\":\"https:\\\/\\\/welterbe-grumsin.de\\\/pl\\\/strona-glowna\\\/\"},{\"@type\":\"ListItem\",\"position\":2,\"name\":\"Punkt informacyjny wsparcia\"}]},{\"@type\":\"WebSite\",\"@id\":\"https:\\\/\\\/welterbe-grumsin.de\\\/pl\\\/#website\",\"url\":\"https:\\\/\\\/welterbe-grumsin.de\\\/pl\\\/\",\"name\":\"welterbe-grumsin\",\"description\":\"Buchenwald Grumsin - Brandenburgs einziges UNESCO-Weltnaturerbe\",\"publisher\":{\"@id\":\"https:\\\/\\\/welterbe-grumsin.de\\\/pl\\\/#organization\"},\"potentialAction\":[{\"@type\":\"SearchAction\",\"target\":{\"@type\":\"EntryPoint\",\"urlTemplate\":\"https:\\\/\\\/welterbe-grumsin.de\\\/pl\\\/?s={search_term_string}\"},\"query-input\":{\"@type\":\"PropertyValueSpecification\",\"valueRequired\":true,\"valueName\":\"search_term_string\"}}],\"inLanguage\":\"pl-PL\"},{\"@type\":\"Organization\",\"@id\":\"https:\\\/\\\/welterbe-grumsin.de\\\/pl\\\/#organization\",\"name\":\"Infopunkt Weltnaturerbe Brandenburgs UNESCO\",\"url\":\"https:\\\/\\\/welterbe-grumsin.de\\\/pl\\\/\",\"logo\":{\"@type\":\"ImageObject\",\"inLanguage\":\"pl-PL\",\"@id\":\"https:\\\/\\\/welterbe-grumsin.de\\\/pl\\\/#\\\/schema\\\/logo\\\/image\\\/\",\"url\":\"https:\\\/\\\/welterbe-grumsin.de\\\/wp-content\\\/uploads\\\/2024\\\/06\\\/weltnaturerbe_logo.svg\",\"contentUrl\":\"https:\\\/\\\/welterbe-grumsin.de\\\/wp-content\\\/uploads\\\/2024\\\/06\\\/weltnaturerbe_logo.svg\",\"width\":204,\"height\":273,\"caption\":\"Infopunkt Weltnaturerbe Brandenburgs UNESCO\"},\"image\":{\"@id\":\"https:\\\/\\\/welterbe-grumsin.de\\\/pl\\\/#\\\/schema\\\/logo\\\/image\\\/\"}}]}<\/script>\n<!-- \/ Yoast SEO plugin. -->","yoast_head_json":{"title":"Punkt informacyjny wsparcia - Infopunkt Weltnaturerbe Brandenburgs UNESCO","description":"Wesprzyj punkt informacyjny w Altk\u00fcnkendorf: Zosta\u0144 cz\u0142onkiem lub przeka\u017c darowizn\u0119. Wesprzyj punkt informacyjny na obszarze \u015bwiatowego dziedzictwa Grumsin Beech Forest","robots":{"index":"index","follow":"follow","max-snippet":"max-snippet:-1","max-image-preview":"max-image-preview:large","max-video-preview":"max-video-preview:-1"},"canonical":"https:\/\/welterbe-grumsin.de\/pl\/punkt-informacyjny-wsparcia\/","og_locale":"pl_PL","og_type":"article","og_title":"Punkt informacyjny wsparcia - Infopunkt Weltnaturerbe Brandenburgs UNESCO","og_description":"Wesprzyj punkt informacyjny w Altk\u00fcnkendorf: Zosta\u0144 cz\u0142onkiem lub przeka\u017c darowizn\u0119. Wesprzyj punkt informacyjny na obszarze \u015bwiatowego dziedzictwa Grumsin Beech Forest","og_url":"https:\/\/welterbe-grumsin.de\/pl\/punkt-informacyjny-wsparcia\/","og_site_name":"Infopunkt Weltnaturerbe Brandenburgs UNESCO","article_modified_time":"2025-03-04T08:03:10+00:00","og_image":[{"width":1024,"height":683,"url":"https:\/\/welterbe-grumsin.de\/wp-content\/uploads\/2024\/09\/infopunkt-unterstuetzen-beitragsbild.jpg","type":"image\/jpeg"}],"twitter_card":"summary_large_image","twitter_misc":{"Szacowany czas czytania":"1 minuta"},"schema":{"@context":"https:\/\/schema.org","@graph":[{"@type":"WebPage","@id":"https:\/\/welterbe-grumsin.de\/pl\/punkt-informacyjny-wsparcia\/","url":"https:\/\/welterbe-grumsin.de\/pl\/punkt-informacyjny-wsparcia\/","name":"Punkt informacyjny wsparcia - Infopunkt Weltnaturerbe Brandenburgs UNESCO","isPartOf":{"@id":"https:\/\/welterbe-grumsin.de\/pl\/#website"},"primaryImageOfPage":{"@id":"https:\/\/welterbe-grumsin.de\/pl\/punkt-informacyjny-wsparcia\/#primaryimage"},"image":{"@id":"https:\/\/welterbe-grumsin.de\/pl\/punkt-informacyjny-wsparcia\/#primaryimage"},"thumbnailUrl":"https:\/\/welterbe-grumsin.de\/wp-content\/uploads\/2024\/09\/infopunkt-unterstuetzen-beitragsbild.jpg","datePublished":"2024-06-19T03:54:59+00:00","dateModified":"2025-03-04T08:03:10+00:00","description":"Wesprzyj punkt informacyjny w Altk\u00fcnkendorf: Zosta\u0144 cz\u0142onkiem lub przeka\u017c darowizn\u0119. Wesprzyj punkt informacyjny na obszarze \u015bwiatowego dziedzictwa Grumsin Beech Forest","breadcrumb":{"@id":"https:\/\/welterbe-grumsin.de\/pl\/punkt-informacyjny-wsparcia\/#breadcrumb"},"inLanguage":"pl-PL","potentialAction":[{"@type":"ReadAction","target":["https:\/\/welterbe-grumsin.de\/pl\/punkt-informacyjny-wsparcia\/"]}]},{"@type":"ImageObject","inLanguage":"pl-PL","@id":"https:\/\/welterbe-grumsin.de\/pl\/punkt-informacyjny-wsparcia\/#primaryimage","url":"https:\/\/welterbe-grumsin.de\/wp-content\/uploads\/2024\/09\/infopunkt-unterstuetzen-beitragsbild.jpg","contentUrl":"https:\/\/welterbe-grumsin.de\/wp-content\/uploads\/2024\/09\/infopunkt-unterstuetzen-beitragsbild.jpg","width":1024,"height":683},{"@type":"BreadcrumbList","@id":"https:\/\/welterbe-grumsin.de\/pl\/punkt-informacyjny-wsparcia\/#breadcrumb","itemListElement":[{"@type":"ListItem","position":1,"name":"Startseite","item":"https:\/\/welterbe-grumsin.de\/pl\/strona-glowna\/"},{"@type":"ListItem","position":2,"name":"Punkt informacyjny wsparcia"}]},{"@type":"WebSite","@id":"https:\/\/welterbe-grumsin.de\/pl\/#website","url":"https:\/\/welterbe-grumsin.de\/pl\/","name":"welterbe-grumsin","description":"Buchenwald Grumsin - Brandenburgs einziges UNESCO-Weltnaturerbe","publisher":{"@id":"https:\/\/welterbe-grumsin.de\/pl\/#organization"},"potentialAction":[{"@type":"SearchAction","target":{"@type":"EntryPoint","urlTemplate":"https:\/\/welterbe-grumsin.de\/pl\/?s={search_term_string}"},"query-input":{"@type":"PropertyValueSpecification","valueRequired":true,"valueName":"search_term_string"}}],"inLanguage":"pl-PL"},{"@type":"Organization","@id":"https:\/\/welterbe-grumsin.de\/pl\/#organization","name":"Infopunkt Weltnaturerbe Brandenburgs UNESCO","url":"https:\/\/welterbe-grumsin.de\/pl\/","logo":{"@type":"ImageObject","inLanguage":"pl-PL","@id":"https:\/\/welterbe-grumsin.de\/pl\/#\/schema\/logo\/image\/","url":"https:\/\/welterbe-grumsin.de\/wp-content\/uploads\/2024\/06\/weltnaturerbe_logo.svg","contentUrl":"https:\/\/welterbe-grumsin.de\/wp-content\/uploads\/2024\/06\/weltnaturerbe_logo.svg","width":204,"height":273,"caption":"Infopunkt Weltnaturerbe Brandenburgs UNESCO"},"image":{"@id":"https:\/\/welterbe-grumsin.de\/pl\/#\/schema\/logo\/image\/"}}]}},"_links":{"self":[{"href":"https:\/\/welterbe-grumsin.de\/pl\/wp-json\/wp\/v2\/pages\/7115","targetHints":{"allow":["GET"]}}],"collection":[{"href":"https:\/\/welterbe-grumsin.de\/pl\/wp-json\/wp\/v2\/pages"}],"about":[{"href":"https:\/\/welterbe-grumsin.de\/pl\/wp-json\/wp\/v2\/types\/page"}],"author":[{"embeddable":true,"href":"https:\/\/welterbe-grumsin.de\/pl\/wp-json\/wp\/v2\/users\/1"}],"replies":[{"embeddable":true,"href":"https:\/\/welterbe-grumsin.de\/pl\/wp-json\/wp\/v2\/comments?post=7115"}],"version-history":[{"count":4,"href":"https:\/\/welterbe-grumsin.de\/pl\/wp-json\/wp\/v2\/pages\/7115\/revisions"}],"predecessor-version":[{"id":7529,"href":"https:\/\/welterbe-grumsin.de\/pl\/wp-json\/wp\/v2\/pages\/7115\/revisions\/7529"}],"wp:featuredmedia":[{"embeddable":true,"href":"https:\/\/welterbe-grumsin.de\/pl\/wp-json\/wp\/v2\/media\/6088"}],"wp:attachment":[{"href":"https:\/\/welterbe-grumsin.de\/pl\/wp-json\/wp\/v2\/media?parent=7115"}],"curies":[{"name":"wp","href":"https:\/\/api.w.org\/{rel}","templated":true}]}}