{"id":7143,"date":"2024-06-19T05:51:48","date_gmt":"2024-06-19T03:51:48","guid":{"rendered":"https:\/\/welterbe-grumsin.de\/roznica-pomiedzy-lasem-a-puszcza\/"},"modified":"2025-02-24T17:04:36","modified_gmt":"2025-02-24T16:04:36","slug":"roznica-pomiedzy-lasem-a-puszcza","status":"publish","type":"page","link":"https:\/\/welterbe-grumsin.de\/pl\/roznica-pomiedzy-lasem-a-puszcza\/","title":{"rendered":"R\u00f3\u017cnica pomi\u0119dzy lasem a puszcz\u0105"},"content":{"rendered":"\t\t<div data-elementor-type=\"wp-page\" data-elementor-id=\"7143\" class=\"elementor elementor-7143 elementor-206\" data-elementor-post-type=\"page\">\n\t\t\t\t<div class=\"elementor-element elementor-element-42779cf8 e-flex e-con-boxed e-con e-parent\" data-id=\"42779cf8\" data-element_type=\"container\" data-e-type=\"container\">\n\t\t\t\t\t<div class=\"e-con-inner\">\n\t\t<div class=\"elementor-element elementor-element-5a201d3e e-con-full e-flex e-con e-child\" data-id=\"5a201d3e\" data-element_type=\"container\" data-e-type=\"container\">\n\t\t\t\t<div class=\"elementor-element elementor-element-4d8c826 elementor-widget elementor-widget-heading\" data-id=\"4d8c826\" data-element_type=\"widget\" data-e-type=\"widget\" data-widget_type=\"heading.default\">\n\t\t\t\t<div class=\"elementor-widget-container\">\n\t\t\t\t\t<h1 class=\"elementor-heading-title elementor-size-default\">R\u00f3\u017cnica pomi\u0119dzy lasem a puszcz\u0105<\/h1>\t\t\t\t<\/div>\n\t\t\t\t<\/div>\n\t\t\t\t<\/div>\n\t\t\t\t\t<\/div>\n\t\t\t\t<\/div>\n\t\t<div class=\"elementor-element elementor-element-ed7f185 e-flex e-con-boxed e-con e-parent\" data-id=\"ed7f185\" data-element_type=\"container\" data-e-type=\"container\">\n\t\t\t\t\t<div class=\"e-con-inner\">\n\t\t\t\t<div class=\"elementor-element elementor-element-7a284d6 elementor-widget elementor-widget-heading\" data-id=\"7a284d6\" data-element_type=\"widget\" data-e-type=\"widget\" data-widget_type=\"heading.default\">\n\t\t\t\t<div class=\"elementor-widget-container\">\n\t\t\t\t\t<h2 class=\"elementor-heading-title elementor-size-default\">Czym jest \u201epuszcza\u201d?<\/h2>\t\t\t\t<\/div>\n\t\t\t\t<\/div>\n\t\t\t\t\t<\/div>\n\t\t\t\t<\/div>\n\t\t<div class=\"elementor-element elementor-element-a98a8f9 e-flex e-con-boxed e-con e-parent\" data-id=\"a98a8f9\" data-element_type=\"container\" data-e-type=\"container\">\n\t\t\t\t\t<div class=\"e-con-inner\">\n\t\t\t\t<div class=\"elementor-element elementor-element-d50b3d4 elementor-widget elementor-widget-text-editor\" data-id=\"d50b3d4\" data-element_type=\"widget\" data-e-type=\"widget\" data-widget_type=\"text-editor.default\">\n\t\t\t\t<div class=\"elementor-widget-container\">\n\t\t\t\t\t\t\t\t\t<p>Poj\u0119cie \u201epuszcza\u201d, inaczej las pierwotny, definiuje las z rodzimymi gatunkami drzew, w kt\u00f3rym nie dochodzi do ingerencji cz\u0142owieka. Nie wyst\u0119puj\u0105 tu r\u00f3wnie\u017c zak\u0142\u00f3cenia proces\u00f3w ekologicznych. <\/p>\n<p>W Niemczech takie lasy ju\u017c nie wyst\u0119puj\u0105. Utrzyma\u0142y si\u0119 jednak obszary, w kt\u00f3rych las od dawna nie jest u\u017cytkowany i jest pozostawiony samemu sobie. Jednym z przyk\u0142ad\u00f3w takich obszar\u00f3w jest las bukowy Grumsin.  <\/p>\n<p>Poj\u0119cie \u201elas\u201d dotyczy dzi\u015b raczej gospodarczych powierzchni le\u015bnych, przez co m\u00f3wimy lasach u\u017cytkowych. Las u\u017cytkowy to powierzchnia le\u015bna, z kt\u00f3rej regularnie pozyskuje si\u0119 drewno. <\/p>\n\t\t\t\t\t\t\t\t<\/div>\n\t\t\t\t<\/div>\n\t\t\t\t\t<\/div>\n\t\t\t\t<\/div>\n\t\t<div class=\"elementor-element elementor-element-c589e48 e-flex e-con-boxed e-con e-parent\" data-id=\"c589e48\" data-element_type=\"container\" data-e-type=\"container\">\n\t\t\t\t\t<div class=\"e-con-inner\">\n\t\t\t\t<div class=\"elementor-element elementor-element-f670820 elementor-widget elementor-widget-heading\" data-id=\"f670820\" data-element_type=\"widget\" data-e-type=\"widget\" data-widget_type=\"heading.default\">\n\t\t\t\t<div class=\"elementor-widget-container\">\n\t\t\t\t\t<h2 class=\"elementor-heading-title elementor-size-default\">Las bukowy Grumsin na drodze do stania si\u0119 \u201epuszcz\u0105\u201d<\/h2>\t\t\t\t<\/div>\n\t\t\t\t<\/div>\n\t\t\t\t\t<\/div>\n\t\t\t\t<\/div>\n\t\t<div class=\"elementor-element elementor-element-128aed5 e-flex e-con-boxed e-con e-parent\" data-id=\"128aed5\" data-element_type=\"container\" data-e-type=\"container\">\n\t\t\t\t\t<div class=\"e-con-inner\">\n\t\t<div class=\"elementor-element elementor-element-20f17a7 e-con-full e-flex e-con e-child\" data-id=\"20f17a7\" data-element_type=\"container\" data-e-type=\"container\">\n\t\t\t\t<div class=\"elementor-element elementor-element-5bc19d95 elementor-widget elementor-widget-text-editor\" data-id=\"5bc19d95\" data-element_type=\"widget\" data-e-type=\"widget\" data-widget_type=\"text-editor.default\">\n\t\t\t\t<div class=\"elementor-widget-container\">\n\t\t\t\t\t\t\t\t\t<p>Las bukowy Grumsin ma potencja\u0142, by przekszta\u0142ci\u0107 si\u0119 w naturalny las. Od roku 1990 nie jest u\u017cytkowany. Dzi\u0119ki temu charakteryzuje si\u0119 wysokim udzia\u0142em martwego drewna i licznym starodrzewiem z wieloma \u201emikrosiedliskami\u201d (strukturami na drzewach, daj\u0105cymi przestrze\u0144 do \u017cycia dla wielu gatunk\u00f3w zwierz\u0105t, ro\u015blin i grzyb\u00f3w). Tym samym ma coraz wi\u0119cej cech lasu naturalnego i tym samym przekszta\u0142ca si\u0119 w \u201epuszcz\u0119 z odzysku\u201d.   <\/p>\n\t\t\t\t\t\t\t\t<\/div>\n\t\t\t\t<\/div>\n\t\t\t\t<\/div>\n\t\t<div class=\"elementor-element elementor-element-0b2f307 e-con-full e-flex e-con e-child\" data-id=\"0b2f307\" data-element_type=\"container\" data-e-type=\"container\">\n\t\t\t\t<div class=\"elementor-element elementor-element-cf1d7b9 elementor-widget elementor-widget-text-editor\" data-id=\"cf1d7b9\" data-element_type=\"widget\" data-e-type=\"widget\" data-widget_type=\"text-editor.default\">\n\t\t\t\t<div class=\"elementor-widget-container\">\n\t\t\t\t\t\t\t\t\t<p>Ju\u017c teraz mo\u017cna zaobserwowa\u0107 procesy, kt\u00f3rych pr\u00f3\u017cno szuka\u0107 w lesie u\u017cytkowym, np. obumieranie i \u0142amanie koron drzew, rozk\u0142ad pni drzew przez grzyby, nagromadzenie dziupli drzewnych, pochylanie si\u0119 drzew. Podczas gdy las Grumsin staje si\u0119 lasem pierwotnym stopniowo, w Karpatach wyst\u0119puj\u0105 prawdziwe puszcze, bez ingerencji cz\u0142owieka. Nale\u017c\u0105 one do pierwszych las\u00f3w bukowych wpisanych w roku 2007 na list\u0119 \u015bwiatowego dziedzictwa przyrodniczego UNESCO. S\u0105 filarem tego <a href=\"https:\/\/welterbe-grumsin.de\/welterbe-buchenwald-in-europa\/\" target=\"_blank\" rel=\"noopener\">zespolonego obiektu \u015bwiatowego dziedzictwa w Europie<\/a>.   <\/p>\n<p>Wi\u0119cej informacji o lasach bukowych w Ukrainie mo\u017cna znale\u017a\u0107 pod adresem <a href=\"https:\/\/www.weltnaturerbe-buchenwaelder.de\/welterbe-buchenwaelder\/ukraine\" target=\"_blank\" rel=\"noopener\">weltnaturerbe-buchenwaelder.de.<\/a><\/p>\n\t\t\t\t\t\t\t\t<\/div>\n\t\t\t\t<\/div>\n\t\t\t\t<\/div>\n\t\t\t\t\t<\/div>\n\t\t\t\t<\/div>\n\t\t<div class=\"elementor-element elementor-element-994cf92 e-flex e-con-boxed e-con e-parent\" data-id=\"994cf92\" data-element_type=\"container\" data-e-type=\"container\">\n\t\t\t\t\t<div class=\"e-con-inner\">\n\t\t\t\t<div class=\"elementor-element elementor-element-4090719 elementor-widget elementor-widget-image\" data-id=\"4090719\" data-element_type=\"widget\" data-e-type=\"widget\" data-widget_type=\"image.default\">\n\t\t\t\t<div class=\"elementor-widget-container\">\n\t\t\t\t\t\t\t\t\t\t\t\t\t\t\t<img fetchpriority=\"high\" decoding=\"async\" width=\"1536\" height=\"1152\" src=\"https:\/\/welterbe-grumsin.de\/wp-content\/uploads\/2024\/10\/unterschied-wirtschaftswald-und-urwald-buchenwald-grumsin-1536x1152.jpg\" class=\"attachment-1536x1536 size-1536x1536 wp-image-6196\" alt=\"\" srcset=\"https:\/\/welterbe-grumsin.de\/wp-content\/uploads\/2024\/10\/unterschied-wirtschaftswald-und-urwald-buchenwald-grumsin-1536x1152.jpg 1536w, https:\/\/welterbe-grumsin.de\/wp-content\/uploads\/2024\/10\/unterschied-wirtschaftswald-und-urwald-buchenwald-grumsin-300x225.jpg 300w, https:\/\/welterbe-grumsin.de\/wp-content\/uploads\/2024\/10\/unterschied-wirtschaftswald-und-urwald-buchenwald-grumsin-1024x768.jpg 1024w, https:\/\/welterbe-grumsin.de\/wp-content\/uploads\/2024\/10\/unterschied-wirtschaftswald-und-urwald-buchenwald-grumsin-768x576.jpg 768w, https:\/\/welterbe-grumsin.de\/wp-content\/uploads\/2024\/10\/unterschied-wirtschaftswald-und-urwald-buchenwald-grumsin.jpg 1920w\" sizes=\"(max-width: 1536px) 100vw, 1536px\" \/>\t\t\t\t\t\t\t\t\t\t\t\t\t\t\t<\/div>\n\t\t\t\t<\/div>\n\t\t\t\t\t<\/div>\n\t\t\t\t<\/div>\n\t\t\t\t<\/div>\n\t\t","protected":false},"excerpt":{"rendered":"<p>R\u00f3\u017cnica pomi\u0119dzy lasem a puszcz\u0105 Czym jest \u201epuszcza\u201d? Poj\u0119cie \u201epuszcza\u201d, inaczej las pierwotny, definiuje las z rodzimymi gatunkami drzew, w kt\u00f3rym nie dochodzi do ingerencji cz\u0142owieka. Nie wyst\u0119puj\u0105 tu r\u00f3wnie\u017c zak\u0142\u00f3cenia proces\u00f3w ekologicznych. W Niemczech takie lasy ju\u017c nie wyst\u0119puj\u0105. Utrzyma\u0142y si\u0119 jednak obszary, w kt\u00f3rych las od dawna nie jest u\u017cytkowany i jest pozostawiony [&hellip;]<\/p>\n","protected":false},"author":1,"featured_media":6030,"parent":0,"menu_order":0,"comment_status":"closed","ping_status":"closed","template":"","meta":{"_acf_changed":false,"inline_featured_image":false,"footnotes":""},"class_list":["post-7143","page","type-page","status-publish","has-post-thumbnail","hentry"],"acf":[],"yoast_head":"<!-- This site is optimized with the Yoast SEO plugin v27.5 - https:\/\/yoast.com\/product\/yoast-seo-wordpress\/ -->\n<title>R\u00f3\u017cnica pomi\u0119dzy lasem a puszcz\u0105 - Infopunkt Weltnaturerbe Brandenburgs UNESCO<\/title>\n<meta name=\"description\" content=\"Jaka jest r\u00f3\u017cnica mi\u0119dzy lasem a puszcz\u0105? Czy las bukowy Grumsin jest ju\u017c lasem pierwotnym?\" \/>\n<meta name=\"robots\" content=\"index, follow, max-snippet:-1, max-image-preview:large, max-video-preview:-1\" \/>\n<link rel=\"canonical\" href=\"https:\/\/welterbe-grumsin.de\/pl\/roznica-pomiedzy-lasem-a-puszcza\/\" \/>\n<meta property=\"og:locale\" content=\"pl_PL\" \/>\n<meta property=\"og:type\" content=\"article\" \/>\n<meta property=\"og:title\" content=\"R\u00f3\u017cnica pomi\u0119dzy lasem a puszcz\u0105 - Infopunkt Weltnaturerbe Brandenburgs UNESCO\" \/>\n<meta property=\"og:description\" content=\"Jaka jest r\u00f3\u017cnica mi\u0119dzy lasem a puszcz\u0105? Czy las bukowy Grumsin jest ju\u017c lasem pierwotnym?\" \/>\n<meta property=\"og:url\" content=\"https:\/\/welterbe-grumsin.de\/pl\/roznica-pomiedzy-lasem-a-puszcza\/\" \/>\n<meta property=\"og:site_name\" content=\"Infopunkt Weltnaturerbe Brandenburgs UNESCO\" \/>\n<meta property=\"article:modified_time\" content=\"2025-02-24T16:04:36+00:00\" \/>\n<meta property=\"og:image\" content=\"https:\/\/welterbe-grumsin.de\/wp-content\/uploads\/2024\/09\/unterschied-wald-und-urwald-beitragsbild.jpg\" \/>\n\t<meta property=\"og:image:width\" content=\"1024\" \/>\n\t<meta property=\"og:image:height\" content=\"683\" \/>\n\t<meta property=\"og:image:type\" content=\"image\/jpeg\" \/>\n<meta name=\"twitter:card\" content=\"summary_large_image\" \/>\n<meta name=\"twitter:label1\" content=\"Szacowany czas czytania\" \/>\n\t<meta name=\"twitter:data1\" content=\"1 minuta\" \/>\n<script type=\"application\/ld+json\" class=\"yoast-schema-graph\">{\"@context\":\"https:\\\/\\\/schema.org\",\"@graph\":[{\"@type\":\"WebPage\",\"@id\":\"https:\\\/\\\/welterbe-grumsin.de\\\/pl\\\/roznica-pomiedzy-lasem-a-puszcza\\\/\",\"url\":\"https:\\\/\\\/welterbe-grumsin.de\\\/pl\\\/roznica-pomiedzy-lasem-a-puszcza\\\/\",\"name\":\"R\u00f3\u017cnica pomi\u0119dzy lasem a puszcz\u0105 - Infopunkt Weltnaturerbe Brandenburgs UNESCO\",\"isPartOf\":{\"@id\":\"https:\\\/\\\/welterbe-grumsin.de\\\/pl\\\/#website\"},\"primaryImageOfPage\":{\"@id\":\"https:\\\/\\\/welterbe-grumsin.de\\\/pl\\\/roznica-pomiedzy-lasem-a-puszcza\\\/#primaryimage\"},\"image\":{\"@id\":\"https:\\\/\\\/welterbe-grumsin.de\\\/pl\\\/roznica-pomiedzy-lasem-a-puszcza\\\/#primaryimage\"},\"thumbnailUrl\":\"https:\\\/\\\/welterbe-grumsin.de\\\/wp-content\\\/uploads\\\/2024\\\/09\\\/unterschied-wald-und-urwald-beitragsbild.jpg\",\"datePublished\":\"2024-06-19T03:51:48+00:00\",\"dateModified\":\"2025-02-24T16:04:36+00:00\",\"description\":\"Jaka jest r\u00f3\u017cnica mi\u0119dzy lasem a puszcz\u0105? Czy las bukowy Grumsin jest ju\u017c lasem pierwotnym?\",\"breadcrumb\":{\"@id\":\"https:\\\/\\\/welterbe-grumsin.de\\\/pl\\\/roznica-pomiedzy-lasem-a-puszcza\\\/#breadcrumb\"},\"inLanguage\":\"pl-PL\",\"potentialAction\":[{\"@type\":\"ReadAction\",\"target\":[\"https:\\\/\\\/welterbe-grumsin.de\\\/pl\\\/roznica-pomiedzy-lasem-a-puszcza\\\/\"]}]},{\"@type\":\"ImageObject\",\"inLanguage\":\"pl-PL\",\"@id\":\"https:\\\/\\\/welterbe-grumsin.de\\\/pl\\\/roznica-pomiedzy-lasem-a-puszcza\\\/#primaryimage\",\"url\":\"https:\\\/\\\/welterbe-grumsin.de\\\/wp-content\\\/uploads\\\/2024\\\/09\\\/unterschied-wald-und-urwald-beitragsbild.jpg\",\"contentUrl\":\"https:\\\/\\\/welterbe-grumsin.de\\\/wp-content\\\/uploads\\\/2024\\\/09\\\/unterschied-wald-und-urwald-beitragsbild.jpg\",\"width\":1024,\"height\":683,\"caption\":\"\u0179r\u00f3d\u0142o: Flade\"},{\"@type\":\"BreadcrumbList\",\"@id\":\"https:\\\/\\\/welterbe-grumsin.de\\\/pl\\\/roznica-pomiedzy-lasem-a-puszcza\\\/#breadcrumb\",\"itemListElement\":[{\"@type\":\"ListItem\",\"position\":1,\"name\":\"Startseite\",\"item\":\"https:\\\/\\\/welterbe-grumsin.de\\\/pl\\\/strona-glowna\\\/\"},{\"@type\":\"ListItem\",\"position\":2,\"name\":\"R\u00f3\u017cnica pomi\u0119dzy lasem a puszcz\u0105\"}]},{\"@type\":\"WebSite\",\"@id\":\"https:\\\/\\\/welterbe-grumsin.de\\\/pl\\\/#website\",\"url\":\"https:\\\/\\\/welterbe-grumsin.de\\\/pl\\\/\",\"name\":\"welterbe-grumsin\",\"description\":\"Buchenwald Grumsin - Brandenburgs einziges UNESCO-Weltnaturerbe\",\"publisher\":{\"@id\":\"https:\\\/\\\/welterbe-grumsin.de\\\/pl\\\/#organization\"},\"potentialAction\":[{\"@type\":\"SearchAction\",\"target\":{\"@type\":\"EntryPoint\",\"urlTemplate\":\"https:\\\/\\\/welterbe-grumsin.de\\\/pl\\\/?s={search_term_string}\"},\"query-input\":{\"@type\":\"PropertyValueSpecification\",\"valueRequired\":true,\"valueName\":\"search_term_string\"}}],\"inLanguage\":\"pl-PL\"},{\"@type\":\"Organization\",\"@id\":\"https:\\\/\\\/welterbe-grumsin.de\\\/pl\\\/#organization\",\"name\":\"Infopunkt Weltnaturerbe Brandenburgs UNESCO\",\"url\":\"https:\\\/\\\/welterbe-grumsin.de\\\/pl\\\/\",\"logo\":{\"@type\":\"ImageObject\",\"inLanguage\":\"pl-PL\",\"@id\":\"https:\\\/\\\/welterbe-grumsin.de\\\/pl\\\/#\\\/schema\\\/logo\\\/image\\\/\",\"url\":\"https:\\\/\\\/welterbe-grumsin.de\\\/wp-content\\\/uploads\\\/2024\\\/06\\\/weltnaturerbe_logo.svg\",\"contentUrl\":\"https:\\\/\\\/welterbe-grumsin.de\\\/wp-content\\\/uploads\\\/2024\\\/06\\\/weltnaturerbe_logo.svg\",\"width\":204,\"height\":273,\"caption\":\"Infopunkt Weltnaturerbe Brandenburgs UNESCO\"},\"image\":{\"@id\":\"https:\\\/\\\/welterbe-grumsin.de\\\/pl\\\/#\\\/schema\\\/logo\\\/image\\\/\"}}]}<\/script>\n<!-- \/ Yoast SEO plugin. -->","yoast_head_json":{"title":"R\u00f3\u017cnica pomi\u0119dzy lasem a puszcz\u0105 - Infopunkt Weltnaturerbe Brandenburgs UNESCO","description":"Jaka jest r\u00f3\u017cnica mi\u0119dzy lasem a puszcz\u0105? Czy las bukowy Grumsin jest ju\u017c lasem pierwotnym?","robots":{"index":"index","follow":"follow","max-snippet":"max-snippet:-1","max-image-preview":"max-image-preview:large","max-video-preview":"max-video-preview:-1"},"canonical":"https:\/\/welterbe-grumsin.de\/pl\/roznica-pomiedzy-lasem-a-puszcza\/","og_locale":"pl_PL","og_type":"article","og_title":"R\u00f3\u017cnica pomi\u0119dzy lasem a puszcz\u0105 - Infopunkt Weltnaturerbe Brandenburgs UNESCO","og_description":"Jaka jest r\u00f3\u017cnica mi\u0119dzy lasem a puszcz\u0105? Czy las bukowy Grumsin jest ju\u017c lasem pierwotnym?","og_url":"https:\/\/welterbe-grumsin.de\/pl\/roznica-pomiedzy-lasem-a-puszcza\/","og_site_name":"Infopunkt Weltnaturerbe Brandenburgs UNESCO","article_modified_time":"2025-02-24T16:04:36+00:00","og_image":[{"width":1024,"height":683,"url":"https:\/\/welterbe-grumsin.de\/wp-content\/uploads\/2024\/09\/unterschied-wald-und-urwald-beitragsbild.jpg","type":"image\/jpeg"}],"twitter_card":"summary_large_image","twitter_misc":{"Szacowany czas czytania":"1 minuta"},"schema":{"@context":"https:\/\/schema.org","@graph":[{"@type":"WebPage","@id":"https:\/\/welterbe-grumsin.de\/pl\/roznica-pomiedzy-lasem-a-puszcza\/","url":"https:\/\/welterbe-grumsin.de\/pl\/roznica-pomiedzy-lasem-a-puszcza\/","name":"R\u00f3\u017cnica pomi\u0119dzy lasem a puszcz\u0105 - Infopunkt Weltnaturerbe Brandenburgs UNESCO","isPartOf":{"@id":"https:\/\/welterbe-grumsin.de\/pl\/#website"},"primaryImageOfPage":{"@id":"https:\/\/welterbe-grumsin.de\/pl\/roznica-pomiedzy-lasem-a-puszcza\/#primaryimage"},"image":{"@id":"https:\/\/welterbe-grumsin.de\/pl\/roznica-pomiedzy-lasem-a-puszcza\/#primaryimage"},"thumbnailUrl":"https:\/\/welterbe-grumsin.de\/wp-content\/uploads\/2024\/09\/unterschied-wald-und-urwald-beitragsbild.jpg","datePublished":"2024-06-19T03:51:48+00:00","dateModified":"2025-02-24T16:04:36+00:00","description":"Jaka jest r\u00f3\u017cnica mi\u0119dzy lasem a puszcz\u0105? Czy las bukowy Grumsin jest ju\u017c lasem pierwotnym?","breadcrumb":{"@id":"https:\/\/welterbe-grumsin.de\/pl\/roznica-pomiedzy-lasem-a-puszcza\/#breadcrumb"},"inLanguage":"pl-PL","potentialAction":[{"@type":"ReadAction","target":["https:\/\/welterbe-grumsin.de\/pl\/roznica-pomiedzy-lasem-a-puszcza\/"]}]},{"@type":"ImageObject","inLanguage":"pl-PL","@id":"https:\/\/welterbe-grumsin.de\/pl\/roznica-pomiedzy-lasem-a-puszcza\/#primaryimage","url":"https:\/\/welterbe-grumsin.de\/wp-content\/uploads\/2024\/09\/unterschied-wald-und-urwald-beitragsbild.jpg","contentUrl":"https:\/\/welterbe-grumsin.de\/wp-content\/uploads\/2024\/09\/unterschied-wald-und-urwald-beitragsbild.jpg","width":1024,"height":683,"caption":"\u0179r\u00f3d\u0142o: Flade"},{"@type":"BreadcrumbList","@id":"https:\/\/welterbe-grumsin.de\/pl\/roznica-pomiedzy-lasem-a-puszcza\/#breadcrumb","itemListElement":[{"@type":"ListItem","position":1,"name":"Startseite","item":"https:\/\/welterbe-grumsin.de\/pl\/strona-glowna\/"},{"@type":"ListItem","position":2,"name":"R\u00f3\u017cnica pomi\u0119dzy lasem a puszcz\u0105"}]},{"@type":"WebSite","@id":"https:\/\/welterbe-grumsin.de\/pl\/#website","url":"https:\/\/welterbe-grumsin.de\/pl\/","name":"welterbe-grumsin","description":"Buchenwald Grumsin - Brandenburgs einziges UNESCO-Weltnaturerbe","publisher":{"@id":"https:\/\/welterbe-grumsin.de\/pl\/#organization"},"potentialAction":[{"@type":"SearchAction","target":{"@type":"EntryPoint","urlTemplate":"https:\/\/welterbe-grumsin.de\/pl\/?s={search_term_string}"},"query-input":{"@type":"PropertyValueSpecification","valueRequired":true,"valueName":"search_term_string"}}],"inLanguage":"pl-PL"},{"@type":"Organization","@id":"https:\/\/welterbe-grumsin.de\/pl\/#organization","name":"Infopunkt Weltnaturerbe Brandenburgs UNESCO","url":"https:\/\/welterbe-grumsin.de\/pl\/","logo":{"@type":"ImageObject","inLanguage":"pl-PL","@id":"https:\/\/welterbe-grumsin.de\/pl\/#\/schema\/logo\/image\/","url":"https:\/\/welterbe-grumsin.de\/wp-content\/uploads\/2024\/06\/weltnaturerbe_logo.svg","contentUrl":"https:\/\/welterbe-grumsin.de\/wp-content\/uploads\/2024\/06\/weltnaturerbe_logo.svg","width":204,"height":273,"caption":"Infopunkt Weltnaturerbe Brandenburgs UNESCO"},"image":{"@id":"https:\/\/welterbe-grumsin.de\/pl\/#\/schema\/logo\/image\/"}}]}},"_links":{"self":[{"href":"https:\/\/welterbe-grumsin.de\/pl\/wp-json\/wp\/v2\/pages\/7143","targetHints":{"allow":["GET"]}}],"collection":[{"href":"https:\/\/welterbe-grumsin.de\/pl\/wp-json\/wp\/v2\/pages"}],"about":[{"href":"https:\/\/welterbe-grumsin.de\/pl\/wp-json\/wp\/v2\/types\/page"}],"author":[{"embeddable":true,"href":"https:\/\/welterbe-grumsin.de\/pl\/wp-json\/wp\/v2\/users\/1"}],"replies":[{"embeddable":true,"href":"https:\/\/welterbe-grumsin.de\/pl\/wp-json\/wp\/v2\/comments?post=7143"}],"version-history":[{"count":1,"href":"https:\/\/welterbe-grumsin.de\/pl\/wp-json\/wp\/v2\/pages\/7143\/revisions"}],"predecessor-version":[{"id":7145,"href":"https:\/\/welterbe-grumsin.de\/pl\/wp-json\/wp\/v2\/pages\/7143\/revisions\/7145"}],"wp:featuredmedia":[{"embeddable":true,"href":"https:\/\/welterbe-grumsin.de\/pl\/wp-json\/wp\/v2\/media\/6030"}],"wp:attachment":[{"href":"https:\/\/welterbe-grumsin.de\/pl\/wp-json\/wp\/v2\/media?parent=7143"}],"curies":[{"name":"wp","href":"https:\/\/api.w.org\/{rel}","templated":true}]}}