{"id":7164,"date":"2024-06-19T05:52:06","date_gmt":"2024-06-19T03:52:06","guid":{"rendered":"https:\/\/welterbe-grumsin.de\/miejsce-swiatowego-dziedzictwa-buchenwald-w-niemczech\/"},"modified":"2025-02-25T15:48:28","modified_gmt":"2025-02-25T14:48:28","slug":"miejsce-swiatowego-dziedzictwa-buchenwald-w-niemczech","status":"publish","type":"page","link":"https:\/\/welterbe-grumsin.de\/pl\/miejsce-swiatowego-dziedzictwa-buchenwald-w-niemczech\/","title":{"rendered":"Miejsce \u015bwiatowego dziedzictwa Buchenwald w Niemczech"},"content":{"rendered":"\t\t<div data-elementor-type=\"wp-page\" data-elementor-id=\"7164\" class=\"elementor elementor-7164 elementor-208\" data-elementor-post-type=\"page\">\n\t\t\t\t<div class=\"elementor-element elementor-element-22a964f7 e-flex e-con-boxed e-con e-parent\" data-id=\"22a964f7\" data-element_type=\"container\" data-e-type=\"container\">\n\t\t\t\t\t<div class=\"e-con-inner\">\n\t\t<div class=\"elementor-element elementor-element-7885803b e-con-full e-flex e-con e-child\" data-id=\"7885803b\" data-element_type=\"container\" data-e-type=\"container\">\n\t\t\t\t<div class=\"elementor-element elementor-element-31bed05a elementor-widget elementor-widget-heading\" data-id=\"31bed05a\" data-element_type=\"widget\" data-e-type=\"widget\" data-widget_type=\"heading.default\">\n\t\t\t\t<div class=\"elementor-widget-container\">\n\t\t\t\t\t<h1 class=\"elementor-heading-title elementor-size-default\">Miejsce \u015bwiatowego dziedzictwa Buchenwald w Niemczech<\/h1>\t\t\t\t<\/div>\n\t\t\t\t<\/div>\n\t\t\t\t<\/div>\n\t\t<div class=\"elementor-element elementor-element-32b8c742 e-con-full e-flex e-con e-child\" data-id=\"32b8c742\" data-element_type=\"container\" data-e-type=\"container\">\n\t\t\t\t<div class=\"elementor-element elementor-element-7fb4df3d elementor-widget elementor-widget-text-editor\" data-id=\"7fb4df3d\" data-element_type=\"widget\" data-e-type=\"widget\" data-widget_type=\"text-editor.default\">\n\t\t\t\t<div class=\"elementor-widget-container\">\n\t\t\t\t\t\t\t\t\t<p>W Niemczech znajduje si\u0119 oko\u0142o 26% europejskich las\u00f3w bukowych, dzi\u0119ki czemu jest to kluczowy obszar dla tego gatunk\u00f3w drzew, doskonale czuj\u0105cego si\u0119 w umiarkowanym klimacie Europy \u015brodkowej. Liczne typy las\u00f3w bukowych dost\u0119pne s\u0105 wy\u0142\u0105cznie w Niemczech, reprezentuj\u0105c istotn\u0105 cz\u0119\u015b\u0107 biologicznego zr\u00f3\u017cnicowania landu. <\/p>\n<p>Przed 2000 lat buk by\u0142 dominuj\u0105cym gatunkiem drzew. Wraz z rozwojem cywilizacji i rosn\u0105cym zapotrzebowaniem na drewno lasy bukowe ulega\u0142y jednak wypieraniu w coraz wi\u0119kszym stopniu. Dzi\u015b rosn\u0105 one tylko na u\u0142amku pierwotnej powierzchni.  <\/p>\n<p>Pozosta\u0142o\u015bci naturalnych las\u00f3w bukowych mo\u017cna znale\u017a\u0107 przede wszystkim na nizinach p\u00f3\u0142nocnowschodnich Niemiec. Obszary poro\u015bni\u0119te bukiem z okazami licz\u0105cymi ponad 200 lat oraz wi\u0119ksze, zwarte po\u0142acie s\u0105 coraz rzadsze. Pomimo \u017ce buk jako gatunek nie jest zagro\u017cony, wyra\u017anie widoczna jest potrzeba ochrony pozosta\u0142ych las\u00f3w bukowych \u2013 nie tylko w Niemczech, ale w ca\u0142ej Europie.  <\/p>\n<p><strong>Obok lasu bukowego Grumsin, do obiektu \u015bwiatowego dziedzictwa przyrodniczego nale\u017c\u0105 r\u00f3wnie\u017c cztery inne obszary bukowe w Niemczech:<\/strong><\/p>\n<ul>\n<li><a href=\"https:\/\/www.weltnaturerbe-buchenwaelder.de\/welterbe-buchenwaelder\/deutschland\/hainich\" target=\"_blank\" rel=\"noopener\">Hainich w Turyngii<\/a><\/li>\n<li><a href=\"https:\/\/www.weltnaturerbe-buchenwaelder.de\/welterbe-buchenwaelder\/standard-titel\" target=\"_blank\" rel=\"noopener\">Kellerwald-Edersee w Hesji<\/a><\/li>\n<li><a href=\"https:\/\/www.weltnaturerbe-buchenwaelder.de\/welterbe-buchenwaelder\/deutschland\/jasmund\" target=\"_blank\" rel=\"noopener\">Park narodowy Jasmund<\/a><\/li>\n<li>oraz <a href=\"https:\/\/www.weltnaturerbe-buchenwaelder.de\/welterbe-buchenwaelder\/deutschland\/serrahn\" target=\"_blank\" rel=\"noopener\">park narodowy M\u00fcritz<\/a> w Meklemburgii-Pomorzu przednim<\/li>\n<\/ul>\n<p>Wi\u0119cej informacji o wszystkich strefach niemieckich mo\u017cna znale\u017a\u0107 tutaj: <a href=\"https:\/\/www.weltnaturerbe-buchenwaelder.de\/welterbe-buchenwaelder\/deutschland\" target=\"_blank\" rel=\"noopener\">https:\/\/www.weltnaturerbe-buchenwaelder.de<\/a><\/p>\n\t\t\t\t\t\t\t\t<\/div>\n\t\t\t\t<\/div>\n\t\t\t\t<\/div>\n\t\t<div class=\"elementor-element elementor-element-2b02f07b e-con-full e-flex e-con e-child\" data-id=\"2b02f07b\" data-element_type=\"container\" data-e-type=\"container\">\n\t\t\t\t<div class=\"elementor-element elementor-element-3784ca0f elementor-widget elementor-widget-image\" data-id=\"3784ca0f\" data-element_type=\"widget\" data-e-type=\"widget\" data-widget_type=\"image.default\">\n\t\t\t\t<div class=\"elementor-widget-container\">\n\t\t\t\t\t\t\t\t\t\t\t\t\t\t\t<img fetchpriority=\"high\" decoding=\"async\" width=\"800\" height=\"534\" src=\"https:\/\/welterbe-grumsin.de\/wp-content\/uploads\/2024\/09\/landkarte-deutschland-buchenwaelder.jpg\" class=\"attachment-large size-large wp-image-6104\" alt=\"\" srcset=\"https:\/\/welterbe-grumsin.de\/wp-content\/uploads\/2024\/09\/landkarte-deutschland-buchenwaelder.jpg 1024w, https:\/\/welterbe-grumsin.de\/wp-content\/uploads\/2024\/09\/landkarte-deutschland-buchenwaelder-300x200.jpg 300w, https:\/\/welterbe-grumsin.de\/wp-content\/uploads\/2024\/09\/landkarte-deutschland-buchenwaelder-768x512.jpg 768w\" sizes=\"(max-width: 800px) 100vw, 800px\" \/>\t\t\t\t\t\t\t\t\t\t\t\t\t\t\t<\/div>\n\t\t\t\t<\/div>\n\t\t\t\t<\/div>\n\t\t\t\t\t<\/div>\n\t\t\t\t<\/div>\n\t\t\t\t<\/div>\n\t\t","protected":false},"excerpt":{"rendered":"<p>Miejsce \u015bwiatowego dziedzictwa Buchenwald w Niemczech W Niemczech znajduje si\u0119 oko\u0142o 26% europejskich las\u00f3w bukowych, dzi\u0119ki czemu jest to kluczowy obszar dla tego gatunk\u00f3w drzew, doskonale czuj\u0105cego si\u0119 w umiarkowanym klimacie Europy \u015brodkowej. Liczne typy las\u00f3w bukowych dost\u0119pne s\u0105 wy\u0142\u0105cznie w Niemczech, reprezentuj\u0105c istotn\u0105 cz\u0119\u015b\u0107 biologicznego zr\u00f3\u017cnicowania landu. Przed 2000 lat buk by\u0142 dominuj\u0105cym gatunkiem [&hellip;]<\/p>\n","protected":false},"author":1,"featured_media":6014,"parent":0,"menu_order":0,"comment_status":"closed","ping_status":"closed","template":"","meta":{"_acf_changed":false,"inline_featured_image":false,"footnotes":""},"class_list":["post-7164","page","type-page","status-publish","has-post-thumbnail","hentry"],"acf":[],"yoast_head":"<!-- This site is optimized with the Yoast SEO plugin v27.5 - https:\/\/yoast.com\/product\/yoast-seo-wordpress\/ -->\n<title>Miejsce \u015bwiatowego dziedzictwa Buchenwald w Niemczech - Infopunkt Weltnaturerbe Brandenburgs UNESCO<\/title>\n<meta name=\"description\" content=\"Niemieckie podobszary \u015awiatowego Dziedzictwa &quot;Staro\u017cytne i pierwotne lasy bukowe Karpat i innych region\u00f3w Europy&quot;.\" \/>\n<meta name=\"robots\" content=\"index, follow, max-snippet:-1, max-image-preview:large, max-video-preview:-1\" \/>\n<link rel=\"canonical\" href=\"https:\/\/welterbe-grumsin.de\/pl\/miejsce-swiatowego-dziedzictwa-buchenwald-w-niemczech\/\" \/>\n<meta property=\"og:locale\" content=\"pl_PL\" \/>\n<meta property=\"og:type\" content=\"article\" \/>\n<meta property=\"og:title\" content=\"Miejsce \u015bwiatowego dziedzictwa Buchenwald w Niemczech - Infopunkt Weltnaturerbe Brandenburgs UNESCO\" \/>\n<meta property=\"og:description\" content=\"Niemieckie podobszary \u015awiatowego Dziedzictwa &quot;Staro\u017cytne i pierwotne lasy bukowe Karpat i innych region\u00f3w Europy&quot;.\" \/>\n<meta property=\"og:url\" content=\"https:\/\/welterbe-grumsin.de\/pl\/miejsce-swiatowego-dziedzictwa-buchenwald-w-niemczech\/\" \/>\n<meta property=\"og:site_name\" content=\"Infopunkt Weltnaturerbe Brandenburgs UNESCO\" \/>\n<meta property=\"article:modified_time\" content=\"2025-02-25T14:48:28+00:00\" \/>\n<meta property=\"og:image\" content=\"https:\/\/welterbe-grumsin.de\/wp-content\/uploads\/2024\/09\/weltnaturerbe-buchenwald-grumsin-beitragsbild.jpg\" \/>\n\t<meta property=\"og:image:width\" content=\"1024\" \/>\n\t<meta property=\"og:image:height\" content=\"683\" \/>\n\t<meta property=\"og:image:type\" content=\"image\/jpeg\" \/>\n<meta name=\"twitter:card\" content=\"summary_large_image\" \/>\n<meta name=\"twitter:label1\" content=\"Szacowany czas czytania\" \/>\n\t<meta name=\"twitter:data1\" content=\"1 minuta\" \/>\n<script type=\"application\/ld+json\" class=\"yoast-schema-graph\">{\"@context\":\"https:\\\/\\\/schema.org\",\"@graph\":[{\"@type\":\"WebPage\",\"@id\":\"https:\\\/\\\/welterbe-grumsin.de\\\/pl\\\/miejsce-swiatowego-dziedzictwa-buchenwald-w-niemczech\\\/\",\"url\":\"https:\\\/\\\/welterbe-grumsin.de\\\/pl\\\/miejsce-swiatowego-dziedzictwa-buchenwald-w-niemczech\\\/\",\"name\":\"Miejsce \u015bwiatowego dziedzictwa Buchenwald w Niemczech - Infopunkt Weltnaturerbe Brandenburgs UNESCO\",\"isPartOf\":{\"@id\":\"https:\\\/\\\/welterbe-grumsin.de\\\/pl\\\/#website\"},\"primaryImageOfPage\":{\"@id\":\"https:\\\/\\\/welterbe-grumsin.de\\\/pl\\\/miejsce-swiatowego-dziedzictwa-buchenwald-w-niemczech\\\/#primaryimage\"},\"image\":{\"@id\":\"https:\\\/\\\/welterbe-grumsin.de\\\/pl\\\/miejsce-swiatowego-dziedzictwa-buchenwald-w-niemczech\\\/#primaryimage\"},\"thumbnailUrl\":\"https:\\\/\\\/welterbe-grumsin.de\\\/wp-content\\\/uploads\\\/2024\\\/09\\\/weltnaturerbe-buchenwald-grumsin-beitragsbild.jpg\",\"datePublished\":\"2024-06-19T03:52:06+00:00\",\"dateModified\":\"2025-02-25T14:48:28+00:00\",\"description\":\"Niemieckie podobszary \u015awiatowego Dziedzictwa \\\"Staro\u017cytne i pierwotne lasy bukowe Karpat i innych region\u00f3w Europy\\\".\",\"breadcrumb\":{\"@id\":\"https:\\\/\\\/welterbe-grumsin.de\\\/pl\\\/miejsce-swiatowego-dziedzictwa-buchenwald-w-niemczech\\\/#breadcrumb\"},\"inLanguage\":\"pl-PL\",\"potentialAction\":[{\"@type\":\"ReadAction\",\"target\":[\"https:\\\/\\\/welterbe-grumsin.de\\\/pl\\\/miejsce-swiatowego-dziedzictwa-buchenwald-w-niemczech\\\/\"]}]},{\"@type\":\"ImageObject\",\"inLanguage\":\"pl-PL\",\"@id\":\"https:\\\/\\\/welterbe-grumsin.de\\\/pl\\\/miejsce-swiatowego-dziedzictwa-buchenwald-w-niemczech\\\/#primaryimage\",\"url\":\"https:\\\/\\\/welterbe-grumsin.de\\\/wp-content\\\/uploads\\\/2024\\\/09\\\/weltnaturerbe-buchenwald-grumsin-beitragsbild.jpg\",\"contentUrl\":\"https:\\\/\\\/welterbe-grumsin.de\\\/wp-content\\\/uploads\\\/2024\\\/09\\\/weltnaturerbe-buchenwald-grumsin-beitragsbild.jpg\",\"width\":1024,\"height\":683,\"caption\":\"Quelle: Helen M\u00fcnnich\"},{\"@type\":\"BreadcrumbList\",\"@id\":\"https:\\\/\\\/welterbe-grumsin.de\\\/pl\\\/miejsce-swiatowego-dziedzictwa-buchenwald-w-niemczech\\\/#breadcrumb\",\"itemListElement\":[{\"@type\":\"ListItem\",\"position\":1,\"name\":\"Startseite\",\"item\":\"https:\\\/\\\/welterbe-grumsin.de\\\/pl\\\/strona-glowna\\\/\"},{\"@type\":\"ListItem\",\"position\":2,\"name\":\"Miejsce \u015bwiatowego dziedzictwa Buchenwald w Niemczech\"}]},{\"@type\":\"WebSite\",\"@id\":\"https:\\\/\\\/welterbe-grumsin.de\\\/pl\\\/#website\",\"url\":\"https:\\\/\\\/welterbe-grumsin.de\\\/pl\\\/\",\"name\":\"welterbe-grumsin\",\"description\":\"Buchenwald Grumsin - Brandenburgs einziges UNESCO-Weltnaturerbe\",\"publisher\":{\"@id\":\"https:\\\/\\\/welterbe-grumsin.de\\\/pl\\\/#organization\"},\"potentialAction\":[{\"@type\":\"SearchAction\",\"target\":{\"@type\":\"EntryPoint\",\"urlTemplate\":\"https:\\\/\\\/welterbe-grumsin.de\\\/pl\\\/?s={search_term_string}\"},\"query-input\":{\"@type\":\"PropertyValueSpecification\",\"valueRequired\":true,\"valueName\":\"search_term_string\"}}],\"inLanguage\":\"pl-PL\"},{\"@type\":\"Organization\",\"@id\":\"https:\\\/\\\/welterbe-grumsin.de\\\/pl\\\/#organization\",\"name\":\"Infopunkt Weltnaturerbe Brandenburgs UNESCO\",\"url\":\"https:\\\/\\\/welterbe-grumsin.de\\\/pl\\\/\",\"logo\":{\"@type\":\"ImageObject\",\"inLanguage\":\"pl-PL\",\"@id\":\"https:\\\/\\\/welterbe-grumsin.de\\\/pl\\\/#\\\/schema\\\/logo\\\/image\\\/\",\"url\":\"https:\\\/\\\/welterbe-grumsin.de\\\/wp-content\\\/uploads\\\/2024\\\/06\\\/weltnaturerbe_logo.svg\",\"contentUrl\":\"https:\\\/\\\/welterbe-grumsin.de\\\/wp-content\\\/uploads\\\/2024\\\/06\\\/weltnaturerbe_logo.svg\",\"width\":204,\"height\":273,\"caption\":\"Infopunkt Weltnaturerbe Brandenburgs UNESCO\"},\"image\":{\"@id\":\"https:\\\/\\\/welterbe-grumsin.de\\\/pl\\\/#\\\/schema\\\/logo\\\/image\\\/\"}}]}<\/script>\n<!-- \/ Yoast SEO plugin. -->","yoast_head_json":{"title":"Miejsce \u015bwiatowego dziedzictwa Buchenwald w Niemczech - Infopunkt Weltnaturerbe Brandenburgs UNESCO","description":"Niemieckie podobszary \u015awiatowego Dziedzictwa \"Staro\u017cytne i pierwotne lasy bukowe Karpat i innych region\u00f3w Europy\".","robots":{"index":"index","follow":"follow","max-snippet":"max-snippet:-1","max-image-preview":"max-image-preview:large","max-video-preview":"max-video-preview:-1"},"canonical":"https:\/\/welterbe-grumsin.de\/pl\/miejsce-swiatowego-dziedzictwa-buchenwald-w-niemczech\/","og_locale":"pl_PL","og_type":"article","og_title":"Miejsce \u015bwiatowego dziedzictwa Buchenwald w Niemczech - Infopunkt Weltnaturerbe Brandenburgs UNESCO","og_description":"Niemieckie podobszary \u015awiatowego Dziedzictwa \"Staro\u017cytne i pierwotne lasy bukowe Karpat i innych region\u00f3w Europy\".","og_url":"https:\/\/welterbe-grumsin.de\/pl\/miejsce-swiatowego-dziedzictwa-buchenwald-w-niemczech\/","og_site_name":"Infopunkt Weltnaturerbe Brandenburgs UNESCO","article_modified_time":"2025-02-25T14:48:28+00:00","og_image":[{"width":1024,"height":683,"url":"https:\/\/welterbe-grumsin.de\/wp-content\/uploads\/2024\/09\/weltnaturerbe-buchenwald-grumsin-beitragsbild.jpg","type":"image\/jpeg"}],"twitter_card":"summary_large_image","twitter_misc":{"Szacowany czas czytania":"1 minuta"},"schema":{"@context":"https:\/\/schema.org","@graph":[{"@type":"WebPage","@id":"https:\/\/welterbe-grumsin.de\/pl\/miejsce-swiatowego-dziedzictwa-buchenwald-w-niemczech\/","url":"https:\/\/welterbe-grumsin.de\/pl\/miejsce-swiatowego-dziedzictwa-buchenwald-w-niemczech\/","name":"Miejsce \u015bwiatowego dziedzictwa Buchenwald w Niemczech - Infopunkt Weltnaturerbe Brandenburgs UNESCO","isPartOf":{"@id":"https:\/\/welterbe-grumsin.de\/pl\/#website"},"primaryImageOfPage":{"@id":"https:\/\/welterbe-grumsin.de\/pl\/miejsce-swiatowego-dziedzictwa-buchenwald-w-niemczech\/#primaryimage"},"image":{"@id":"https:\/\/welterbe-grumsin.de\/pl\/miejsce-swiatowego-dziedzictwa-buchenwald-w-niemczech\/#primaryimage"},"thumbnailUrl":"https:\/\/welterbe-grumsin.de\/wp-content\/uploads\/2024\/09\/weltnaturerbe-buchenwald-grumsin-beitragsbild.jpg","datePublished":"2024-06-19T03:52:06+00:00","dateModified":"2025-02-25T14:48:28+00:00","description":"Niemieckie podobszary \u015awiatowego Dziedzictwa \"Staro\u017cytne i pierwotne lasy bukowe Karpat i innych region\u00f3w Europy\".","breadcrumb":{"@id":"https:\/\/welterbe-grumsin.de\/pl\/miejsce-swiatowego-dziedzictwa-buchenwald-w-niemczech\/#breadcrumb"},"inLanguage":"pl-PL","potentialAction":[{"@type":"ReadAction","target":["https:\/\/welterbe-grumsin.de\/pl\/miejsce-swiatowego-dziedzictwa-buchenwald-w-niemczech\/"]}]},{"@type":"ImageObject","inLanguage":"pl-PL","@id":"https:\/\/welterbe-grumsin.de\/pl\/miejsce-swiatowego-dziedzictwa-buchenwald-w-niemczech\/#primaryimage","url":"https:\/\/welterbe-grumsin.de\/wp-content\/uploads\/2024\/09\/weltnaturerbe-buchenwald-grumsin-beitragsbild.jpg","contentUrl":"https:\/\/welterbe-grumsin.de\/wp-content\/uploads\/2024\/09\/weltnaturerbe-buchenwald-grumsin-beitragsbild.jpg","width":1024,"height":683,"caption":"Quelle: Helen M\u00fcnnich"},{"@type":"BreadcrumbList","@id":"https:\/\/welterbe-grumsin.de\/pl\/miejsce-swiatowego-dziedzictwa-buchenwald-w-niemczech\/#breadcrumb","itemListElement":[{"@type":"ListItem","position":1,"name":"Startseite","item":"https:\/\/welterbe-grumsin.de\/pl\/strona-glowna\/"},{"@type":"ListItem","position":2,"name":"Miejsce \u015bwiatowego dziedzictwa Buchenwald w Niemczech"}]},{"@type":"WebSite","@id":"https:\/\/welterbe-grumsin.de\/pl\/#website","url":"https:\/\/welterbe-grumsin.de\/pl\/","name":"welterbe-grumsin","description":"Buchenwald Grumsin - Brandenburgs einziges UNESCO-Weltnaturerbe","publisher":{"@id":"https:\/\/welterbe-grumsin.de\/pl\/#organization"},"potentialAction":[{"@type":"SearchAction","target":{"@type":"EntryPoint","urlTemplate":"https:\/\/welterbe-grumsin.de\/pl\/?s={search_term_string}"},"query-input":{"@type":"PropertyValueSpecification","valueRequired":true,"valueName":"search_term_string"}}],"inLanguage":"pl-PL"},{"@type":"Organization","@id":"https:\/\/welterbe-grumsin.de\/pl\/#organization","name":"Infopunkt Weltnaturerbe Brandenburgs UNESCO","url":"https:\/\/welterbe-grumsin.de\/pl\/","logo":{"@type":"ImageObject","inLanguage":"pl-PL","@id":"https:\/\/welterbe-grumsin.de\/pl\/#\/schema\/logo\/image\/","url":"https:\/\/welterbe-grumsin.de\/wp-content\/uploads\/2024\/06\/weltnaturerbe_logo.svg","contentUrl":"https:\/\/welterbe-grumsin.de\/wp-content\/uploads\/2024\/06\/weltnaturerbe_logo.svg","width":204,"height":273,"caption":"Infopunkt Weltnaturerbe Brandenburgs UNESCO"},"image":{"@id":"https:\/\/welterbe-grumsin.de\/pl\/#\/schema\/logo\/image\/"}}]}},"_links":{"self":[{"href":"https:\/\/welterbe-grumsin.de\/pl\/wp-json\/wp\/v2\/pages\/7164","targetHints":{"allow":["GET"]}}],"collection":[{"href":"https:\/\/welterbe-grumsin.de\/pl\/wp-json\/wp\/v2\/pages"}],"about":[{"href":"https:\/\/welterbe-grumsin.de\/pl\/wp-json\/wp\/v2\/types\/page"}],"author":[{"embeddable":true,"href":"https:\/\/welterbe-grumsin.de\/pl\/wp-json\/wp\/v2\/users\/1"}],"replies":[{"embeddable":true,"href":"https:\/\/welterbe-grumsin.de\/pl\/wp-json\/wp\/v2\/comments?post=7164"}],"version-history":[{"count":1,"href":"https:\/\/welterbe-grumsin.de\/pl\/wp-json\/wp\/v2\/pages\/7164\/revisions"}],"predecessor-version":[{"id":7166,"href":"https:\/\/welterbe-grumsin.de\/pl\/wp-json\/wp\/v2\/pages\/7164\/revisions\/7166"}],"wp:featuredmedia":[{"embeddable":true,"href":"https:\/\/welterbe-grumsin.de\/pl\/wp-json\/wp\/v2\/media\/6014"}],"wp:attachment":[{"href":"https:\/\/welterbe-grumsin.de\/pl\/wp-json\/wp\/v2\/media?parent=7164"}],"curies":[{"name":"wp","href":"https:\/\/api.w.org\/{rel}","templated":true}]}}