{"id":8191,"date":"2025-12-01T09:39:53","date_gmt":"2025-12-01T08:39:53","guid":{"rendered":"https:\/\/welterbe-grumsin.de\/darmowy-geocaching\/"},"modified":"2025-12-08T08:50:31","modified_gmt":"2025-12-08T07:50:31","slug":"darmowy-geocaching","status":"publish","type":"page","link":"https:\/\/welterbe-grumsin.de\/pl\/darmowy-geocaching\/","title":{"rendered":"Bezp\u0142atny geocaching w lesie miejskim Angerm\u00fcnde"},"content":{"rendered":"\t\t<div data-elementor-type=\"wp-page\" data-elementor-id=\"8191\" class=\"elementor elementor-8191 elementor-8155\" data-elementor-post-type=\"page\">\n\t\t\t\t<div class=\"elementor-element elementor-element-00b9a4d e-flex e-con-boxed e-con e-parent\" data-id=\"00b9a4d\" data-element_type=\"container\" data-e-type=\"container\">\n\t\t\t\t\t<div class=\"e-con-inner\">\n\t\t\t\t<div class=\"elementor-element elementor-element-e47c75f elementor-widget elementor-widget-heading\" data-id=\"e47c75f\" data-element_type=\"widget\" data-e-type=\"widget\" data-widget_type=\"heading.default\">\n\t\t\t\t<div class=\"elementor-widget-container\">\n\t\t\t\t\t<h2 class=\"elementor-heading-title elementor-size-default\">Wycieczka geocachingowa \"8 skarb\u00f3w lasu miejskiego\"<\/h2>\t\t\t\t<\/div>\n\t\t\t\t<\/div>\n\t\t\t\t\t<\/div>\n\t\t\t\t<\/div>\n\t\t<div class=\"elementor-element elementor-element-7d09cb3 e-flex e-con-boxed e-con e-parent\" data-id=\"7d09cb3\" data-element_type=\"container\" data-e-type=\"container\">\n\t\t\t\t\t<div class=\"e-con-inner\">\n\t\t\t\t<div class=\"elementor-element elementor-element-adb2364 elementor-widget elementor-widget-image\" data-id=\"adb2364\" data-element_type=\"widget\" data-e-type=\"widget\" data-widget_type=\"image.default\">\n\t\t\t\t<div class=\"elementor-widget-container\">\n\t\t\t\t\t\t\t\t\t\t\t\t\t\t\t<img fetchpriority=\"high\" decoding=\"async\" width=\"800\" height=\"600\" src=\"https:\/\/welterbe-grumsin.de\/wp-content\/uploads\/2025\/12\/IMG_20250922_082304-1024x768.jpg\" class=\"attachment-large size-large wp-image-8158\" alt=\"Punkt startowy geocachingu w Brandenburgii z dzie\u0107mi Wycieczka geocachingowa\" srcset=\"https:\/\/welterbe-grumsin.de\/wp-content\/uploads\/2025\/12\/IMG_20250922_082304-1024x768.jpg 1024w, https:\/\/welterbe-grumsin.de\/wp-content\/uploads\/2025\/12\/IMG_20250922_082304-300x225.jpg 300w, https:\/\/welterbe-grumsin.de\/wp-content\/uploads\/2025\/12\/IMG_20250922_082304-768x576.jpg 768w, https:\/\/welterbe-grumsin.de\/wp-content\/uploads\/2025\/12\/IMG_20250922_082304-1536x1152.jpg 1536w, https:\/\/welterbe-grumsin.de\/wp-content\/uploads\/2025\/12\/IMG_20250922_082304.jpg 1920w\" sizes=\"(max-width: 800px) 100vw, 800px\" \/>\t\t\t\t\t\t\t\t\t\t\t\t\t\t\t<\/div>\n\t\t\t\t<\/div>\n\t\t\t\t<div class=\"elementor-element elementor-element-ea846d6 elementor-widget elementor-widget-text-editor\" data-id=\"ea846d6\" data-element_type=\"widget\" data-e-type=\"widget\" data-widget_type=\"text-editor.default\">\n\t\t\t\t<div class=\"elementor-widget-container\">\n\t\t\t\t\t\t\t\t\t<p><strong>Zapraszamy na wycieczk\u0119 geocachingow\u0105 &#8222;Osiem skarb\u00f3w lasu miejskiego&#8221; w lesie miejskim Angerm\u00fcnde!<\/strong><\/p>\n<p>Osiem stacji z podchwytliwymi pytaniami i ekscytuj\u0105cymi zadaniami czeka na Ciebie na okr\u0119\u017cnej trasie o d\u0142ugo\u015bci oko\u0142o 2 kilometr\u00f3w.<br>Dowiesz si\u0119 w zabawny spos\u00f3b, dlaczego las jest tak wa\u017cny dla nas, ludzi.<\/p>\n<p>Dzia\u0142a to w nast\u0119puj\u0105cy spos\u00f3b:<\/p>\n<ul>\n<li>Wycieczka jest otwarta od marca do pa\u017adziernika.<\/li>\n<li>Wprowad\u017a nast\u0119puj\u0105ce wsp\u00f3\u0142rz\u0119dne pocz\u0105tkowe do urz\u0105dzenia GPS lub telefonu kom\u00f3rkowego: 53.017050 N, 13.942205 E<\/li>\n<li>Wybierz tras\u0119 A &#8211; post\u0119puj zgodnie z instrukcjami na tej trasie.<\/li>\n<li>Trasa B jest przeznaczona dla klas szkolnych podr\u00f3\u017cuj\u0105cych z kilkoma grupami jednocze\u015bnie.<\/li>\n<\/ul>\n<p><strong>&nbsp;<\/strong><\/p>\n<p><strong>Wskaz\u00f3wka<\/strong>:<\/p>\n<p>Wsp\u00f3\u0142rz\u0119dne GPS w lesie nie zawsze s\u0105 dok\u0142adne. Dlatego nale\u017cy r\u00f3wnie\u017c szuka\u0107 dobrych kryj\u00f3wek. Kryj\u00f3wki znajduj\u0105 si\u0119 zwykle tu\u017c przy \u015bcie\u017cce, w odleg\u0142o\u015bci nie wi\u0119kszej ni\u017c 5-8 metr\u00f3w. Poszukaj ma\u0142ej zielonej rurki (petling) z nast\u0119pn\u0105 wskaz\u00f3wk\u0105.   <\/p>\n<p><strong>Uwaga dla uczestnik\u00f3w:<\/strong><\/p>\n<p>Udzia\u0142 w wycieczce geocachingowej odbywa si\u0119 na w\u0142asne ryzyko. Nale\u017cy zwraca\u0107 uwag\u0119 na otoczenie i innych ludzi, nosi\u0107 solidne obuwie i zachowa\u0107 ostro\u017cno\u015b\u0107. Prosimy o pozostawienie znalezionych skrytek na miejscu, aby inne grupy r\u00f3wnie\u017c mog\u0142y wzi\u0105\u0107 udzia\u0142 w wycieczce po Tobie. Miasto Angerm\u00fcnde nie ponosi odpowiedzialno\u015bci za wypadki lub szkody.   <\/p>\n<p>Klasy szkolne mog\u0105 zapyta\u0107 o wycieczk\u0119 po mie\u015bcie Angerm\u00fcnde. Prosimy o kontakt z Maren Michaelsen: M.Michaelsen@angermuende.de.<\/p><p><b>Wa\u017cne:<\/b> Wycieczka geocachingowa jest obecnie dost\u0119pna tylko w j\u0119zyku niemieckim! Wci\u0105\u017c pracujemy nad t\u0142umaczeniem na j\u0119zyk angielski. <\/p>\n<p><strong>Uwaga dla odwiedzaj\u0105cych las:<\/strong><\/p>\n<p>Poni\u017csze zasady obowi\u0105zuj\u0105 r\u00f3wnie\u017c poza wycieczk\u0105 geocachingow\u0105: eksplorujesz las na w\u0142asne ryzyko &#8211; miasto Angerm\u00fcnde nie ponosi \u017cadnej odpowiedzialno\u015bci. Uwa\u017caj na siebie i traktuj przyrod\u0119 z szacunkiem. <\/p>\t\t\t\t\t\t\t\t<\/div>\n\t\t\t\t<\/div>\n\t\t\t\t\t<\/div>\n\t\t\t\t<\/div>\n\t\t<div class=\"elementor-element elementor-element-64f2c55 e-flex e-con-boxed e-con e-parent\" data-id=\"64f2c55\" data-element_type=\"container\" data-e-type=\"container\">\n\t\t\t\t\t<div class=\"e-con-inner\">\n\t\t\t\t\t<\/div>\n\t\t\t\t<\/div>\n\t\t\t\t<\/div>\n\t\t","protected":false},"excerpt":{"rendered":"<p>Wycieczka geocachingowa &#8222;8 skarb\u00f3w lasu miejskiego&#8221; Zapraszamy na wycieczk\u0119 geocachingow\u0105 &#8222;Osiem skarb\u00f3w lasu miejskiego&#8221; w lesie miejskim Angerm\u00fcnde! Osiem stacji z podchwytliwymi pytaniami i ekscytuj\u0105cymi zadaniami czeka na Ciebie na okr\u0119\u017cnej trasie o d\u0142ugo\u015bci oko\u0142o 2 kilometr\u00f3w.Dowiesz si\u0119 w zabawny spos\u00f3b, dlaczego las jest tak wa\u017cny dla nas, ludzi. Dzia\u0142a to w nast\u0119puj\u0105cy spos\u00f3b: Wycieczka [&hellip;]<\/p>\n","protected":false},"author":2,"featured_media":0,"parent":0,"menu_order":0,"comment_status":"closed","ping_status":"closed","template":"","meta":{"_acf_changed":false,"inline_featured_image":false,"footnotes":""},"class_list":["post-8191","page","type-page","status-publish","hentry"],"acf":[],"yoast_head":"<!-- This site is optimized with the Yoast SEO plugin v27.5 - https:\/\/yoast.com\/product\/yoast-seo-wordpress\/ -->\n<title>Bezp\u0142atny geocaching w lesie miejskim Angerm\u00fcnde - Infopunkt Weltnaturerbe Brandenburgs UNESCO<\/title>\n<meta name=\"description\" content=\"Bezp\u0142atny geoaching w brandenburskim Angerm\u00fcnde. Wycieczka dla dzieci i doros\u0142ych w lesie miejskim Angerm\u00fcnde\" \/>\n<meta name=\"robots\" content=\"index, follow, max-snippet:-1, max-image-preview:large, max-video-preview:-1\" \/>\n<link rel=\"canonical\" href=\"https:\/\/welterbe-grumsin.de\/pl\/darmowy-geocaching\/\" \/>\n<meta property=\"og:locale\" content=\"pl_PL\" \/>\n<meta property=\"og:type\" content=\"article\" \/>\n<meta property=\"og:title\" content=\"Bezp\u0142atny geocaching w lesie miejskim Angerm\u00fcnde - Infopunkt Weltnaturerbe Brandenburgs UNESCO\" \/>\n<meta property=\"og:description\" content=\"Bezp\u0142atny geoaching w brandenburskim Angerm\u00fcnde. Wycieczka dla dzieci i doros\u0142ych w lesie miejskim Angerm\u00fcnde\" \/>\n<meta property=\"og:url\" content=\"https:\/\/welterbe-grumsin.de\/pl\/darmowy-geocaching\/\" \/>\n<meta property=\"og:site_name\" content=\"Infopunkt Weltnaturerbe Brandenburgs UNESCO\" \/>\n<meta property=\"article:modified_time\" content=\"2025-12-08T07:50:31+00:00\" \/>\n<meta property=\"og:image\" content=\"https:\/\/welterbe-grumsin.de\/wp-content\/uploads\/2025\/12\/IMG_20250922_082304.jpg\" \/>\n\t<meta property=\"og:image:width\" content=\"1920\" \/>\n\t<meta property=\"og:image:height\" content=\"1440\" \/>\n\t<meta property=\"og:image:type\" content=\"image\/jpeg\" \/>\n<meta name=\"twitter:card\" content=\"summary_large_image\" \/>\n<meta name=\"twitter:label1\" content=\"Szacowany czas czytania\" \/>\n\t<meta name=\"twitter:data1\" content=\"2 minuty\" \/>\n<script type=\"application\/ld+json\" class=\"yoast-schema-graph\">{\"@context\":\"https:\\\/\\\/schema.org\",\"@graph\":[{\"@type\":\"WebPage\",\"@id\":\"https:\\\/\\\/welterbe-grumsin.de\\\/pl\\\/darmowy-geocaching\\\/\",\"url\":\"https:\\\/\\\/welterbe-grumsin.de\\\/pl\\\/darmowy-geocaching\\\/\",\"name\":\"Bezp\u0142atny geocaching w lesie miejskim Angerm\u00fcnde - Infopunkt Weltnaturerbe Brandenburgs UNESCO\",\"isPartOf\":{\"@id\":\"https:\\\/\\\/welterbe-grumsin.de\\\/pl\\\/#website\"},\"primaryImageOfPage\":{\"@id\":\"https:\\\/\\\/welterbe-grumsin.de\\\/pl\\\/darmowy-geocaching\\\/#primaryimage\"},\"image\":{\"@id\":\"https:\\\/\\\/welterbe-grumsin.de\\\/pl\\\/darmowy-geocaching\\\/#primaryimage\"},\"thumbnailUrl\":\"https:\\\/\\\/welterbe-grumsin.de\\\/wp-content\\\/uploads\\\/2025\\\/12\\\/IMG_20250922_082304-1024x768.jpg\",\"datePublished\":\"2025-12-01T08:39:53+00:00\",\"dateModified\":\"2025-12-08T07:50:31+00:00\",\"description\":\"Bezp\u0142atny geoaching w brandenburskim Angerm\u00fcnde. Wycieczka dla dzieci i doros\u0142ych w lesie miejskim Angerm\u00fcnde\",\"breadcrumb\":{\"@id\":\"https:\\\/\\\/welterbe-grumsin.de\\\/pl\\\/darmowy-geocaching\\\/#breadcrumb\"},\"inLanguage\":\"pl-PL\",\"potentialAction\":[{\"@type\":\"ReadAction\",\"target\":[\"https:\\\/\\\/welterbe-grumsin.de\\\/pl\\\/darmowy-geocaching\\\/\"]}]},{\"@type\":\"ImageObject\",\"inLanguage\":\"pl-PL\",\"@id\":\"https:\\\/\\\/welterbe-grumsin.de\\\/pl\\\/darmowy-geocaching\\\/#primaryimage\",\"url\":\"https:\\\/\\\/welterbe-grumsin.de\\\/wp-content\\\/uploads\\\/2025\\\/12\\\/IMG_20250922_082304-1024x768.jpg\",\"contentUrl\":\"https:\\\/\\\/welterbe-grumsin.de\\\/wp-content\\\/uploads\\\/2025\\\/12\\\/IMG_20250922_082304-1024x768.jpg\"},{\"@type\":\"BreadcrumbList\",\"@id\":\"https:\\\/\\\/welterbe-grumsin.de\\\/pl\\\/darmowy-geocaching\\\/#breadcrumb\",\"itemListElement\":[{\"@type\":\"ListItem\",\"position\":1,\"name\":\"Startseite\",\"item\":\"https:\\\/\\\/welterbe-grumsin.de\\\/pl\\\/strona-glowna\\\/\"},{\"@type\":\"ListItem\",\"position\":2,\"name\":\"Bezp\u0142atny geocaching w lesie miejskim Angerm\u00fcnde\"}]},{\"@type\":\"WebSite\",\"@id\":\"https:\\\/\\\/welterbe-grumsin.de\\\/pl\\\/#website\",\"url\":\"https:\\\/\\\/welterbe-grumsin.de\\\/pl\\\/\",\"name\":\"welterbe-grumsin\",\"description\":\"Buchenwald Grumsin - Brandenburgs einziges UNESCO-Weltnaturerbe\",\"publisher\":{\"@id\":\"https:\\\/\\\/welterbe-grumsin.de\\\/pl\\\/#organization\"},\"potentialAction\":[{\"@type\":\"SearchAction\",\"target\":{\"@type\":\"EntryPoint\",\"urlTemplate\":\"https:\\\/\\\/welterbe-grumsin.de\\\/pl\\\/?s={search_term_string}\"},\"query-input\":{\"@type\":\"PropertyValueSpecification\",\"valueRequired\":true,\"valueName\":\"search_term_string\"}}],\"inLanguage\":\"pl-PL\"},{\"@type\":\"Organization\",\"@id\":\"https:\\\/\\\/welterbe-grumsin.de\\\/pl\\\/#organization\",\"name\":\"Infopunkt Weltnaturerbe Brandenburgs UNESCO\",\"url\":\"https:\\\/\\\/welterbe-grumsin.de\\\/pl\\\/\",\"logo\":{\"@type\":\"ImageObject\",\"inLanguage\":\"pl-PL\",\"@id\":\"https:\\\/\\\/welterbe-grumsin.de\\\/pl\\\/#\\\/schema\\\/logo\\\/image\\\/\",\"url\":\"https:\\\/\\\/welterbe-grumsin.de\\\/wp-content\\\/uploads\\\/2024\\\/06\\\/weltnaturerbe_logo.svg\",\"contentUrl\":\"https:\\\/\\\/welterbe-grumsin.de\\\/wp-content\\\/uploads\\\/2024\\\/06\\\/weltnaturerbe_logo.svg\",\"width\":204,\"height\":273,\"caption\":\"Infopunkt Weltnaturerbe Brandenburgs UNESCO\"},\"image\":{\"@id\":\"https:\\\/\\\/welterbe-grumsin.de\\\/pl\\\/#\\\/schema\\\/logo\\\/image\\\/\"}}]}<\/script>\n<!-- \/ Yoast SEO plugin. -->","yoast_head_json":{"title":"Bezp\u0142atny geocaching w lesie miejskim Angerm\u00fcnde - Infopunkt Weltnaturerbe Brandenburgs UNESCO","description":"Bezp\u0142atny geoaching w brandenburskim Angerm\u00fcnde. Wycieczka dla dzieci i doros\u0142ych w lesie miejskim Angerm\u00fcnde","robots":{"index":"index","follow":"follow","max-snippet":"max-snippet:-1","max-image-preview":"max-image-preview:large","max-video-preview":"max-video-preview:-1"},"canonical":"https:\/\/welterbe-grumsin.de\/pl\/darmowy-geocaching\/","og_locale":"pl_PL","og_type":"article","og_title":"Bezp\u0142atny geocaching w lesie miejskim Angerm\u00fcnde - Infopunkt Weltnaturerbe Brandenburgs UNESCO","og_description":"Bezp\u0142atny geoaching w brandenburskim Angerm\u00fcnde. Wycieczka dla dzieci i doros\u0142ych w lesie miejskim Angerm\u00fcnde","og_url":"https:\/\/welterbe-grumsin.de\/pl\/darmowy-geocaching\/","og_site_name":"Infopunkt Weltnaturerbe Brandenburgs UNESCO","article_modified_time":"2025-12-08T07:50:31+00:00","og_image":[{"width":1920,"height":1440,"url":"https:\/\/welterbe-grumsin.de\/wp-content\/uploads\/2025\/12\/IMG_20250922_082304.jpg","type":"image\/jpeg"}],"twitter_card":"summary_large_image","twitter_misc":{"Szacowany czas czytania":"2 minuty"},"schema":{"@context":"https:\/\/schema.org","@graph":[{"@type":"WebPage","@id":"https:\/\/welterbe-grumsin.de\/pl\/darmowy-geocaching\/","url":"https:\/\/welterbe-grumsin.de\/pl\/darmowy-geocaching\/","name":"Bezp\u0142atny geocaching w lesie miejskim Angerm\u00fcnde - Infopunkt Weltnaturerbe Brandenburgs UNESCO","isPartOf":{"@id":"https:\/\/welterbe-grumsin.de\/pl\/#website"},"primaryImageOfPage":{"@id":"https:\/\/welterbe-grumsin.de\/pl\/darmowy-geocaching\/#primaryimage"},"image":{"@id":"https:\/\/welterbe-grumsin.de\/pl\/darmowy-geocaching\/#primaryimage"},"thumbnailUrl":"https:\/\/welterbe-grumsin.de\/wp-content\/uploads\/2025\/12\/IMG_20250922_082304-1024x768.jpg","datePublished":"2025-12-01T08:39:53+00:00","dateModified":"2025-12-08T07:50:31+00:00","description":"Bezp\u0142atny geoaching w brandenburskim Angerm\u00fcnde. Wycieczka dla dzieci i doros\u0142ych w lesie miejskim Angerm\u00fcnde","breadcrumb":{"@id":"https:\/\/welterbe-grumsin.de\/pl\/darmowy-geocaching\/#breadcrumb"},"inLanguage":"pl-PL","potentialAction":[{"@type":"ReadAction","target":["https:\/\/welterbe-grumsin.de\/pl\/darmowy-geocaching\/"]}]},{"@type":"ImageObject","inLanguage":"pl-PL","@id":"https:\/\/welterbe-grumsin.de\/pl\/darmowy-geocaching\/#primaryimage","url":"https:\/\/welterbe-grumsin.de\/wp-content\/uploads\/2025\/12\/IMG_20250922_082304-1024x768.jpg","contentUrl":"https:\/\/welterbe-grumsin.de\/wp-content\/uploads\/2025\/12\/IMG_20250922_082304-1024x768.jpg"},{"@type":"BreadcrumbList","@id":"https:\/\/welterbe-grumsin.de\/pl\/darmowy-geocaching\/#breadcrumb","itemListElement":[{"@type":"ListItem","position":1,"name":"Startseite","item":"https:\/\/welterbe-grumsin.de\/pl\/strona-glowna\/"},{"@type":"ListItem","position":2,"name":"Bezp\u0142atny geocaching w lesie miejskim Angerm\u00fcnde"}]},{"@type":"WebSite","@id":"https:\/\/welterbe-grumsin.de\/pl\/#website","url":"https:\/\/welterbe-grumsin.de\/pl\/","name":"welterbe-grumsin","description":"Buchenwald Grumsin - Brandenburgs einziges UNESCO-Weltnaturerbe","publisher":{"@id":"https:\/\/welterbe-grumsin.de\/pl\/#organization"},"potentialAction":[{"@type":"SearchAction","target":{"@type":"EntryPoint","urlTemplate":"https:\/\/welterbe-grumsin.de\/pl\/?s={search_term_string}"},"query-input":{"@type":"PropertyValueSpecification","valueRequired":true,"valueName":"search_term_string"}}],"inLanguage":"pl-PL"},{"@type":"Organization","@id":"https:\/\/welterbe-grumsin.de\/pl\/#organization","name":"Infopunkt Weltnaturerbe Brandenburgs UNESCO","url":"https:\/\/welterbe-grumsin.de\/pl\/","logo":{"@type":"ImageObject","inLanguage":"pl-PL","@id":"https:\/\/welterbe-grumsin.de\/pl\/#\/schema\/logo\/image\/","url":"https:\/\/welterbe-grumsin.de\/wp-content\/uploads\/2024\/06\/weltnaturerbe_logo.svg","contentUrl":"https:\/\/welterbe-grumsin.de\/wp-content\/uploads\/2024\/06\/weltnaturerbe_logo.svg","width":204,"height":273,"caption":"Infopunkt Weltnaturerbe Brandenburgs UNESCO"},"image":{"@id":"https:\/\/welterbe-grumsin.de\/pl\/#\/schema\/logo\/image\/"}}]}},"_links":{"self":[{"href":"https:\/\/welterbe-grumsin.de\/pl\/wp-json\/wp\/v2\/pages\/8191","targetHints":{"allow":["GET"]}}],"collection":[{"href":"https:\/\/welterbe-grumsin.de\/pl\/wp-json\/wp\/v2\/pages"}],"about":[{"href":"https:\/\/welterbe-grumsin.de\/pl\/wp-json\/wp\/v2\/types\/page"}],"author":[{"embeddable":true,"href":"https:\/\/welterbe-grumsin.de\/pl\/wp-json\/wp\/v2\/users\/2"}],"replies":[{"embeddable":true,"href":"https:\/\/welterbe-grumsin.de\/pl\/wp-json\/wp\/v2\/comments?post=8191"}],"version-history":[{"count":7,"href":"https:\/\/welterbe-grumsin.de\/pl\/wp-json\/wp\/v2\/pages\/8191\/revisions"}],"predecessor-version":[{"id":8230,"href":"https:\/\/welterbe-grumsin.de\/pl\/wp-json\/wp\/v2\/pages\/8191\/revisions\/8230"}],"wp:attachment":[{"href":"https:\/\/welterbe-grumsin.de\/pl\/wp-json\/wp\/v2\/media?parent=8191"}],"curies":[{"name":"wp","href":"https:\/\/api.w.org\/{rel}","templated":true}]}}